{"id":21841,"date":"2024-11-18T12:45:18","date_gmt":"2024-11-18T12:45:18","guid":{"rendered":"https:\/\/flaxmanlaw.wpenginepowered.com\/pembroke-pines-mal-diseno-de-la-carretera-abogados-de-accidentes-de-trafico-del-condado-de-broward\/"},"modified":"2024-11-18T12:45:18","modified_gmt":"2024-11-18T12:45:18","slug":"pembroke-pines-mal-diseno-de-la-carretera-abogados-de-accidentes-de-trafico-del-condado-de-broward","status":"publish","type":"page","link":"https:\/\/flaxmanlaw.com\/es\/pembroke-pines-mal-diseno-de-la-carretera-abogados-de-accidentes-de-trafico-del-condado-de-broward\/","title":{"rendered":"Pembroke Pines Mal dise\u00f1o de la carretera | Abogados de accidentes de tr\u00e1fico del condado de Broward"},"content":{"rendered":"<div class=\"bodytext\">\n<h2>Pembroke Pines Mal dise\u00f1o de la carretera<\/h1><\/h2>\n<div class=\"description\">\n<p>Varios accidentes de tr\u00e1fico que se producen cada a\u00f1o en Pembroke Pines y en toda Florida se deben a un dise\u00f1o deficiente de las carreteras y a un mantenimiento inadecuado de las mismas. Cuando las ciudades no planifican cuidadosamente y contratan a los ingenieros y empresas de construcci\u00f3n adecuados, los residentes y visitantes pueden enfrentarse a puentes inseguros, baches, superficies irregulares, se\u00f1alizaci\u00f3n inadecuada y otros peligros viales que pueden provocar tragedias. <\/p>\n<p>Si usted ha sufrido un accidente automovil\u00edstico que cree que ha sido causado por un mal dise\u00f1o de la carretera, contacte de inmediato al Grupo Legal Flaxman. Nuestro equipo legal puede reunirse contigo en una revisi\u00f3n gratuita y sin compromiso de tu caso para hablar sobre tus opciones legales. <\/p>\n<p><strong class=\"heading4\">\u00bfQu\u00e9 debes hacer si has sufrido un accidente de tr\u00e1fico en Pembroke Pines o en tu comunidad?<\/strong><\/p>\n<p>Si has tenido un accidente de coche y crees que un mal dise\u00f1o de la carretera o los peligros de la calzada han desempe\u00f1ado un papel en el accidente, querr\u00e1s:<\/p>\n<p><strong>1) Consigue atenci\u00f3n m\u00e9dica inmediata.<\/strong>  Si has sufrido lesiones graves, es probable que te lleven r\u00e1pidamente del lugar del accidente al hospital para recibir tratamiento de urgencia. Sin embargo, aunque no parezcas tener s\u00edntomas de inmediato, es importante que te hagan una evaluaci\u00f3n m\u00e9dica completa de inmediato. Algunos pacientes con traumatismos craneoencef\u00e1licos en Florida no presentan s\u00edntomas de inmediato, pero siguen sufriendo lesiones cerebrales potencialmente mortales. Algunas lesiones de tejidos blandos y lesiones de espalda tambi\u00e9n pueden tardar alg\u00fan tiempo en desarrollar s\u00edntomas. Siempre es mejor pecar de precavido y someterse a una evaluaci\u00f3n m\u00e9dica para eliminar la posibilidad de una lesi\u00f3n potencialmente mortal.    <\/p>\n<p><strong>2) Consigue documentaci\u00f3n.<\/strong>  Si puedes, intercambia informaci\u00f3n de contacto con cualquier otra persona implicada en el accidente, haz fotograf\u00edas del estado o estados que causaron las lesiones o el accidente, y consigue cualquier otra prueba posible sobre tu caso. Por ejemplo, consigue copias de los historiales m\u00e9dicos o policiales si forman parte de tu demanda. Cuanta m\u00e1s informaci\u00f3n puedas aportar, m\u00e1s probable ser\u00e1 que tu abogado pueda construir un caso s\u00f3lido en tu favor. Si te llevan inmediatamente al hospital, por supuesto, es posible que no puedas obtener documentaci\u00f3n de inmediato. En este caso, es probable que tu abogado de lesiones personales inicie su propia investigaci\u00f3n sobre las condiciones de la carretera que pueden haber causado tu accidente y re\u00fana pruebas en tu favor.    <\/p>\n<p><strong>3) Denuncia el accidente y consulta inmediatamente a un abogado especializado en lesiones personales.<\/strong>  Puede que tengas que denunciar el accidente a las autoridades y querr\u00e1s alertar a tu compa\u00f1\u00eda de seguros sobre el accidente de inmediato para iniciar el proceso de reclamaci\u00f3n. Tambi\u00e9n querr\u00e1s consultar con un abogado de lesiones personales para averiguar qu\u00e9 opciones son posibles en tu caso. Despu\u00e9s de que hayas pasado por la evaluaci\u00f3n m\u00e9dica adecuada, un abogado de lesiones personales puede documentar adecuadamente los costes y probables costes futuros de tus lesiones. Un abogado de lesiones personales tambi\u00e9n puede trabajar con expertos en reconstrucci\u00f3n de accidentes, ingenieros y otros profesionales para construir un caso contra el gobierno o contra cualquier otra parte responsable en tu caso.   <\/p>\n<p>Si usted ha resultado lesionado en un accidente automovil\u00edstico en cualquier parte de Florida del Sur, <a href=\"contacta con nosotros.html\">contacte al Grupo Legal Flaxman<\/a> para una revisi\u00f3n de su caso gratuita y sin compromiso.<\/p>\n<\/p><\/div>\n<\/p><\/div>\n","protected":false},"excerpt":{"rendered":"<p>Sin honorarios a menos que ganemos. Llama al 866-352-9626 para una &#8230; <\/p>\n","protected":false},"author":3,"featured_media":0,"parent":0,"menu_order":0,"comment_status":"closed","ping_status":"closed","template":"template-practice-areas.php","meta":{"footnotes":""},"class_list":["post-21841","page","type-page","status-publish","hentry"],"featured_image_src":null,"featured_image_src_square":null,"_links":{"self":[{"href":"https:\/\/flaxmanlaw.com\/es\/wp-json\/wp\/v2\/pages\/21841","targetHints":{"allow":["GET"]}}],"collection":[{"href":"https:\/\/flaxmanlaw.com\/es\/wp-json\/wp\/v2\/pages"}],"about":[{"href":"https:\/\/flaxmanlaw.com\/es\/wp-json\/wp\/v2\/types\/page"}],"author":[{"embeddable":true,"href":"https:\/\/flaxmanlaw.com\/es\/wp-json\/wp\/v2\/users\/3"}],"replies":[{"embeddable":true,"href":"https:\/\/flaxmanlaw.com\/es\/wp-json\/wp\/v2\/comments?post=21841"}],"version-history":[{"count":0,"href":"https:\/\/flaxmanlaw.com\/es\/wp-json\/wp\/v2\/pages\/21841\/revisions"}],"wp:attachment":[{"href":"https:\/\/flaxmanlaw.com\/es\/wp-json\/wp\/v2\/media?parent=21841"}],"curies":[{"name":"wp","href":"https:\/\/api.w.org\/{rel}","templated":true}]}}