{"id":21843,"date":"2024-11-18T12:45:18","date_gmt":"2024-11-18T12:45:18","guid":{"rendered":"https:\/\/flaxmanlaw.wpenginepowered.com\/negligencia-fisica-en-pembroke-pines-abogados-de-abuso-de-ancianos-en-el-condado-de-broward\/"},"modified":"2024-11-18T12:45:18","modified_gmt":"2024-11-18T12:45:18","slug":"negligencia-fisica-en-pembroke-pines-abogados-de-abuso-de-ancianos-en-el-condado-de-broward","status":"publish","type":"page","link":"https:\/\/flaxmanlaw.com\/es\/negligencia-fisica-en-pembroke-pines-abogados-de-abuso-de-ancianos-en-el-condado-de-broward\/","title":{"rendered":"Negligencia F\u00edsica en Pembroke Pines | Abogados de Abuso de Ancianos en el Condado de Broward"},"content":{"rendered":"<div class=\"bodytext\">\n<h2>Negligencia f\u00edsica en Pembroke Pines<\/h1><\/h2>\n<div class=\"description\">\n<p>La negligencia f\u00edsica puede implicar cualquier situaci\u00f3n abusiva en la que no se proporciona a alguien que recibe cuidados las necesidades b\u00e1sicas necesarias para llevar una buena vida. Este tipo de maltrato puede producirse en residencias, residencias de ancianos, centros de atenci\u00f3n a la infancia, residencias asistidas y otros centros de atenci\u00f3n en los que un ni\u00f1o o adulto vulnerable necesita ayuda para obtener lo b\u00e1sico, como comida, agua, calefacci\u00f3n, alojamiento y otras necesidades. <\/p>\n<p>El Grupo Legal Flaxman comprende que si usted o un ser querido han sufrido lesiones graves debido a negligencia f\u00edsica o abuso, el dinero es una preocupaci\u00f3n. Una forma de mejorar tus perspectivas econ\u00f3micas es buscar una indemnizaci\u00f3n mediante una demanda legal contra las partes responsables. Pedir una indemnizaci\u00f3n puede ayudarte a conseguir dinero para pagar asesoramiento, cuidados, servicios m\u00e9dicos y otros servicios que pueden mejorar las posibilidades de curaci\u00f3n. Si deseas saber m\u00e1s, ponte en contacto con el Grupo Legal Flaxman en cualquier momento llamando al 866-352-9626. Tu primera consulta con nuestro bufete de servicios integrales es absolutamente gratuita y sin compromiso.    <\/p>\n<p><strong class=\"heading4\">El abandono f\u00edsico puede ser dif\u00edcil de probar<\/strong><\/p>\n<p>La negligencia f\u00edsica en Pembroke Pines y Florida puede ser dif\u00edcil de demostrar, y para la familia de una v\u00edctima de malos tratos puede ser frustrante intentar encontrar pruebas de que se ha producido negligencia. En algunos casos, las residencias y centros de asistencia pueden alegar que el estado de un ser querido anciano se debe a una enfermedad y no a malos tratos. Puede ser dif\u00edcil demostrar que el maltrato es en realidad el culpable.  <\/p>\n<p>En algunas situaciones, el personal de la residencia puede alegar que un residente o paciente rechaz\u00f3 la medicaci\u00f3n, la comida, el agua u otros elementos b\u00e1sicos, en lugar de admitir que no se le proporcion\u00f3 lo esencial para vivir. Por desgracia, muchos entornos asistenciales est\u00e1n protegidos por abogados y por compa\u00f1\u00edas de seguros, y a las familias puede resultarles muy dif\u00edcil enfrentarse a estas entidades por s\u00ed mismas. En estas situaciones, es \u00fatil trabajar con un abogado de lesiones personales en Pembroke Pines o en tu comunidad. Un abogado cualificado puede:   <\/p>\n<ul class=\"no-spacing-list\">\n<li>Re\u00fane pruebas de los historiales m\u00e9dicos y de los historiales de los pacientes<\/li>\n<li>Contratar investigadores y expertos m\u00e9dicos para reunir informaci\u00f3n<\/li>\n<li>Habla con posibles testigos para documentar las pruebas<\/li>\n<li>Recopilar cualquier infracci\u00f3n previa contra una residencia de ancianos o el personal de la residencia<\/li>\n<\/ul>\n<p>Un buen abogado puede reunir pruebas y construir un caso s\u00f3lido, aunque el personal de un centro de vida asistida o de una residencia de ancianos niegue todas las acusaciones de malos tratos.<\/p>\n<p><strong class=\"heading4\">\u00bfNecesitas Hablar Hoy Con Un Abogado De Lesiones Personales?<\/strong><\/p>\n<p>El Grupo Legal Flaxman ayuda a las familias preocupadas y a las v\u00edctimas de lesiones ofreci\u00e9ndoles consultas gratuitas y sin compromiso para que usted pueda obtener asesor\u00eda legal sin tener que pagar honorarios legales por adelantado. Nuestros abogados tambi\u00e9n trabajan en base a honorarios de contingencia, lo que significa que no cobramos costos ni honorarios hasta que recuperamos dinero en su nombre. Nuestros abogados tienen m\u00e1s de 60 a\u00f1os de experiencia en juicios en los que han conseguido acuerdos y victorias judiciales en casos de negligencia f\u00edsica, negligencia en residencias asistidas y otros casos de lesiones personales. Obtener una evaluaci\u00f3n gratuita de tu caso hoy mismo es gratis y sin compromiso, as\u00ed que <a href=\"contacta con nosotros.html\">ponte en contacto con nuestro bufete<\/a> de abogados al 866-352-9626 para revisar tus opciones con un abogado compasivo y profesional.   <\/p>\n<\/p><\/div>\n<\/p><\/div>\n","protected":false},"excerpt":{"rendered":"<p>Sin honorarios a menos que ganemos. Llama al 866-352-9626 para una &#8230; <\/p>\n","protected":false},"author":3,"featured_media":0,"parent":0,"menu_order":0,"comment_status":"closed","ping_status":"closed","template":"template-practice-areas.php","meta":{"footnotes":""},"class_list":["post-21843","page","type-page","status-publish","hentry"],"featured_image_src":null,"featured_image_src_square":null,"_links":{"self":[{"href":"https:\/\/flaxmanlaw.com\/es\/wp-json\/wp\/v2\/pages\/21843","targetHints":{"allow":["GET"]}}],"collection":[{"href":"https:\/\/flaxmanlaw.com\/es\/wp-json\/wp\/v2\/pages"}],"about":[{"href":"https:\/\/flaxmanlaw.com\/es\/wp-json\/wp\/v2\/types\/page"}],"author":[{"embeddable":true,"href":"https:\/\/flaxmanlaw.com\/es\/wp-json\/wp\/v2\/users\/3"}],"replies":[{"embeddable":true,"href":"https:\/\/flaxmanlaw.com\/es\/wp-json\/wp\/v2\/comments?post=21843"}],"version-history":[{"count":0,"href":"https:\/\/flaxmanlaw.com\/es\/wp-json\/wp\/v2\/pages\/21843\/revisions"}],"wp:attachment":[{"href":"https:\/\/flaxmanlaw.com\/es\/wp-json\/wp\/v2\/media?parent=21843"}],"curies":[{"name":"wp","href":"https:\/\/api.w.org\/{rel}","templated":true}]}}