{"id":21848,"date":"2024-11-18T12:45:18","date_gmt":"2024-11-18T12:45:18","guid":{"rendered":"https:\/\/flaxmanlaw.wpenginepowered.com\/negligencia-medica-en-pembroke-pines-abogados-de-abuso-en-residencias-de-ancianos-del-condado-de-broward\/"},"modified":"2024-11-18T12:45:18","modified_gmt":"2024-11-18T12:45:18","slug":"negligencia-medica-en-pembroke-pines-abogados-de-abuso-en-residencias-de-ancianos-del-condado-de-broward","status":"publish","type":"page","link":"https:\/\/flaxmanlaw.com\/es\/negligencia-medica-en-pembroke-pines-abogados-de-abuso-en-residencias-de-ancianos-del-condado-de-broward\/","title":{"rendered":"Negligencia m\u00e9dica en Pembroke Pines | Abogados de abuso en residencias de ancianos del condado de Broward"},"content":{"rendered":"<div class=\"bodytext\">\n<h2>Negligencia m\u00e9dica en Pembroke Pines<\/h1><\/h2>\n<div class=\"description\">\n<p>Los avances m\u00e9dicos hacen que los mayores puedan vivir m\u00e1s tiempo y mantenerse activos a edades m\u00e1s avanzadas. Sin embargo, para disfrutar de estos beneficios es importante proporcionar acceso a una atenci\u00f3n y cuidados m\u00e9dicos de calidad. Cuando los pacientes y residentes en residencias de ancianos, centros de asistencia, residencias asistidas, residencias de ancianos y otros centros no tienen un acceso adecuado a la atenci\u00f3n m\u00e9dica, pueden producirse complicaciones graves e incluso muertes. La negligencia m\u00e9dica es una parte muy real y muy peligrosa de algunos casos de abuso y negligencia en residencias de ancianos de Pembroke Pines y otras comunidades de Florida.   <\/p>\n<p>Nadie quiere imaginar que su ser querido ser\u00e1 ignorado cuando muestre s\u00edntomas de una infecci\u00f3n u otra enfermedad grave y nadie quiere creer que el personal de un asilo de ancianos se negar\u00e1 a proporcionar la medicaci\u00f3n o el tratamiento sugerido por un m\u00e9dico, pero desafortunadamente los abogados del Grupo Legal Flaxman han visto muchas situaciones en las que ocurre precisamente este tipo de negligencia y abuso. Si usted cree que un ser querido ha sido afectado por abuso o negligencia de ancianos en su comunidad, contacte a nuestra firma de servicios integrales para una consulta gratuita de su caso. Puede haber recursos legales que puedas aplicar a la situaci\u00f3n para buscar una indemnizaci\u00f3n y justicia en nombre de tu ser querido.  <\/p>\n<p><strong class=\"heading4\">La negligencia m\u00e9dica en Pembroke Pines y Florida no s\u00f3lo afecta a las personas mayores<\/strong><\/p>\n<p>La negligencia m\u00e9dica suele considerarse un tipo de maltrato y negligencia en residencias de ancianos en Florida. Sin embargo, puede afectar a una serie de pacientes y residentes de Florida, incluidos ni\u00f1os y adultos con necesidades especiales. La negligencia m\u00e9dica puede producirse cuando:  <\/p>\n<ul>\n<li>Los padres, los padres de acogida y los cuidadores de ni\u00f1os no proporcionan servicios m\u00e9dicos b\u00e1sicos, como atenci\u00f3n dental, a los ni\u00f1os<\/li>\n<li>Los cuidadores infantiles no se dan cuenta y llevan a los ni\u00f1os a ver a profesionales m\u00e9dicos cuando los ni\u00f1os muestran s\u00edntomas de enfermedad<\/li>\n<li>El personal de las residencias de ancianos y de larga duraci\u00f3n inframedica o sobremedica a los pacientes o residentes<\/li>\n<li>El personal de las residencias asistidas no consigue atenci\u00f3n m\u00e9dica para un paciente enfermo o lesionado<\/li>\n<\/ul>\n<p>Cada vez que alguien se niega a prestar servicios m\u00e9dicos adecuados a un paciente, ni\u00f1o o residente, puede estar cometiendo negligencia m\u00e9dica y puede estar poniendo a alguien en peligro de sufrir complicaciones o lesiones graves.<\/p>\n<p><strong class=\"heading4\">B\u00fasqueda de justicia en casos de negligencia m\u00e9dica<\/strong><\/p>\n<p>Si necesitas hablar con un abogado de lesiones personales hoy mismo, contacta con el Grupo Legal Flaxman. Charles Flaxman, del Grupo Legal Flaxman, no s\u00f3lo es el fundador y director de la firma, sino que tambi\u00e9n es egresado de la Facultad de Derecho de la Universidad Nova Southeastern, donde se gradu\u00f3 entre el 2% de los mejores de su clase de derecho. Con m\u00e1s de 30 a\u00f1os de experiencia en juicios, ha ganado m\u00e1s de 50 millones de d\u00f3lares en nombre de demandantes de todo Florida. Ha sido admitido para ejercer ante el Tribunal de Distrito de EE.UU., el Distrito Sur de Florida, el Tribunal de Apelaci\u00f3n de EE.UU. y el Tribunal Supremo de Florida, por nombrar s\u00f3lo algunos. Si desea averiguar lo que Charles Flaxman y el resto de los abogados del Grupo Legal Flaxman pueden hacer por usted en su caso, <a href=\"contacta con nosotros.html\">contacte hoy mismo a nuestra firma de servicios integrales<\/a> para recibir una evaluaci\u00f3n gratuita de su caso.    <\/p>\n<\/p><\/div>\n<\/p><\/div>\n","protected":false},"excerpt":{"rendered":"<p>Sin honorarios a menos que ganemos. Llama al 866-352-9626 para una &#8230; <\/p>\n","protected":false},"author":3,"featured_media":0,"parent":0,"menu_order":0,"comment_status":"closed","ping_status":"closed","template":"template-practice-areas.php","meta":{"footnotes":""},"class_list":["post-21848","page","type-page","status-publish","hentry"],"featured_image_src":null,"featured_image_src_square":null,"_links":{"self":[{"href":"https:\/\/flaxmanlaw.com\/es\/wp-json\/wp\/v2\/pages\/21848","targetHints":{"allow":["GET"]}}],"collection":[{"href":"https:\/\/flaxmanlaw.com\/es\/wp-json\/wp\/v2\/pages"}],"about":[{"href":"https:\/\/flaxmanlaw.com\/es\/wp-json\/wp\/v2\/types\/page"}],"author":[{"embeddable":true,"href":"https:\/\/flaxmanlaw.com\/es\/wp-json\/wp\/v2\/users\/3"}],"replies":[{"embeddable":true,"href":"https:\/\/flaxmanlaw.com\/es\/wp-json\/wp\/v2\/comments?post=21848"}],"version-history":[{"count":0,"href":"https:\/\/flaxmanlaw.com\/es\/wp-json\/wp\/v2\/pages\/21848\/revisions"}],"wp:attachment":[{"href":"https:\/\/flaxmanlaw.com\/es\/wp-json\/wp\/v2\/media?parent=21848"}],"curies":[{"name":"wp","href":"https:\/\/api.w.org\/{rel}","templated":true}]}}