{"id":21850,"date":"2024-11-18T12:45:18","date_gmt":"2024-11-18T12:45:18","guid":{"rendered":"https:\/\/flaxmanlaw.wpenginepowered.com\/fallo-mecanico-pembroke-pines-abogados-de-accidentes-de-coche-del-condado-de-broward\/"},"modified":"2024-11-18T12:45:18","modified_gmt":"2024-11-18T12:45:18","slug":"fallo-mecanico-pembroke-pines-abogados-de-accidentes-de-coche-del-condado-de-broward","status":"publish","type":"page","link":"https:\/\/flaxmanlaw.com\/es\/fallo-mecanico-pembroke-pines-abogados-de-accidentes-de-coche-del-condado-de-broward\/","title":{"rendered":"Fallo Mec\u00e1nico Pembroke Pines | Abogados de Accidentes de Coche del Condado de Broward"},"content":{"rendered":"<div class=\"bodytext\">\n<h2>Aver\u00eda Mec\u00e1nica Pembroke Pines<\/h1><\/h2>\n<div class=\"description\">\n<p>Normalmente, cuando hay un problema mec\u00e1nico con tu coche, puedes llevarlo con seguridad a un mec\u00e1nico o taller para que te asista. Sin embargo, \u00bfqu\u00e9 ocurre cuando tu coche falla o experimenta un fallo mec\u00e1nico mientras viajas por la autopista a toda velocidad? En estos casos, un fallo de los frenos, el revent\u00f3n de un neum\u00e1tico u otro problema grave podr\u00edan provocar un accidente de coche en Pembroke Pines o en tu comunidad.  <\/p>\n<p>Si te has visto implicado en un <a href=\"accidentes-coche.html\">accidente de tr\u00e1fico<\/a> grave que ha provocado lesiones porque tu coche ha sufrido alg\u00fan tipo de fallo mec\u00e1nico, tienes opciones legales. Adem\u00e1s del dinero del seguro de coche al que puedes optar, \u00bfsab\u00edas que tambi\u00e9n puedes negociar con tu aseguradora y que puedes optar a presentar una reclamaci\u00f3n judicial para pedir una indemnizaci\u00f3n mayor? Para revisar todas tus opciones y conocer los derechos y leyes que te protegen, contacta al Grupo Legal Flaxman para programar una consulta gratuita sobre accidentes con un abogado de lesiones personales.  <\/p>\n<p><strong class=\"heading4\">Fallos mec\u00e1nicos y accidentes de tr\u00e1fico<\/strong><\/p>\n<p>El fallo mec\u00e1nico puede incluir muchas cosas, entre ellas<\/p>\n<ul>\n<li>Reventones y otros problemas de los neum\u00e1ticos<\/li>\n<li>Aver\u00eda de frenos<\/li>\n<li>Los airbags se inflan cuando no deben o no se inflan cuando deben<\/li>\n<li>Los cinturones de seguridad no sujetan a los pasajeros en caso de colisi\u00f3n<\/li>\n<li>Los limpiaparabrisas no funcionan<\/li>\n<li>Los faros delanteros o traseros no funcionan<\/li>\n<li>El coche se sobrecalienta sin causa<\/li>\n<li>Los componentes del coche se sobrecalientan hasta el punto de estar calientes al tacto<\/li>\n<li>Peligros de incendio<\/li>\n<\/ul>\n<p>Los fallos mec\u00e1nicos pueden deberse a defectos de dise\u00f1o, mantenimiento incorrecto, fallos del fabricante y otros problemas. Desgraciadamente, si has sufrido lesiones en un accidente de coche causado por un fallo mec\u00e1nico, puede que los fabricantes intenten culpar al propietario o al conductor del coche, aunque la culpa del accidente fuera en realidad un defecto de dise\u00f1o o fabricaci\u00f3n. <\/p>\n<p><strong class=\"heading4\">Conseguir Justicia y Respuestas Tras un Accidente de Tr\u00e1fico en Pembroke Pines<\/strong><\/p>\n<p>Dado que los accidentes de coche provocados por fallos mec\u00e1nicos son muy dif\u00edciles de probar sin ingenieros y expertos en reconstrucci\u00f3n de accidentes, y dado que este tipo de casos suelen implicar a m\u00faltiples partes responsables, incluidos fabricantes de coches muy poderosos, es importante trabajar con un abogado de lesiones personales que pueda representarte. Un abogado de lesiones personales puede revisar cualquier oferta de acuerdo o de la aseguradora que se haya hecho y puede ayudarte a comprender cu\u00e1nto puedes acabar pagando a la larga por tus lesiones y da\u00f1os. Tu abogado tambi\u00e9n puede ayudarte a comprender todas tus opciones para que puedas tomar una decisi\u00f3n informada para ti y tu familia.  <\/p>\n<p>\u00bfLe gustar\u00eda hablar hoy mismo con un abogado experimentado en lesiones personales? El <a href=\"index.html\">Grupo Legal Flaxman<\/a> es una firma de servicios integrales y nuestros abogados cuentan con m\u00e1s de 60 a\u00f1os de experiencia combinada en juicios. Adem\u00e1s, <a href=\"charles-flaxman.html\">Charles Flaxman<\/a>, el fundador del Grupo Legal Flaxman, tambi\u00e9n tiene 10 a\u00f1os de experiencia en la industria de seguros, as\u00ed como 25 a\u00f1os de experiencia en juicios. Trabajamos con un equipo de expertos en reconstrucci\u00f3n de accidentes, peritos, y otros profesionales para construir casos s\u00f3lidos para los clientes. Creemos que todo el mundo merece justicia y compasi\u00f3n tras un accidente grave. Por eso ofrecemos consultas gratuitas y sin compromiso, para que puedas obtener respuestas sin ninguna obligaci\u00f3n ni riesgo para ti. Tambi\u00e9n por eso aceptamos los casos que lo merecen con honorarios de contingencia. <a href=\"contacta con nosotros.html\">Ponte en contacto con nosotros<\/a> hoy mismo para una consulta gratuita sobre accidentes y ver qu\u00e9 podemos hacer por ti.     <\/p>\n<\/p><\/div>\n<\/p><\/div>\n","protected":false},"excerpt":{"rendered":"<p>Sin honorarios a menos que ganemos. Llama al 866-352-9626 para una &#8230; <\/p>\n","protected":false},"author":3,"featured_media":0,"parent":0,"menu_order":0,"comment_status":"closed","ping_status":"closed","template":"template-practice-areas.php","meta":{"footnotes":""},"class_list":["post-21850","page","type-page","status-publish","hentry"],"featured_image_src":null,"featured_image_src_square":null,"_links":{"self":[{"href":"https:\/\/flaxmanlaw.com\/es\/wp-json\/wp\/v2\/pages\/21850","targetHints":{"allow":["GET"]}}],"collection":[{"href":"https:\/\/flaxmanlaw.com\/es\/wp-json\/wp\/v2\/pages"}],"about":[{"href":"https:\/\/flaxmanlaw.com\/es\/wp-json\/wp\/v2\/types\/page"}],"author":[{"embeddable":true,"href":"https:\/\/flaxmanlaw.com\/es\/wp-json\/wp\/v2\/users\/3"}],"replies":[{"embeddable":true,"href":"https:\/\/flaxmanlaw.com\/es\/wp-json\/wp\/v2\/comments?post=21850"}],"version-history":[{"count":0,"href":"https:\/\/flaxmanlaw.com\/es\/wp-json\/wp\/v2\/pages\/21850\/revisions"}],"wp:attachment":[{"href":"https:\/\/flaxmanlaw.com\/es\/wp-json\/wp\/v2\/media?parent=21850"}],"curies":[{"name":"wp","href":"https:\/\/api.w.org\/{rel}","templated":true}]}}