{"id":21851,"date":"2024-11-18T12:45:18","date_gmt":"2024-11-18T12:45:18","guid":{"rendered":"https:\/\/flaxmanlaw.wpenginepowered.com\/pembroke-pines-perder-el-control-en-las-curvas-abogados-de-accidentes-de-motocicleta-del-condado-de-broward\/"},"modified":"2024-11-18T12:45:18","modified_gmt":"2024-11-18T12:45:18","slug":"pembroke-pines-perder-el-control-en-las-curvas-abogados-de-accidentes-de-motocicleta-del-condado-de-broward","status":"publish","type":"page","link":"https:\/\/flaxmanlaw.com\/es\/pembroke-pines-perder-el-control-en-las-curvas-abogados-de-accidentes-de-motocicleta-del-condado-de-broward\/","title":{"rendered":"Pembroke Pines Perder el Control en las Curvas | Abogados de Accidentes de Motocicleta del Condado de Broward"},"content":{"rendered":"<div class=\"bodytext\">\n<h2>Pembroke Pines pierde el control en las curvas<\/h1><\/h2>\n<div class=\"description\">\n<p>Los accidentes de moto en Pembroke Pines y Florida pueden ser devastadores para familias enteras. Uno de los tipos de colisiones que pueden ser especialmente tr\u00e1gicas implica que un motorista <a href=\"perder-control-en-las-vueltas.html\">pierda el control en un giro<\/a>. A menudo, en este tipo de colisiones, el motorista queda atrapado bajo el veh\u00edculo. Tambi\u00e9n existe riesgo de incendio y quemaduras, ya que al entrar en un derrape puede producirse una fuga en el dep\u00f3sito de combustible.   <\/p>\n<p>Si has sufrido lesiones, mereces una evaluaci\u00f3n legal de tu situaci\u00f3n y los abogados del Grupo Legal Flaxman estar\u00e1n encantados de revisar tu caso contigo en una evaluaci\u00f3n gratuita. El Grupo Legal Flaxman es una firma legal de servicios integrales. Servimos a toda el \u00e1rea de Florida del Sur y si usted est\u00e1 demasiado lesionado para viajar, podemos ir a su casa, cuarto de hospital, o lugar de trabajo para reunirnos con usted. Incluso podemos ofrecerte asesoramiento jur\u00eddico por tel\u00e9fono si lo necesitas. Nuestro objetivo es ayudarte a buscar asesoramiento jur\u00eddico, as\u00ed como la m\u00e1xima indemnizaci\u00f3n en tu caso, y trabajamos sin descanso para asegurarnos de que cuentas con el apoyo jur\u00eddico que necesitas. Ponte en contacto con nosotros hoy mismo en el 866-352-9626 para una evaluaci\u00f3n gratuita de tu caso y averiguar qu\u00e9 opciones legales pueden existir en tu situaci\u00f3n.     <\/p>\n<p><strong class=\"heading4\">Un Accidente Grave De Motocicleta En Pembroke Pines O Florida Puede Llevar A Una Devastaci\u00f3n Financiera<\/strong><\/p>\n<p>Desgraciadamente, la gente se encuentra a menudo con que sufrir una lesi\u00f3n grave en un accidente de moto puede caso la devastaci\u00f3n financiera. Las personas que han sufrido lesiones en colisiones de tr\u00e1fico en Florida pueden enfrentarse a muchos problemas econ\u00f3micos, entre ellos: <\/p>\n<ul>\n<li>Quiebra<\/li>\n<li>P\u00e9rdida de ingresos<\/li>\n<li>Desahucio<\/li>\n<li>Calificaci\u00f3n crediticia arruinada<\/li>\n<\/ul>\n<p>En muchos casos, est\u00e1n causados por las facturas m\u00e9dicas contra\u00eddas tras un accidente grave, as\u00ed como por la p\u00e9rdida de ingresos que puede producirse si las lesiones impiden la reincorporaci\u00f3n al trabajo.<\/p>\n<p><strong class=\"heading4\">\u00bfTe proteger\u00e1 tu seguro?<\/strong><\/p>\n<p>Muchos motoristas esperan que su compa\u00f1\u00eda de seguros les ayude a protegerse de las p\u00e9rdidas econ\u00f3micas tras un accidente de tr\u00e1fico. Por desgracia, incluso con una buena p\u00f3liza, las familias pueden encontrarse con que muchas cosas no est\u00e1n cubiertas y se quedan con unos gastos m\u00e9dicos muy considerables que tienen que pagar de su bolsillo. <\/p>\n<p>La realidad econ\u00f3mica es que perder el control en un giro y sufrir una colisi\u00f3n puede hacer que t\u00fa y tu familia teng\u00e1is que tomar decisiones muy dif\u00edciles sobre el tratamiento m\u00e9dico. Por ejemplo, algunos pacientes lesionados en esta situaci\u00f3n pueden tener que aceptar un tratamiento m\u00e9dico de menor calidad, en lugar de optar por los mejores y m\u00e1s recientes avances tecnol\u00f3gicos y m\u00e9dicos para su familia, porque sencillamente no pueden permitirse una asistencia de la mejor calidad. O puede que tengan que prescindir de ciertos tipos de tratamientos, como injertos de piel u otros tratamientos denominados cosm\u00e9ticos para tratar las cicatrices, laceraciones y otros efectos de una lesi\u00f3n traum\u00e1tica grave. Es importante buscar ahora una buena indemnizaci\u00f3n para que esto no te ocurra a ti ni a tu familia.   <\/p>\n<p>Si te gustar\u00eda saber qu\u00e9 opciones tienes para asegurar una compensaci\u00f3n justa en tu caso, <a href=\"contacta con nosotros.html\">contacta<\/a> hoy mismo al Grupo Legal Flaxman. Charles Flaxman, del <a href=\"index.html\">Grupo Legal Flaxman<\/a>, ha ganado m\u00e1s de 50 millones de d\u00f3lares a favor de clientes de Florida. Los abogados del Grupo Legal Flaxman han ganado m\u00e1s de 100 millones de d\u00f3lares en total a favor de demandantes. Si usted ha resultado lesionado y desea hablar hoy mismo con un abogado de lesiones personales, contacte al Grupo Legal Flaxman para recibir una evaluaci\u00f3n gratuita de su caso.   <\/p>\n<\/p><\/div>\n<\/p><\/div>\n","protected":false},"excerpt":{"rendered":"<p>Sin honorarios a menos que ganemos. Llama al 866-352-9626 para una &#8230; <\/p>\n","protected":false},"author":3,"featured_media":0,"parent":0,"menu_order":0,"comment_status":"closed","ping_status":"closed","template":"template-practice-areas.php","meta":{"footnotes":""},"class_list":["post-21851","page","type-page","status-publish","hentry"],"featured_image_src":null,"featured_image_src_square":null,"_links":{"self":[{"href":"https:\/\/flaxmanlaw.com\/es\/wp-json\/wp\/v2\/pages\/21851","targetHints":{"allow":["GET"]}}],"collection":[{"href":"https:\/\/flaxmanlaw.com\/es\/wp-json\/wp\/v2\/pages"}],"about":[{"href":"https:\/\/flaxmanlaw.com\/es\/wp-json\/wp\/v2\/types\/page"}],"author":[{"embeddable":true,"href":"https:\/\/flaxmanlaw.com\/es\/wp-json\/wp\/v2\/users\/3"}],"replies":[{"embeddable":true,"href":"https:\/\/flaxmanlaw.com\/es\/wp-json\/wp\/v2\/comments?post=21851"}],"version-history":[{"count":0,"href":"https:\/\/flaxmanlaw.com\/es\/wp-json\/wp\/v2\/pages\/21851\/revisions"}],"wp:attachment":[{"href":"https:\/\/flaxmanlaw.com\/es\/wp-json\/wp\/v2\/media?parent=21851"}],"curies":[{"name":"wp","href":"https:\/\/api.w.org\/{rel}","templated":true}]}}