{"id":21853,"date":"2024-11-18T12:45:18","date_gmt":"2024-11-18T12:45:18","guid":{"rendered":"https:\/\/flaxmanlaw.wpenginepowered.com\/accidentes-de-moto-con-visibilidad-limitada-en-pembroke-pines-abogados-de-lesiones-de-moto-en-el-condado-de-broward\/"},"modified":"2024-11-18T12:45:18","modified_gmt":"2024-11-18T12:45:18","slug":"accidentes-de-moto-con-visibilidad-limitada-en-pembroke-pines-abogados-de-lesiones-de-moto-en-el-condado-de-broward","status":"publish","type":"page","link":"https:\/\/flaxmanlaw.com\/es\/accidentes-de-moto-con-visibilidad-limitada-en-pembroke-pines-abogados-de-lesiones-de-moto-en-el-condado-de-broward\/","title":{"rendered":"Accidentes de Moto con Visibilidad Limitada en Pembroke Pines | Abogados de Lesiones de Moto en el Condado de Broward"},"content":{"rendered":"<div class=\"bodytext\">\n<h2>Accidentes de Moto con Visibilidad Limitada en Pembroke Pines<\/h1><\/h2>\n<div class=\"description\">\n<p>Los accidentes de motocicleta con visibilidad limitada suelen ocurrir en autopistas, ya que las motocicletas pueden quedar ocultas entre los coches, o detr\u00e1s de una furgoneta de pasajeros o un veh\u00edculo grande. Sin embargo, los estudios demuestran que hasta el 70% de estas colisiones son en realidad accidentes en intersecciones de Pembroke Pines y otras comunidades. En las intersecciones, los veh\u00edculos grandes, los arbustos crecidos y el mal dise\u00f1o de la carretera pueden conspirar para crear colisiones con poca visibilidad que pueden provocar un accidente. Por supuesto, la niebla y las malas condiciones meteorol\u00f3gicas pueden darse en casi cualquier lugar, contribuyendo a los accidentes de moto causados por problemas de visibilidad.   <\/p>\n<p>No importa c\u00f3mo y d\u00f3nde haya ocurrido tu accidente, querr\u00e1s asesor\u00eda legal si has resultado lesionado. Para programar una consulta gratuita con el Grupo Legal Flaxman, s\u00f3lo llame a nuestro despacho al 866-352-9626. Siempre estamos disponibles para hablar en nuestras oficinas legales o podemos visitar su casa, cuarto de hospital, u otro lugar conveniente para usted si no puede viajar. Nuestro objetivo es proporcionarte el apoyo que necesitas mientras luchamos agresivamente por tus derechos.   <\/p>\n<p><strong class=\"heading4\">\u00bfPor qu\u00e9 se producen colisiones de motocicletas con visibilidad limitada en Pembroke Pines y otras comunidades?<\/strong><\/p>\n<p>Las motocicletas y los veh\u00edculos de motor tienen caracter\u00edsticas de dise\u00f1o destinadas a mejorar la visibilidad. Desde los parabrisas hasta las escobillas limpiaparabrisas, los veh\u00edculos est\u00e1n dise\u00f1ados para que los motoristas puedan ver claramente la carretera que les rodea. Si esto es as\u00ed, \u00bfpor qu\u00e9 se producen colisiones por visibilidad?  <\/p>\n<p>La realidad es que los automovilistas pasan por alto a otros veh\u00edculos y usuarios de la carretera por varias razones:<\/p>\n<ul>\n<li>Conducci\u00f3n bajo los efectos del alcohol<\/li>\n<li>Suposiciones err\u00f3neas sobre la maniobrabilidad de los motoristas<\/li>\n<li>Conducci\u00f3n distra\u00edda<\/li>\n<li>Mala visibilidad en las carreteras<\/li>\n<li>Conducci\u00f3n fatigada<\/li>\n<li>Condiciones meteorol\u00f3gicas<\/li>\n<li>Mal dise\u00f1o de la carretera que bloquea la visibilidad<\/li>\n<\/ul>\n<p><strong class=\"heading4\">Accidentes en Intersecciones y Visibilidad Limitada<\/strong><\/p>\n<p>Muchos accidentes de moto con mala visibilidad son accidentes en intersecciones. Esto se debe a que las intersecciones presentan muchas oportunidades para que la vista de un motorista sobre la carretera que tiene delante quede bloqueada. Un mal dise\u00f1o de la carretera puede significar que los carriles estrechos y los edificios altos impidan a los motoristas ver el tr\u00e1fico que se aproxima u otros tipos de peligros. Los veh\u00edculos m\u00e1s grandes situados delante de un motorista tambi\u00e9n pueden bloquear la visi\u00f3n. Por \u00faltimo, los problemas de mantenimiento de la carretera, como \u00e1rboles o setos crecidos, tambi\u00e9n pueden impedir que un motorista vea el tr\u00e1fico que se aproxima al hacer un giro. Aunque los accidentes por falta de visibilidad pueden ocurrir en cualquier parte -incluso en largos tramos de carretera abierta-, pueden suponer un riesgo especial en las intersecciones. Estos tipos de accidentes en intersecciones tambi\u00e9n pueden ser m\u00e1s mortales, ya que normalmente hay varios veh\u00edculos m\u00e1s grandes rodeando al motorista, lo que puede provocar lesiones por aplastamiento o una colisi\u00f3n m\u00faltiple.      <\/p>\n<p>Si usted ha sufrido lesiones graves en un accidente de tr\u00e1fico o choque de motocicleta, no dude en contactar <a href=\"contacta con nosotros.html\">al Grupo Legal Flaxman<\/a>. El Grupo Legal Flaxman es una firma de abogados que representa a personas lesionadas en Florida del Sur. Nuestra firma de servicios integrales ha estado trabajando en el \u00e1rea de Florida del Sur durante m\u00e1s de 35 a\u00f1os y nuestro equipo de abogados cuenta con m\u00e1s de seis d\u00e9cadas de experiencia combinada ayudando a miles de demandantes como usted a buscar justicia y compensaci\u00f3n. Si desea saber m\u00e1s, contacte hoy mismo al Grupo Legal Flaxman para una revisi\u00f3n gratuita de su caso.   <\/p>\n<\/p><\/div>\n<\/p><\/div>\n","protected":false},"excerpt":{"rendered":"<p>Sin honorarios a menos que ganemos. Llama al 866-352-9626 para una &#8230; <\/p>\n","protected":false},"author":3,"featured_media":0,"parent":0,"menu_order":0,"comment_status":"closed","ping_status":"closed","template":"template-practice-areas.php","meta":{"footnotes":""},"class_list":["post-21853","page","type-page","status-publish","hentry"],"featured_image_src":null,"featured_image_src_square":null,"_links":{"self":[{"href":"https:\/\/flaxmanlaw.com\/es\/wp-json\/wp\/v2\/pages\/21853","targetHints":{"allow":["GET"]}}],"collection":[{"href":"https:\/\/flaxmanlaw.com\/es\/wp-json\/wp\/v2\/pages"}],"about":[{"href":"https:\/\/flaxmanlaw.com\/es\/wp-json\/wp\/v2\/types\/page"}],"author":[{"embeddable":true,"href":"https:\/\/flaxmanlaw.com\/es\/wp-json\/wp\/v2\/users\/3"}],"replies":[{"embeddable":true,"href":"https:\/\/flaxmanlaw.com\/es\/wp-json\/wp\/v2\/comments?post=21853"}],"version-history":[{"count":0,"href":"https:\/\/flaxmanlaw.com\/es\/wp-json\/wp\/v2\/pages\/21853\/revisions"}],"wp:attachment":[{"href":"https:\/\/flaxmanlaw.com\/es\/wp-json\/wp\/v2\/media?parent=21853"}],"curies":[{"name":"wp","href":"https:\/\/api.w.org\/{rel}","templated":true}]}}