{"id":21856,"date":"2024-11-18T12:45:18","date_gmt":"2024-11-18T12:45:18","guid":{"rendered":"https:\/\/flaxmanlaw.wpenginepowered.com\/accidentes-en-intersecciones-de-pembroke-pines-abogados-de-accidentes-de-coche-del-condado-de-broward\/"},"modified":"2024-11-18T12:45:18","modified_gmt":"2024-11-18T12:45:18","slug":"accidentes-en-intersecciones-de-pembroke-pines-abogados-de-accidentes-de-coche-del-condado-de-broward","status":"publish","type":"page","link":"https:\/\/flaxmanlaw.com\/es\/accidentes-en-intersecciones-de-pembroke-pines-abogados-de-accidentes-de-coche-del-condado-de-broward\/","title":{"rendered":"Accidentes en Intersecciones de Pembroke Pines | Abogados de Accidentes de Coche del Condado de Broward"},"content":{"rendered":"<div class=\"bodytext\">\n<h2>Accidentes en Intersecciones de Pembroke Pines<\/h1><\/h2>\n<div class=\"description\">\n<p>Las se\u00f1ales de stop, los sem\u00e1foros, el dise\u00f1o de las carreteras y las normas de circulaci\u00f3n no siempre bastan para evitar los accidentes en los cruces de Pembroke Pines y de toda Florida. Por desgracia, los conductores que tienen prisa, est\u00e1n distra\u00eddos o conducen en estado de embriaguez a veces ignoran las se\u00f1ales de tr\u00e1fico, los sem\u00e1foros y las leyes, y conducen imprudentemente de forma que provocan un accidente. Las intersecciones son lugares especialmente propensos a los accidentes porque hay muchos coches y usuarios de la carretera en un espacio relativamente peque\u00f1o. En las intersecciones, es especialmente importante que los conductores obedezcan la ley y conduzcan con cuidado.   <\/p>\n<p>Si has sufrido lesiones en un accidente de tr\u00e1fico debido a la negligencia o imprudencia de alguien, la legislaci\u00f3n de Florida te permite solicitar una indemnizaci\u00f3n por salarios perdidos, dolor y sufrimiento, facturas m\u00e9dicas y otros gastos. Sin embargo, presentar una demanda legal puede ser un proceso complejo. A los abogados del Grupo Legal Flaxman les gustar\u00eda ayudarte. El Grupo Legal Flaxman es una firma de servicios integrales con tres oficinas en el \u00e1rea de Florida del Sur. Para averiguar lo que nuestro equipo legal puede hacer por usted, contacte ahora al Grupo Legal Flaxman para una consulta gratuita y sin compromiso de su caso.    <\/p>\n<p><strong class=\"heading4\">Los accidentes en intersecciones pueden implicar una variedad de accidentes<\/strong><\/p>\n<p>Los accidentes en intersecciones son un t\u00e9rmino gen\u00e9rico utilizado para describir cualquier tipo de accidente que se produce en una intersecci\u00f3n. Sin embargo, hay ciertos tipos de accidentes que son m\u00e1s frecuentes en las intersecciones, entre ellos: <\/p>\n<ul>\n<li>Choques por alcance y accidentes por derivaci\u00f3n trasera<\/li>\n<li>Accidentes en T<\/li>\n<li>Colisiones frontales<\/li>\n<li>Accidentes de peatones<\/li>\n<li>Accidentes de coche y cami\u00f3n<\/li>\n<li>Accidentes de coche y moto<\/li>\n<li>Accidentes de bicicleta<\/li>\n<li>Choques m\u00faltiples de veh\u00edculos<\/li>\n<\/ul>\n<p><strong class=\"heading4\">Las lesiones catastr\u00f3ficas son frecuentes en los accidentes de intersecci\u00f3n<\/strong><\/p>\n<p>Los tipos de colisiones de coches y camiones habituales en los cruces de Pembroke Pines son tambi\u00e9n, por desgracia, los tipos de colisiones que pueden provocar lesiones devastadoras, como traumatismos craneoencef\u00e1licos, fracturas, par\u00e1lisis, lesiones medulares y otras lesiones.<\/p>\n<p>Una lesi\u00f3n muy frecuente en las colisiones en los cruces es el latigazo cervical. El latigazo cervical es una lesi\u00f3n de los tejidos blandos que se produce cuando el cuello es sacudido brusca y repentinamente hacia delante o fuera de su posici\u00f3n. En un accidente de tr\u00e1fico, el latigazo cervical suele producirse cuando te sacuden hacia delante y luego el cintur\u00f3n de seguridad te empuja hacia atr\u00e1s. Este tipo de lesi\u00f3n puede limitar la movilidad y causarte mucho dolor y sufrimiento mientras te curas.   <\/p>\n<p><strong class=\"heading4\">Buscar ayuda legal tras una colisi\u00f3n en una intersecci\u00f3n<\/strong><\/p>\n<p>Probablemente te acercas a las intersecciones todos los d\u00edas en tus desplazamientos y no te lo piensas dos veces. Pero, de hecho, las intersecciones son uno de los lugares m\u00e1s mort\u00edferos para ti. Cada d\u00eda y cada a\u00f1o, hay personas que resultan heridas mortalmente o sufren lesiones graves y permanentes debido a accidentes de peatones y otros tipos de accidentes de tr\u00e1fico que se producen en los cruces. Muchos de estos accidentes, por desgracia, son totalmente evitables y est\u00e1n causados por distracciones al volante, conducci\u00f3n bajo los efectos del alcohol y otras formas de negligencia. \u00bfTe gustar\u00eda saber si tienes un caso tras tus lesiones? Si es as\u00ed, <a href=\"contacta con nosotros.html\">contacta<\/a> al Grupo Legal Flaxman para revisar tu situaci\u00f3n con un abogado de lesiones personales. <a href=\"index.html\">El Grupo Legal Flaxman<\/a> sirve a toda el \u00e1rea de Florida del Sur y se enorgullece de ofrecer consultas de caso sin costo y sin compromiso a todos los nuevos clientes lesionados.     <\/p>\n<\/p><\/div>\n<\/p><\/div>\n","protected":false},"excerpt":{"rendered":"<p>Sin honorarios a menos que ganemos. Llama al 866-352-9626 para una &#8230; <\/p>\n","protected":false},"author":3,"featured_media":0,"parent":0,"menu_order":0,"comment_status":"closed","ping_status":"closed","template":"template-practice-areas.php","meta":{"footnotes":""},"class_list":["post-21856","page","type-page","status-publish","hentry"],"featured_image_src":null,"featured_image_src_square":null,"_links":{"self":[{"href":"https:\/\/flaxmanlaw.com\/es\/wp-json\/wp\/v2\/pages\/21856","targetHints":{"allow":["GET"]}}],"collection":[{"href":"https:\/\/flaxmanlaw.com\/es\/wp-json\/wp\/v2\/pages"}],"about":[{"href":"https:\/\/flaxmanlaw.com\/es\/wp-json\/wp\/v2\/types\/page"}],"author":[{"embeddable":true,"href":"https:\/\/flaxmanlaw.com\/es\/wp-json\/wp\/v2\/users\/3"}],"replies":[{"embeddable":true,"href":"https:\/\/flaxmanlaw.com\/es\/wp-json\/wp\/v2\/comments?post=21856"}],"version-history":[{"count":0,"href":"https:\/\/flaxmanlaw.com\/es\/wp-json\/wp\/v2\/pages\/21856\/revisions"}],"wp:attachment":[{"href":"https:\/\/flaxmanlaw.com\/es\/wp-json\/wp\/v2\/media?parent=21856"}],"curies":[{"name":"wp","href":"https:\/\/api.w.org\/{rel}","templated":true}]}}