{"id":21858,"date":"2024-11-18T12:45:18","date_gmt":"2024-11-18T12:45:18","guid":{"rendered":"https:\/\/flaxmanlaw.wpenginepowered.com\/ley-de-seguros-de-pembroke-pines-abogados-de-reclamaciones-de-seguros-del-condado-de-broward\/"},"modified":"2024-11-18T12:45:18","modified_gmt":"2024-11-18T12:45:18","slug":"ley-de-seguros-de-pembroke-pines-abogados-de-reclamaciones-de-seguros-del-condado-de-broward","status":"publish","type":"page","link":"https:\/\/flaxmanlaw.com\/es\/ley-de-seguros-de-pembroke-pines-abogados-de-reclamaciones-de-seguros-del-condado-de-broward\/","title":{"rendered":"Ley de Seguros de Pembroke Pines | Abogados de Reclamaciones de Seguros del Condado de Broward"},"content":{"rendered":"<div class=\"bodytext\">\n<h2>Ley de Seguros de Pembroke Pines<\/h1><\/h2>\n<div class=\"description\">\n<p>Puede que pagues miles de d\u00f3lares en primas de seguro para protegerte a ti y a tu familia si ocurre lo peor. La idea es que pagues estas elevadas primas para que, si te ves afectado por una tragedia o un accidente, no tengas que afrontar dificultades econ\u00f3micas. Por desgracia, los residentes en Florida se enfrentan cada a\u00f1o a la bancarrota debido a gastos m\u00e9dicos inesperados, aunque tengan una buena cobertura. En algunos casos, los proveedores de seguros infravaloran las reclamaciones o las deniegan, lo que provoca angustias econ\u00f3micas adem\u00e1s de disgustos.   <\/p>\n<p>Si usted ha firmado un contrato con una aseguradora y ha estado pagando los costos de su seguro, merece recibir el dinero de su seguro con prontitud despu\u00e9s de un accidente cubierto. Si usted est\u00e1 teniendo una disputa con su aseguradora o est\u00e1 teniendo problemas para obtener una compensaci\u00f3n justa por sus lesiones despu\u00e9s de un accidente automovil\u00edstico en Pembroke Pines u otro evento, siempre puede contactar al Grupo Legal Flaxman para revisar su situaci\u00f3n con un abogado de lesiones personales. Tu consulta inicial es gratuita y sin compromiso.  <\/p>\n<p><strong class=\"heading4\">\u00bfPor qu\u00e9 me han denegado la reclamaci\u00f3n al seguro?<\/strong><\/p>\n<p>Puede haber muchas razones por las que la aseguradora rechace tu reclamaci\u00f3n:<\/p>\n<ul>\n<li>Pueden alegar que cometes fraude al seguro<\/li>\n<li>Pueden alegar que tus lesiones y da\u00f1os son menores de lo que afirmas<\/li>\n<li>Pueden alegar que el accidente o las lesiones no est\u00e1n totalmente cubiertos por tu seguro<\/li>\n<li>Pueden retrasar tu reclamaci\u00f3n<\/li>\n<li>Pueden alegar que tus pagos al seguro se retrasaron y, por lo tanto, la cobertura de tu seguro no es v\u00e1lida<\/li>\n<\/ul>\n<p>Sea cual sea la naturaleza de la disputa con tu compa\u00f1\u00eda de seguros, es importante que un abogado de lesiones personales de Pembroke Pines o de tu comunidad te ayude con el caso. Las compa\u00f1\u00edas de seguros trabajan con suscriptores y equipos de abogados para proteger sus intereses. Necesitas a alguien que vele por tus intereses.  <\/p>\n<p>Las compa\u00f1\u00edas de seguros suelen buscar formas de resolver las reclamaciones de forma econ\u00f3mica y r\u00e1pida, y esto puede no beneficiarte, sobre todo si has sufrido una lesi\u00f3n grave o de larga duraci\u00f3n a causa de un accidente de coche, de cami\u00f3n o de otro siniestro en tu comunidad.<\/p>\n<p>En estos casos, mereces una indemnizaci\u00f3n lo m\u00e1s justa posible despu\u00e9s de pagar primas durante a\u00f1os. Un abogado especializado en lesiones personales puede revisar tu caso y ayudarte a comprender todos los aspectos legales de una reclamaci\u00f3n al seguro. <\/p>\n<p><strong class=\"heading4\">  Actuar con rapidez tras un litigio de seguros  <\/strong><\/p>\n<p>Si has tenido problemas para obtener una indemnizaci\u00f3n justa de tu compa\u00f1\u00eda de seguros o te est\u00e1n dando largas, no te demores. Esperar no har\u00e1 cambiar de opini\u00f3n a la compa\u00f1\u00eda y s\u00f3lo permitir\u00e1 que se desvanezcan las pruebas de tu caso. Tu compa\u00f1\u00eda de seguros puede estar esperando que aceptes la reclamaci\u00f3n denegada y simplemente te vayas.  <\/p>\n<p>Pero tienes otra opci\u00f3n. Puedes ponerte en contacto con el Grupo Legal Flaxman para concertar una consulta gratuita sobre accidentes y revisar tu caso. Los abogados del Grupo Legal Flaxman cuentan con m\u00e1s de 60 a\u00f1os de experiencia combinada y ya han recuperado m\u00e1s de 100 millones de d\u00f3lares a favor de demandantes y v\u00edctimas de accidentes. Charles Flaxman, del Grupo Legal Flaxman, trabaj\u00f3 como ajustador de reclamaciones de seguros antes de convertirse en abogado, as\u00ed que est\u00e1 al tanto de todas las leyes de seguros relevantes y de todas las pol\u00edticas que las aseguradoras utilizan para negar las reclamaciones. <a href=\"contacta con nosotros.html\">Contacta<\/a> hoy mismo con el equipo de abogados para averiguar qu\u00e9 se puede hacer en tu situaci\u00f3n.   <\/p>\n<\/p><\/div>\n<\/p><\/div>\n","protected":false},"excerpt":{"rendered":"<p>Sin honorarios a menos que ganemos. Llama al 866-352-9626 para una &#8230; <\/p>\n","protected":false},"author":3,"featured_media":0,"parent":0,"menu_order":0,"comment_status":"closed","ping_status":"closed","template":"template-practice-areas.php","meta":{"footnotes":""},"class_list":["post-21858","page","type-page","status-publish","hentry"],"featured_image_src":null,"featured_image_src_square":null,"_links":{"self":[{"href":"https:\/\/flaxmanlaw.com\/es\/wp-json\/wp\/v2\/pages\/21858","targetHints":{"allow":["GET"]}}],"collection":[{"href":"https:\/\/flaxmanlaw.com\/es\/wp-json\/wp\/v2\/pages"}],"about":[{"href":"https:\/\/flaxmanlaw.com\/es\/wp-json\/wp\/v2\/types\/page"}],"author":[{"embeddable":true,"href":"https:\/\/flaxmanlaw.com\/es\/wp-json\/wp\/v2\/users\/3"}],"replies":[{"embeddable":true,"href":"https:\/\/flaxmanlaw.com\/es\/wp-json\/wp\/v2\/comments?post=21858"}],"version-history":[{"count":0,"href":"https:\/\/flaxmanlaw.com\/es\/wp-json\/wp\/v2\/pages\/21858\/revisions"}],"wp:attachment":[{"href":"https:\/\/flaxmanlaw.com\/es\/wp-json\/wp\/v2\/media?parent=21858"}],"curies":[{"name":"wp","href":"https:\/\/api.w.org\/{rel}","templated":true}]}}