{"id":21859,"date":"2024-11-18T12:45:18","date_gmt":"2024-11-18T12:45:18","guid":{"rendered":"https:\/\/flaxmanlaw.wpenginepowered.com\/accidente-de-atropello-en-pembroke-pines-abogados-de-accidentes-de-trafico-en-el-condado-de-broward\/"},"modified":"2024-11-18T12:45:18","modified_gmt":"2024-11-18T12:45:18","slug":"accidente-de-atropello-en-pembroke-pines-abogados-de-accidentes-de-trafico-en-el-condado-de-broward","status":"publish","type":"page","link":"https:\/\/flaxmanlaw.com\/es\/accidente-de-atropello-en-pembroke-pines-abogados-de-accidentes-de-trafico-en-el-condado-de-broward\/","title":{"rendered":"Accidente de atropello en Pembroke Pines | Abogados de accidentes de tr\u00e1fico en el condado de Broward"},"content":{"rendered":"<div class=\"bodytext\">\n<h2>Accidente con fuga en Pembroke Pines<\/h1><\/h2>\n<div class=\"description\">\n<p>A cualquiera que tenga carn\u00e9 de conducir en Florida se le ha ense\u00f1ado que, si sufre un accidente, tiene la obligaci\u00f3n legal de quedarse y ofrecer asistencia a quien resulte herido y de intercambiar informaci\u00f3n con el otro conductor. A pesar de ello, muchos conductores que se dan a la fuga siguen abandonando el lugar del accidente, dejando a las v\u00edctimas con lesiones graves, da\u00f1os materiales y pocas posibilidades de obtener una indemnizaci\u00f3n por sus lesiones. Y lo que es a\u00fan m\u00e1s inquietante, los conductores que se dan a la fuga, cuando los encuentran, suelen alegar que abandonaron el lugar del accidente de coche en Pembroke Pines o en otra comunidad porque:  <\/p>\n<ul>\n<li>No se dieron cuenta de que se hab\u00eda producido un accidente<\/li>\n<li>No pudieron dar parte del accidente porque estaban lesionados o f\u00edsicamente incapacitados para hacerlo.<\/li>\n<li>No causaron el accidente<\/li>\n<li>No estuvieron presentes en el accidente<\/li>\n<\/ul>\n<p>Puede ser extremadamente mortificante sufrir lesiones graves y que despu\u00e9s el conductor culpable intente evitar asumir la responsabilidad de sus actos. Si has resultado lesionado en un accidente de atropello y fuga y necesitas justicia e indemnizaci\u00f3n, contacta con el Grupo Legal Flaxman para obtener representaci\u00f3n legal y asesor\u00eda. Los abogados del Grupo Legal Flaxman tienen m\u00e1s de 60 a\u00f1os de experiencia en casos de lesiones personales y accidentes automovil\u00edsticos. Ya han recuperado m\u00e1s de 100 millones de d\u00f3lares a favor de demandantes y pueden perseguir agresivamente tu caso. La consulta inicial con el Grupo Legal Flaxman es gratuita y nuestros abogados est\u00e1n disponibles para ayudar a asesorarte sobre los cursos de acci\u00f3n que puedes tomar en tu situaci\u00f3n espec\u00edfica.    <\/p>\n<p><strong class=\"heading4\">Lesiones en accidentes con fuga<\/strong><\/p>\n<p>Como cualquier accidente de tr\u00e1fico, un atropello con fuga puede provocar:<\/p>\n<ul>\n<li>Fracturas de cadera<\/li>\n<li>Lesi\u00f3n en la cabeza<\/li>\n<li>Fracturas de pelvis<\/li>\n<li>Huesos rotos<\/li>\n<li>Huesos triturados<\/li>\n<li>Lesiones cervicales<\/li>\n<li>Lesiones de espalda<\/li>\n<li>Lesiones internas<\/li>\n<li>Da\u00f1os en los tejidos blandos<\/li>\n<li>Lesi\u00f3n medular<\/li>\n<li>Par\u00e1lisis<\/li>\n<li>Amputaci\u00f3n<\/li>\n<li>Cicatrices o desfiguraci\u00f3n<\/li>\n<\/ul>\n<p>Si tu atropello fue un accidente de peat\u00f3n, tus lesiones pueden poner en peligro tu vida o ser permanentes. Sean cuales sean tus lesiones, por supuesto querr\u00e1s saber c\u00f3mo vas a pagar tus facturas y gastos m\u00e9dicos. Trabajar con un abogado de lesiones personales en Pembroke Pines o en tu comunidad puede asegurarte que agotas todas las opciones de indemnizaci\u00f3n para que no te quedes en apuros econ\u00f3micos.  <\/p>\n<p><strong class=\"heading4\">Tus opciones tras un atropello con fuga<\/strong><\/p>\n<p>Si se encuentra al conductor que se dio a la fuga, la polic\u00eda y las autoridades suelen presentar cargos penales contra \u00e9l para hacerle responsable de sus actos. Sin embargo, adem\u00e1s de esto, es posible que quieras presentar una demanda legal ante un tribunal civil para conseguir una indemnizaci\u00f3n por los salarios perdidos, los gastos m\u00e9dicos y otras lesiones que hayas sufrido debido a la negligencia del conductor. <\/p>\n<p>En muchos casos, con la denuncia policial, tu aseguradora podr\u00e1 pagar parte de los da\u00f1os a trav\u00e9s de tu p\u00f3liza de seguros. Si tienes cobertura de motorista con seguro insuficiente o sin seguro, esta cobertura puede cubrir algunos de tus gastos. <\/p>\n<p>Un abogado de lesiones personales tambi\u00e9n puede ayudarte a descubrir m\u00e1s opciones para ti. Por ejemplo, una investigaci\u00f3n exhaustiva del accidente puede revelar otras partes responsables a las que puedes demandar. Para explorar todas sus opciones, contacte hoy mismo al <a href=\"contacta con nosotros.html\">Grupo Legal Flaxman<\/a> para una consulta gratuita sobre accidentes.  <\/p>\n<\/p><\/div>\n<\/p><\/div>\n","protected":false},"excerpt":{"rendered":"<p>Sin honorarios a menos que ganemos. Llama al 866-352-9626 para una &#8230; <\/p>\n","protected":false},"author":3,"featured_media":0,"parent":0,"menu_order":0,"comment_status":"closed","ping_status":"closed","template":"template-practice-areas.php","meta":{"footnotes":""},"class_list":["post-21859","page","type-page","status-publish","hentry"],"featured_image_src":null,"featured_image_src_square":null,"_links":{"self":[{"href":"https:\/\/flaxmanlaw.com\/es\/wp-json\/wp\/v2\/pages\/21859","targetHints":{"allow":["GET"]}}],"collection":[{"href":"https:\/\/flaxmanlaw.com\/es\/wp-json\/wp\/v2\/pages"}],"about":[{"href":"https:\/\/flaxmanlaw.com\/es\/wp-json\/wp\/v2\/types\/page"}],"author":[{"embeddable":true,"href":"https:\/\/flaxmanlaw.com\/es\/wp-json\/wp\/v2\/users\/3"}],"replies":[{"embeddable":true,"href":"https:\/\/flaxmanlaw.com\/es\/wp-json\/wp\/v2\/comments?post=21859"}],"version-history":[{"count":0,"href":"https:\/\/flaxmanlaw.com\/es\/wp-json\/wp\/v2\/pages\/21859\/revisions"}],"wp:attachment":[{"href":"https:\/\/flaxmanlaw.com\/es\/wp-json\/wp\/v2\/media?parent=21859"}],"curies":[{"name":"wp","href":"https:\/\/api.w.org\/{rel}","templated":true}]}}