{"id":21860,"date":"2024-11-18T12:45:18","date_gmt":"2024-11-18T12:45:18","guid":{"rendered":"https:\/\/flaxmanlaw.wpenginepowered.com\/averias-de-maquinaria-pesada-en-pembroke-pines-abogados-de-accidentes-del-condado-de-broward\/"},"modified":"2024-11-18T12:45:18","modified_gmt":"2024-11-18T12:45:18","slug":"averias-de-maquinaria-pesada-en-pembroke-pines-abogados-de-accidentes-del-condado-de-broward","status":"publish","type":"page","link":"https:\/\/flaxmanlaw.com\/es\/averias-de-maquinaria-pesada-en-pembroke-pines-abogados-de-accidentes-del-condado-de-broward\/","title":{"rendered":"Aver\u00edas de maquinaria pesada en Pembroke Pines | Abogados de accidentes del condado de Broward"},"content":{"rendered":"<div class=\"bodytext\">\n<h2>Aver\u00edas de maquinaria pesada en Pembroke Pines<\/h1><\/h2>\n<div class=\"description\">\n<p>Algunos sectores, como el de la construcci\u00f3n, dependen de la maquinaria pesada para trabajar y para su seguridad. Para que estos peligrosos equipos sean seguros, deben dise\u00f1arse y fabricarse correctamente, y deben mantenerse y utilizarse de forma responsable. Cuando esto no ocurre, trabajadores inocentes sufren a menudo lesiones catastr\u00f3ficas en accidentes laborales en Pembroke Pines y en toda Florida.  <\/p>\n<p>Los abogados del Grupo Legal Flaxman han trabajado con miles de familias devastadas por lesiones laborales y otros abogados de lesiones personales. Una de las cosas m\u00e1s devastadoras de estos casos es que las partes lesionadas a menudo trabajan duro para mejorar y dependen en gran medida de las compa\u00f1\u00edas de seguros para pagar las facturas m\u00e9dicas y reemplazar los ingresos perdidos. Por desgracia, en algunos casos las compa\u00f1\u00edas de seguros infravaloran y deniegan las reclamaciones, lo que significa que familias que lo merecen se enfrentan a la ejecuci\u00f3n hipotecaria, al desahucio, a la ruina de sus calificaciones crediticias y a otras dificultades financieras. Los abogados del Grupo Legal Flaxman han dedicado sus vidas a ayudar a los demandantes a obtener justicia y compensaci\u00f3n en sus casos. Si crees que podemos ser de ayuda en tu caso, por favor no dudes en llamarnos al 866-352-9626 sin costo alguno.    <\/p>\n<p><strong class=\"heading4\">Tipos de accidentes que se producen por el fallo de maquinaria pesada en Pembroke Pines<\/strong><\/p>\n<p>Hay muchos tipos de accidentes en obras de construcci\u00f3n y lesiones relacionadas con fallos de la maquinaria pesada:<\/p>\n<ul>\n<li>Cataratas<\/li>\n<li>Lesiones cerebrales<\/li>\n<li>Lesiones medulares<\/li>\n<li>Accidentes de gr\u00faa<\/li>\n<li>Lesiones de tejidos blandos<\/li>\n<li>Accidentes con carretillas elevadoras<\/li>\n<li>Fracturas<\/li>\n<li>Par\u00e1lisis<\/li>\n<li>Amputaci\u00f3n<\/li>\n<li>Explosiones<\/li>\n<li>Cortes y abrasiones causados por bordes desprotegidos<\/li>\n<li>Accidentes por tropiezo y ca\u00edda<\/li>\n<li>Quemaduras<\/li>\n<li>Lesiones por soldadura<\/li>\n<li>Accidentes el\u00e9ctricos<\/li>\n<li>Exposici\u00f3n a materiales peligrosos<\/li>\n<li>Fracturas y otras lesiones causadas por equipos no asegurados<\/li>\n<li>Amputaciones y otras lesiones causadas por herramientas el\u00e9ctricas<\/li>\n<\/ul>\n<p><strong class=\"heading4\">\u00bfEst\u00e1s protegido tras un accidente laboral?<\/strong><\/p>\n<p>Los gastos m\u00e9dicos inesperados son la principal causa de quiebra personal en EE.UU. Aunque tengas cobertura m\u00e9dica o est\u00e9s protegido por una indemnizaci\u00f3n laboral en Pembroke Pines, puedes enfrentarte a la ejecuci\u00f3n hipotecaria, la quiebra y otros estragos econ\u00f3micos tras una lesi\u00f3n grave. Las lesiones catastr\u00f3ficas suelen ser extremadamente caras. Incluso algunas pruebas diagn\u00f3sticas en Florida pueden costar m\u00e1s de mil d\u00f3lares. Alguien que haya sufrido una lesi\u00f3n medular o cerebral muy grave puede acabar acumulando m\u00e1s de cien mil d\u00f3lares en facturas m\u00e9dicas y tratamientos m\u00e9dicos en un solo a\u00f1o. Algunas lesiones requieren cuidados a largo plazo, rehabilitaci\u00f3n, atenci\u00f3n domiciliaria u otros tratamientos a largo plazo que pueden acabar costando cientos de miles de d\u00f3lares a lo largo de toda la vida.    <\/p>\n<p>Adem\u00e1s de las facturas m\u00e9dicas, los pacientes a menudo no pueden trabajar y necesitan encontrar formas de compensar la p\u00e9rdida de ingresos. Muchos tambi\u00e9n acumulan gastos accesorios, como los gastos de transporte de ida y vuelta al hospital o los gastos asociados a hacer accesibles sus casas y coches. Para alguien que sufre lesiones graves y permanentes, no es raro que los costes totales de sus lesiones asciendan a m\u00e1s de un mill\u00f3n de d\u00f3lares a lo largo de su vida. Sin embargo, pr\u00e1cticamente ninguna compa\u00f1\u00eda de seguros pagar\u00e1 esta cantidad, ni siquiera en el caso de una lesi\u00f3n grave, sin que intervenga un abogado de lesiones personales y represente al trabajador lesionado. Por esta raz\u00f3n, trabajar con un abogado de lesiones personales en Pembroke Pines tiene todo el sentido.    <\/p>\n<p>Si has sufrido alguna lesi\u00f3n laboral o alguna lesi\u00f3n causada por la falla de equipo pesado, puedes contactar hoy mismo <a href=\"contacta con nosotros.html\">al Grupo Legal Flaxman<\/a> para programar tu consulta gratuita sobre accidentes.<\/p>\n<\/p><\/div>\n<\/p><\/div>\n","protected":false},"excerpt":{"rendered":"<p>Sin honorarios a menos que ganemos. Llama al 866-352-9626 para una &#8230; <\/p>\n","protected":false},"author":3,"featured_media":0,"parent":0,"menu_order":0,"comment_status":"closed","ping_status":"closed","template":"template-practice-areas.php","meta":{"footnotes":""},"class_list":["post-21860","page","type-page","status-publish","hentry"],"featured_image_src":null,"featured_image_src_square":null,"_links":{"self":[{"href":"https:\/\/flaxmanlaw.com\/es\/wp-json\/wp\/v2\/pages\/21860","targetHints":{"allow":["GET"]}}],"collection":[{"href":"https:\/\/flaxmanlaw.com\/es\/wp-json\/wp\/v2\/pages"}],"about":[{"href":"https:\/\/flaxmanlaw.com\/es\/wp-json\/wp\/v2\/types\/page"}],"author":[{"embeddable":true,"href":"https:\/\/flaxmanlaw.com\/es\/wp-json\/wp\/v2\/users\/3"}],"replies":[{"embeddable":true,"href":"https:\/\/flaxmanlaw.com\/es\/wp-json\/wp\/v2\/comments?post=21860"}],"version-history":[{"count":0,"href":"https:\/\/flaxmanlaw.com\/es\/wp-json\/wp\/v2\/pages\/21860\/revisions"}],"wp:attachment":[{"href":"https:\/\/flaxmanlaw.com\/es\/wp-json\/wp\/v2\/media?parent=21860"}],"curies":[{"name":"wp","href":"https:\/\/api.w.org\/{rel}","templated":true}]}}