{"id":21864,"date":"2024-11-18T12:45:21","date_gmt":"2024-11-18T12:45:21","guid":{"rendered":"https:\/\/flaxmanlaw.wpenginepowered.com\/pompano-beach-homicidio-culposo-abogados-de-lesiones-personales-del-condado-de-broward\/"},"modified":"2024-11-18T12:45:21","modified_gmt":"2024-11-18T12:45:21","slug":"pompano-beach-homicidio-culposo-abogados-de-lesiones-personales-del-condado-de-broward","status":"publish","type":"page","link":"https:\/\/flaxmanlaw.com\/es\/pompano-beach-homicidio-culposo-abogados-de-lesiones-personales-del-condado-de-broward\/","title":{"rendered":"Pompano Beach Homicidio Culposo | Abogados de lesiones personales del condado de Broward"},"content":{"rendered":"<div class=\"bodytext\">\n<h2>Muerte por negligencia en Pompano Beach<\/h1><\/h2>\n<div class=\"description\">\n<p>Pompano Beach, Florida, ha estado poblada de colonos desde finales del siglo XIX, pero no fue hasta que los trabajadores del ferrocarril George Butler y Frank Sheene llegaron a la zona en 1896 que la regi\u00f3n tuvo sus primeros pobladores permanentes. A principios del siglo XX, la ciudad ten\u00eda el famoso Faro de Hillsboro, as\u00ed como m\u00e1s colonos, gracias en parte a la expansi\u00f3n impulsada por el ferrocarril. La ciudad se incorpor\u00f3 en 1908 y en la d\u00e9cada de 1920 se expandi\u00f3 a\u00fan m\u00e1s r\u00e1pidamente con el auge de las tierras de Florida. Como muchas comunidades del sur de Florida y del condado de Broward, Pompano Beach vio otra afluencia de residentes cuando los veteranos regresaron de la II Guerra Mundial. Hoy, Pompano Beach tiene un gran n\u00famero de residentes de todo el a\u00f1o y de temporada, as\u00ed como de visitantes. En los \u00faltimos a\u00f1os se ha producido otro auge de la construcci\u00f3n, estimulado en parte por la reactivaci\u00f3n de las zonas de la ciudad situadas frente a la playa.     <\/p>\n<p>Como cualquier ciudad de Florida, Pompano Beach sufre su buena dosis de accidentes. La ciudad experimenta el mismo n\u00famero de accidentes de tr\u00e1fico en Pompano Beach, accidentes en piscinas, accidentes laborales y otros accidentes para una comunidad de su tama\u00f1o. Cuando estos accidentes provocan una muerte por negligencia de alguien, los familiares directos del fallecido tienen derecho a presentar una <a href=\"muerte por negligencia.html\">demanda por homicidio culposo<\/a> en Pompano Beach.  <\/p>\n<p>Si has perdido a un ser querido por la negligencia de alguien, querr\u00e1s al menos consultar con un abogado de lesiones personales de Pompano Beach sobre la posibilidad de presentar una demanda por homicidio culposo. La indemnizaci\u00f3n en una demanda por homicidio culposo en Pompano Beach puede cubrir los gastos m\u00e9dicos finales, la p\u00e9rdida de ingresos (si el familiar fallecido percib\u00eda ingresos), los gastos funerarios, la p\u00e9rdida y el sufrimiento, la p\u00e9rdida de compa\u00f1\u00eda y orientaci\u00f3n, y otras p\u00e9rdidas. Este dinero puede ser decisivo para ayudarte a pagar los cuantiosos gastos finales de un ser querido y puede ayudarte a tener estabilidad econ\u00f3mica mientras sigues adelante con tu vida. Aunque tu ser querido tuviera seguro de vida, es posible que \u00e9ste no cubra todos los gastos asociados a tu p\u00e9rdida, y \u00bfacaso no merece tu familia todo el apoyo econ\u00f3mico al que tiene derecho?   <\/p>\n<p>Tambi\u00e9n puedes interponer una demanda por homicidio culposo en Pompano Beach para obtener respuestas sobre tu caso. En muchos casos, las familias que interponen reclamaciones legales consiguen que las partes responsables rindan cuentas y, en algunos casos, consiguen que se introduzcan cambios de seguridad que eviten accidentes en el futuro. <\/p>\n<p>Si est\u00e1s buscando un abogado de homicidio culposo en Pompano Beach, <a href=\"contacta con nosotros.html\">contacta<\/a> hoy mismo <a href=\"contacta con nosotros.html\">con<\/a> el Grupo Legal Flaxman. El equipo legal del Grupo Legal Flaxman ha trabajado exitosamente con miles de demandantes por lesiones personales y homicidio culposo en Florida del Sur y cuenta con los recursos para ayudar en una variedad de casos legales. El equipo jur\u00eddico del Grupo Legal Flaxman tambi\u00e9n es compasivo, profesional y dedicado a tu recuperaci\u00f3n.  <\/p>\n<p>Al mismo tiempo, el Grupo Legal Flaxman comprende lo delicado que puede ser un caso de homicidio culposo. Es por eso que el compasivo y atento equipo legal del Grupo Legal Flaxman hace todo lo posible para mantener su informaci\u00f3n confidencial. Desde la consulta inicial, gratuita y confidencial, hasta la resoluci\u00f3n de su caso, el Grupo Legal Flaxman mantiene su informaci\u00f3n privada y almacenada en servidores seguros, garantizando su total confianza y confidencialidad.  <\/p>\n<p>El compasivo y experimentado equipo legal del Grupo Legal Flaxman puede ayudarte a entender cu\u00e1nto podr\u00eda valer tu demanda. <a href=\"contacta con nosotros.html\">Contacta<\/a> hoy mismo al Grupo Legal Flaxman para hablar sobre tu caso con un abogado.<\/p>\n<\/p><\/div>\n<\/p><\/div>\n","protected":false},"excerpt":{"rendered":"<p>Sin honorarios a menos que ganemos. Llama al 866-352-9626 para una &#8230; <\/p>\n","protected":false},"author":3,"featured_media":0,"parent":0,"menu_order":0,"comment_status":"closed","ping_status":"closed","template":"template-practice-areas.php","meta":{"footnotes":""},"class_list":["post-21864","page","type-page","status-publish","hentry"],"featured_image_src":null,"featured_image_src_square":null,"_links":{"self":[{"href":"https:\/\/flaxmanlaw.com\/es\/wp-json\/wp\/v2\/pages\/21864","targetHints":{"allow":["GET"]}}],"collection":[{"href":"https:\/\/flaxmanlaw.com\/es\/wp-json\/wp\/v2\/pages"}],"about":[{"href":"https:\/\/flaxmanlaw.com\/es\/wp-json\/wp\/v2\/types\/page"}],"author":[{"embeddable":true,"href":"https:\/\/flaxmanlaw.com\/es\/wp-json\/wp\/v2\/users\/3"}],"replies":[{"embeddable":true,"href":"https:\/\/flaxmanlaw.com\/es\/wp-json\/wp\/v2\/comments?post=21864"}],"version-history":[{"count":0,"href":"https:\/\/flaxmanlaw.com\/es\/wp-json\/wp\/v2\/pages\/21864\/revisions"}],"wp:attachment":[{"href":"https:\/\/flaxmanlaw.com\/es\/wp-json\/wp\/v2\/media?parent=21864"}],"curies":[{"name":"wp","href":"https:\/\/api.w.org\/{rel}","templated":true}]}}