{"id":21866,"date":"2024-11-18T12:45:21","date_gmt":"2024-11-18T12:45:21","guid":{"rendered":"https:\/\/flaxmanlaw.wpenginepowered.com\/accidentes-por-cambio-imprudente-de-carril-en-pompano-beach-abogados-de-accidentes-de-trafico-del-condado-de-broward\/"},"modified":"2024-11-18T12:45:21","modified_gmt":"2024-11-18T12:45:21","slug":"accidentes-por-cambio-imprudente-de-carril-en-pompano-beach-abogados-de-accidentes-de-trafico-del-condado-de-broward","status":"publish","type":"page","link":"https:\/\/flaxmanlaw.com\/es\/accidentes-por-cambio-imprudente-de-carril-en-pompano-beach-abogados-de-accidentes-de-trafico-del-condado-de-broward\/","title":{"rendered":"Accidentes por cambio imprudente de carril en Pompano Beach | Abogados de accidentes de tr\u00e1fico del condado de Broward"},"content":{"rendered":"<div class=\"bodytext\">\n<h2>Accidentes por Cambio de Carril Inseguro en Pompano Beach<\/h1><\/h2>\n<div class=\"description\">\n<p>Los accidentes por cambio de carril en Pompano Beach y Florida pueden estar entre los accidentes m\u00e1s devastadores, ya que a menudo implican velocidad cuando un conductor intenta acelerar para esquivar a un veh\u00edculo o para incorporarse a otro carril.<\/p>\n<p>Los abogados del Grupo Legal Flaxman han visto de primera mano c\u00f3mo este tipo de choques automovil\u00edsticos pueden cambiar la vida de familias enteras. Nuestros abogados saben que este tipo de choques no s\u00f3lo causan dolor y lesiones personales, sino tambi\u00e9n a menudo devastaci\u00f3n financiera. <\/p>\n<p><strong class=\"heading4\">A menudo se cometen errores tras los accidentes de tr\u00e1fico en Pompano Beach y Florida<\/strong><\/p>\n<p>Los abogados del Grupo Legal Flaxman ven rutinariamente a demandantes y a personas lesionadas cometer errores sutiles despu\u00e9s de un choque de tr\u00e1fico. Desafortunadamente, los errores cometidos tras un choque de tr\u00e1fico pueden tener consecuencias a largo plazo y pueden robar a las familias la compensaci\u00f3n que justamente merecen seg\u00fan la ley de Florida. Si has sufrido un accidente, aseg\u00farate de no cometer estos errores:  <\/p>\n<p><strong class=\"heading4\">Error n\u00famero uno: ser demasiado arrogante en el lugar del accidente e inmediatamente despu\u00e9s de la colisi\u00f3n<\/strong><\/p>\n<p>Inmediatamente despu\u00e9s de un accidente, es importante vigilar lo que dices. Incluso pedir disculpas al otro conductor por las lesiones puede malinterpretarse como aceptar la culpa. <\/p>\n<p>Adem\u00e1s, es importante no ser demasiado casual a la hora de informar del accidente y seguir todos los procedimientos adecuados tras un accidente. Haz fotos del lugar del accidente, intercambia informaci\u00f3n sobre el seguro e informa del accidente seg\u00fan sea necesario. <\/p>\n<p>Adem\u00e1s, aseg\u00farate de obtener asesoramiento m\u00e9dico, aunque parezcas ileso. Ser demasiado despreocupado inmediatamente despu\u00e9s de un accidente puede dificultar tu posterior reclamaci\u00f3n. Una compa\u00f1\u00eda de seguros puede alegar que no est\u00e1s herido o que el accidente no fue muy grave si no tomaste medidas inmediatas para asegurar tu reclamaci\u00f3n.  <\/p>\n<p><strong class=\"heading4\">Error n\u00famero dos: aceptar r\u00e1pidamente una oferta del seguro o de conciliaci\u00f3n<\/strong><\/p>\n<p>Una oferta de acuerdo o de la aseguradora puede ser muy tentadora si has sufrido lesiones graves y ya tienes que hacer frente a p\u00e9rdidas de ingresos, facturas m\u00e9dicas y otros gastos. Una oferta puede parecer incluso muy generosa, pero es importante pensar a largo plazo en t\u00e9rminos de tu lesi\u00f3n. Tu lesi\u00f3n puede tardar meses o a\u00f1os en curarse. En algunos casos, puede ser permanente.   <\/p>\n<p>Adem\u00e1s, es posible que inmediatamente despu\u00e9s de tu accidente no sepas durante alg\u00fan tiempo la gravedad de tus lesiones. Un diagn\u00f3stico err\u00f3neo puede significar que tus lesiones son m\u00e1s graves de lo que pensabas inicialmente. Puedes pensar que est\u00e1s bien s\u00f3lo para descubrir despu\u00e9s que necesitas cirug\u00eda o cuidados m\u00e9dicos a largo plazo para tus lesiones. Si aceptas demasiado deprisa una oferta de acuerdo o de la aseguradora, puede que te quede poco o ning\u00fan recurso para obtener una indemnizaci\u00f3n justa por tus lesiones m\u00e1s adelante. Antes de aceptar cualquier oferta, es importante obtener asesoramiento jur\u00eddico para asegurarte de que no cometes un error costoso en tu situaci\u00f3n.    <\/p>\n<p>Los abogados del Grupo Legal Flaxman han recuperado acuerdos y veredictos en miles de casos de accidentes automovil\u00edsticos y lesiones personales en todo Florida del Sur. Si usted cree que puede tener un caso de negligencia o abuso f\u00edsico, <a href=\"contacta con nosotros.html\">contacte a nuestra firma de servicios integrales<\/a> para una evaluaci\u00f3n legal gratuita de su caso potencial. <\/p>\n<\/p><\/div>\n<\/p><\/div>\n","protected":false},"excerpt":{"rendered":"<p>Sin honorarios a menos que ganemos. Llama al 866-352-9626 para una &#8230; <\/p>\n","protected":false},"author":3,"featured_media":0,"parent":0,"menu_order":0,"comment_status":"closed","ping_status":"closed","template":"template-practice-areas.php","meta":{"footnotes":""},"class_list":["post-21866","page","type-page","status-publish","hentry"],"featured_image_src":null,"featured_image_src_square":null,"_links":{"self":[{"href":"https:\/\/flaxmanlaw.com\/es\/wp-json\/wp\/v2\/pages\/21866","targetHints":{"allow":["GET"]}}],"collection":[{"href":"https:\/\/flaxmanlaw.com\/es\/wp-json\/wp\/v2\/pages"}],"about":[{"href":"https:\/\/flaxmanlaw.com\/es\/wp-json\/wp\/v2\/types\/page"}],"author":[{"embeddable":true,"href":"https:\/\/flaxmanlaw.com\/es\/wp-json\/wp\/v2\/users\/3"}],"replies":[{"embeddable":true,"href":"https:\/\/flaxmanlaw.com\/es\/wp-json\/wp\/v2\/comments?post=21866"}],"version-history":[{"count":0,"href":"https:\/\/flaxmanlaw.com\/es\/wp-json\/wp\/v2\/pages\/21866\/revisions"}],"wp:attachment":[{"href":"https:\/\/flaxmanlaw.com\/es\/wp-json\/wp\/v2\/media?parent=21866"}],"curies":[{"name":"wp","href":"https:\/\/api.w.org\/{rel}","templated":true}]}}