{"id":21871,"date":"2024-11-18T12:45:21","date_gmt":"2024-11-18T12:45:21","guid":{"rendered":"https:\/\/flaxmanlaw.wpenginepowered.com\/pompano-beach-impacto-lateral-abogados-de-accidentes-de-coche-en-el-condado-de-broward\/"},"modified":"2024-11-18T12:45:21","modified_gmt":"2024-11-18T12:45:21","slug":"pompano-beach-impacto-lateral-abogados-de-accidentes-de-coche-en-el-condado-de-broward","status":"publish","type":"page","link":"https:\/\/flaxmanlaw.com\/es\/pompano-beach-impacto-lateral-abogados-de-accidentes-de-coche-en-el-condado-de-broward\/","title":{"rendered":"Pompano Beach Impacto lateral | Abogados de accidentes de coche en el condado de Broward"},"content":{"rendered":"<div class=\"bodytext\">\n<h2>Impacto lateral en Pompano Beach<\/h1><\/h2>\n<div class=\"description\">\n<p>\u00bfQu\u00e9 debes hacer tras un accidente de tr\u00e1fico por alcance? Este tipo de accidentes pueden causar graves lesiones y angustia. Si has sufrido un accidente automovil\u00edstico de impacto lateral en Pompano Beach, obt\u00e9n asesor\u00eda legal inmediata y una consulta sin costo y sin compromiso contactando al Grupo Legal Flaxman.  <\/p>\n<p><strong class=\"heading4\">\u00bfSabes qu\u00e9 hacer tras un accidente?<\/strong><\/p>\n<p>Si has sufrido un accidente de tr\u00e1fico con impacto lateral, debes<\/p>\n<ul>\n<li><strong>Eval\u00faa las lesiones y los da\u00f1os.<\/strong>  Si el accidente es grave y alguien est\u00e1 gravemente herido, ponte en contacto con el personal de emergencias de inmediato para que puedan acudir una ambulancia y la polic\u00eda al lugar del accidente. Si el accidente ha sido leve o no ha provocado da\u00f1os o lesiones graves, la ley de Florida exige que te apartes a un lado de la carretera para evitar un accidente secundario causado por la obstrucci\u00f3n del tr\u00e1fico. <\/li>\n<li><strong>Intercambia informaci\u00f3n con el otro conductor.<\/strong>  Cuando hables con el otro conductor, procura ce\u00f1irte s\u00f3lo a los hechos y no atribuyas ni aceptes culpas. De todos modos, en muchos casos es imposible saber qui\u00e9n caus\u00f3 el accidente sin una investigaci\u00f3n exhaustiva. Simplemente intercambia informaci\u00f3n de contacto e informaci\u00f3n sobre el seguro.  <\/li>\n<li><strong>Inicia la documentaci\u00f3n.<\/strong>  Haz fotos de las lesiones, as\u00ed como de los da\u00f1os del coche, del lugar del accidente y de cualquier otra informaci\u00f3n pertinente. Anota la fecha y hora del accidente, el lugar del accidente y los nombres e informaci\u00f3n de contacto de los testigos. Consigue una copia del informe policial.  <\/li>\n<li><strong>Busca atenci\u00f3n m\u00e9dica.<\/strong>  Aunque no est\u00e9s seguro de haber sufrido una lesi\u00f3n, habla con un m\u00e9dico o acude a una cl\u00ednica para que te hagan una evaluaci\u00f3n completa. En algunos casos, puede que no notes un esguince, una lesi\u00f3n de tejidos blandos o una lesi\u00f3n en la cabeza, aunque sean bastante comunes. A veces, simplemente el cuerpo tarda un poco m\u00e1s en producir alg\u00fan s\u00edntoma, y hablar con un m\u00e9dico garantiza que no tengas una lesi\u00f3n grave que hayas pasado por alto.  <\/li>\n<li><strong>Ponte en contacto con tu compa\u00f1\u00eda de seguros.<\/strong>  Inicia el proceso de reclamaci\u00f3n poni\u00e9ndote en contacto con tu compa\u00f1\u00eda de seguros para informarles del accidente.<\/li>\n<li><strong>Consigue asesoramiento jur\u00eddico.<\/strong>  Aunque tengas un seguro de coche y una cobertura m\u00e9dica excelentes, busca asesoramiento jur\u00eddico sobre tu situaci\u00f3n. Seg\u00fan la legislaci\u00f3n de Florida, puedes tener varias v\u00edas para reclamar una indemnizaci\u00f3n por tus lesiones, y reclamar m\u00e1s indemnizaciones garantiza que dispongas del dinero que necesitas para reponer los ingresos perdidos, pagar las facturas m\u00e9dicas y hacer frente a otros gastos. Ten en cuenta que, una vez que aceptas una oferta del seguro, puedes tener menos opciones de reclamaci\u00f3n legal, por lo que es buena idea hablar con un abogado especializado en lesiones personales antes de tomar cualquier decisi\u00f3n en tu caso.  <\/li>\n<\/ul>\n<p><strong class=\"heading4\">Consigue ayuda hoy si has sufrido lesiones<\/strong><\/p>\n<p>Es posible que tengas varias reclamaciones o partes responsables a las que puedas demandar tras un accidente por alcance. Tambi\u00e9n puedes ser capaz de negociar con tu proveedor de seguros para obtener una compensaci\u00f3n m\u00e1s justa. Para averiguar m\u00e1s, programe una <a href=\"contacta con nosotros.html\">consulta gratuita sobre accidentes<\/a> con el Grupo Legal Flaxman. El Grupo Legal Flaxman es una firma de servicios integrales con oficinas en Miami, Homestead y Hollywood. Nuestros abogados cuentan con m\u00e1s de 60 a\u00f1os de experiencia legal combinada y tienen un historial de victorias, como lo demuestran los m\u00e1s de $100 millones de d\u00f3lares que ya han recuperado a favor de demandantes.    <\/p>\n<\/p><\/div>\n<\/p><\/div>\n","protected":false},"excerpt":{"rendered":"<p>Sin honorarios a menos que ganemos. Llama al 866-352-9626 para una &#8230; <\/p>\n","protected":false},"author":3,"featured_media":0,"parent":0,"menu_order":0,"comment_status":"closed","ping_status":"closed","template":"template-practice-areas.php","meta":{"footnotes":""},"class_list":["post-21871","page","type-page","status-publish","hentry"],"featured_image_src":null,"featured_image_src_square":null,"_links":{"self":[{"href":"https:\/\/flaxmanlaw.com\/es\/wp-json\/wp\/v2\/pages\/21871","targetHints":{"allow":["GET"]}}],"collection":[{"href":"https:\/\/flaxmanlaw.com\/es\/wp-json\/wp\/v2\/pages"}],"about":[{"href":"https:\/\/flaxmanlaw.com\/es\/wp-json\/wp\/v2\/types\/page"}],"author":[{"embeddable":true,"href":"https:\/\/flaxmanlaw.com\/es\/wp-json\/wp\/v2\/users\/3"}],"replies":[{"embeddable":true,"href":"https:\/\/flaxmanlaw.com\/es\/wp-json\/wp\/v2\/comments?post=21871"}],"version-history":[{"count":0,"href":"https:\/\/flaxmanlaw.com\/es\/wp-json\/wp\/v2\/pages\/21871\/revisions"}],"wp:attachment":[{"href":"https:\/\/flaxmanlaw.com\/es\/wp-json\/wp\/v2\/media?parent=21871"}],"curies":[{"name":"wp","href":"https:\/\/api.w.org\/{rel}","templated":true}]}}