{"id":21872,"date":"2024-11-18T12:45:21","date_gmt":"2024-11-18T12:45:21","guid":{"rendered":"https:\/\/flaxmanlaw.wpenginepowered.com\/accidente-de-camion-en-pompano-beach-abogados-de-lesiones-de-camion-en-el-condado-de-broward\/"},"modified":"2024-11-18T12:45:21","modified_gmt":"2024-11-18T12:45:21","slug":"accidente-de-camion-en-pompano-beach-abogados-de-lesiones-de-camion-en-el-condado-de-broward","status":"publish","type":"page","link":"https:\/\/flaxmanlaw.com\/es\/accidente-de-camion-en-pompano-beach-abogados-de-lesiones-de-camion-en-el-condado-de-broward\/","title":{"rendered":"Accidente de Cami\u00f3n en Pompano Beach | Abogados de Lesiones de Cami\u00f3n en el Condado de Broward"},"content":{"rendered":"<div class=\"bodytext\">\n<h2>Accidente de Cami\u00f3n en Pompano Beach<\/h1><\/h2>\n<div class=\"description\">\n<p>Pompano Beach debe su nombre a una especie local de pez, por lo que no es de extra\u00f1ar que esta comunidad de Florida sea un destino de pesca de primer orden. Hay un rodeo local de pesca, un festival local del marisco, muchos alquileres de barcos de pesca y, por supuesto, muchos lugares donde ir a pescar. Pompano Beach tambi\u00e9n cuenta con algunas de las aguas m\u00e1s claras y c\u00e1lidas de Florida, por lo que es un destino excelente para los aficionados a la pesca y para todos los dem\u00e1s. Pompano Beach est\u00e1 a un corto trayecto en coche al norte de Fort Lauderdale y es famosa por su Goodyear Blimp. En la zona abundan la buena comida, las playas y los complejos tur\u00edsticos, y las atracciones para toda la familia.    <\/p>\n<p>Pompano Beach es famosa por su agua y sus playas, pero el tr\u00e1fico hacia y desde el agua causa <a href=\"accidentes-coche.html\">accidentes automovil\u00edsticos<\/a> y <a href=\"accidentes-de-cami\u00f3n.html\">accidentes de cami\u00f3n<\/a> en Pompano Beach cada a\u00f1o. Si usted ha sufrido un accidente de cami\u00f3n o de auto en Pompano Beach, querr\u00e1 contactar al experimentado y compasivo equipo legal del Grupo Legal Flaxman para determinar si tiene un caso. <\/p>\n<p>No hay costo por entrevistarse con el <a href=\"index.html\">Grupo Legal<\/a> Flaxman para hablar sobre su caso. Cuando usted contacta al Grupo Legal Flaxman, el equipo jur\u00eddico del Grupo Legal Flaxman puede programar una consulta inicial gratuita sobre accidentes para hablar sobre su caso, todo sin compromiso. Usted puede entrevistarse con uno de los miembros de nuestro equipo, hablar sobre su caso, hacer preguntas, y obtener consejos. Adem\u00e1s, el equipo legal del Grupo Legal Flaxman trabaja en base a contingencias. Esto significa que cuando trabajas con el Grupo Legal Flaxman en base a contingencia, no tendr\u00e1s que pagar ninguna cuenta legal mientras tu caso est\u00e9 pendiente. El Grupo Legal Flaxman no cobrar\u00e1 hasta que y a menos que ganemos su caso o lleguemos a un acuerdo extrajudicial. Si usted gana su caso o llega a un arreglo extrajudicial, el Grupo Legal Flaxman recibir\u00e1 el pago de los ingresos de su arreglo, garantizando que usted nunca reciba una cuenta legal mientras enfrenta presiones financieras tras su accidente de cami\u00f3n en Pompano Beach.      <\/p>\n<p>Despu\u00e9s de un accidente de cami\u00f3n en Pompano Beach, usted puede levantar una demanda al seguro o puede buscar un veredicto del jurado o un acuerdo por sus lesiones. Cada una de estas opciones es bastante diferente, y es mejor hablar sobre sus opciones y sus derechos con los miembros del equipo del Grupo Legal Flaxman antes de tomar una decisi\u00f3n en su caso. En general, trabajar con un proveedor de seguros significa que el Grupo Legal Flaxman trabajar\u00e1 en su nombre para negociar con las aseguradoras apropiadas para asegurar una cantidad de demanda m\u00e1s justa para usted. Si decides levantar una demanda legal en tu caso, \u00e9ste comenzar\u00e1 a abrirse camino a trav\u00e9s del sistema legal. En alg\u00fan momento, las partes responsables implicadas pueden ofrecerte un acuerdo extrajudicial a cambio de que detengas el procedimiento judicial. Si decides aceptar el acuerdo, no tendr\u00e1s que ir a juicio. Si decides llevar tu caso hasta los tribunales, un juez o un jurado decidir\u00e1n tu caso y el Grupo Legal Flaxman trabajar\u00e1 duro para representarte ante el tribunal.      <\/p>\n<p>Si quieres tener apoyo despu\u00e9s de tu accidente de cami\u00f3n en Pompano Beach, necesitas entender las leyes de camiones en Florida. Ya que el conductor promedio no cuenta con una extensa experiencia legal, es mejor dejar que el equipo jur\u00eddico del Grupo Legal Flaxman le ayude a comprender sus derechos y opciones. El equipo jur\u00eddico del Grupo Legal Flaxman cuenta con d\u00e9cadas de experiencia, as\u00ed como con el conocimiento legal que usted desea trabajando para usted en su caso.  <\/p>\n<p>Puedes conducir desde Pompano Beach hasta el despacho en Hollywood del Grupo Legal Flaxman en unos 27 minutos. Para hacer el trayecto, toma FL-811 S, W Atlantic Boulevard, I-95 S, FL-820 W, Hollywood Boulevard y N 56th Avenue hasta Johnson Street. El despacho del Grupo Legal Flaxman est\u00e1 en el 5715 de Johnson Street. Si tus lesiones te impiden conducir, el equipo legal del Grupo Legal Flaxman puede reunirse en tu casa, lugar de trabajo, o habitaci\u00f3n de hospital.   <\/p>\n<\/p><\/div>\n<div class=\"subpageslist\"> <strong class=\"heading4 widget-title\"><a href=\"pompano-beach-camionero-fatiga.html\">Fatiga del camionero<\/a><\/strong> <strong class=\"heading4 widget-title\"><a href=\"pompano-beach-puntos-ciegos.html\">Puntos ciegos<\/a><\/strong> <strong class=\"heading4 widget-title\"><a href=\"pompano-beach-braking-failure.html\">Fallo de frenado<\/a><\/strong> <strong class=\"heading4 widget-title\"><a href=\"pompano-playa-distancia-de-parada.html\">Distancia de frenado<\/a><\/strong> <strong class=\"heading4 widget-title\"><a href=\"pompano-beach-bald-neumaticos-explota-neumaticos.html\">Neum\u00e1ticos Calvos \/ Revent\u00f3n de Neum\u00e1ticos<\/a><\/strong> <strong class=\"heading4 widget-title\"><a href=\"pompano-beach-sobrepeso-sobrecarga-camiones.html\">Camiones con sobrepeso \/ sobrecarga<\/a><\/strong> <\/div>\n<\/p><\/div>\n","protected":false},"excerpt":{"rendered":"<p>Sin honorarios a menos que ganemos. Llama al 866-352-9626 para una &#8230; <\/p>\n","protected":false},"author":3,"featured_media":0,"parent":0,"menu_order":0,"comment_status":"closed","ping_status":"closed","template":"template-practice-areas.php","meta":{"footnotes":""},"class_list":["post-21872","page","type-page","status-publish","hentry"],"featured_image_src":null,"featured_image_src_square":null,"_links":{"self":[{"href":"https:\/\/flaxmanlaw.com\/es\/wp-json\/wp\/v2\/pages\/21872","targetHints":{"allow":["GET"]}}],"collection":[{"href":"https:\/\/flaxmanlaw.com\/es\/wp-json\/wp\/v2\/pages"}],"about":[{"href":"https:\/\/flaxmanlaw.com\/es\/wp-json\/wp\/v2\/types\/page"}],"author":[{"embeddable":true,"href":"https:\/\/flaxmanlaw.com\/es\/wp-json\/wp\/v2\/users\/3"}],"replies":[{"embeddable":true,"href":"https:\/\/flaxmanlaw.com\/es\/wp-json\/wp\/v2\/comments?post=21872"}],"version-history":[{"count":0,"href":"https:\/\/flaxmanlaw.com\/es\/wp-json\/wp\/v2\/pages\/21872\/revisions"}],"wp:attachment":[{"href":"https:\/\/flaxmanlaw.com\/es\/wp-json\/wp\/v2\/media?parent=21872"}],"curies":[{"name":"wp","href":"https:\/\/api.w.org\/{rel}","templated":true}]}}