{"id":21873,"date":"2024-11-18T12:45:21","date_gmt":"2024-11-18T12:45:21","guid":{"rendered":"https:\/\/flaxmanlaw.wpenginepowered.com\/agresion-sexual-en-pompano-beach-abogados-de-lesiones-en-el-condado-de-broward\/"},"modified":"2024-11-18T12:45:21","modified_gmt":"2024-11-18T12:45:21","slug":"agresion-sexual-en-pompano-beach-abogados-de-lesiones-en-el-condado-de-broward","status":"publish","type":"page","link":"https:\/\/flaxmanlaw.com\/es\/agresion-sexual-en-pompano-beach-abogados-de-lesiones-en-el-condado-de-broward\/","title":{"rendered":"Agresi\u00f3n sexual en Pompano Beach | Abogados de lesiones en el condado de Broward"},"content":{"rendered":"<div class=\"bodytext\">\n<h2>Agresi\u00f3n sexual en Pompano Beach<\/h1><\/h2>\n<div class=\"description\">\n<p>Las agresiones sexuales en Pompano Beach y Florida afectan a demasiadas personas cada a\u00f1o, caus\u00e1ndoles lesiones y traumas emocionales. Como sociedad, debemos hacer todo lo posible para proteger a los residentes vulnerables de los abusos y agresiones sexuales, y debemos hacer todo lo posible para que los autores y otras partes responsables respondan plenamente de sus delitos. El sistema de justicia penal puede ayudar, pero a menudo se ve obstaculizado. Unas leyes m\u00e1s duras contra los agresores ayudar\u00edan, pero hasta que se aprueben leyes m\u00e1s fuertes muchas supervivientes de agresiones sexuales descubren que pueden buscar justicia acudiendo a los tribunales civiles adem\u00e1s de a los penales.   <\/p>\n<p>Los abogados del Grupo Legal Flaxman comprenden las leyes de Florida y persiguen agresivamente a las partes responsables en los casos de lesiones personales. Sin embargo, nuestro equipo de profesionales tambi\u00e9n siente una gran compasi\u00f3n por quienes han resultado lesionados y trabajamos sin descanso en nuestra determinaci\u00f3n de ofrecer asistencia y justicia. Si has sufrido lesiones, ponte en contacto con nosotros para una consulta sin compromiso y sin coste alguno.  <\/p>\n<p><strong class=\"heading4\">Decidir presentar una demanda por lesiones personales en Pompano Beach o en tu comunidad<\/strong><\/p>\n<p>Obtener una indemnizaci\u00f3n justa significa que puedes buscar atenci\u00f3n m\u00e9dica y tratamiento de calidad para recuperarte lo m\u00e1s completa y r\u00e1pidamente posible. Muchos supervivientes de agresiones sexuales ni siquiera se plantean la posibilidad de solicitar una indemnizaci\u00f3n por sus lesiones. Sin embargo, el tratamiento y los costes m\u00e9dicos de este tipo de violencia pueden ser considerables. En algunos casos, los supervivientes sufren lesiones permanentes en la cabeza o contraen infecciones de transmisi\u00f3n sexual que les obligar\u00e1n a tomar medicamentos o a someterse a tratamiento de por vida. En casi todos los casos, una persona agredida tendr\u00e1 que acudir a urgencias para someterse a pruebas y tratamiento, un gasto que puede ascender a muchos miles de d\u00f3lares por s\u00ed solo. Es posible que tengan que ausentarse del trabajo mientras se curan y que necesiten recibir terapia o asesoramiento por el trauma emocional que les ha causado el suceso. No hay raz\u00f3n para que los supervivientes tengan que pagar solos estos gastos, sobre todo porque pueden ascender f\u00e1cilmente a decenas de miles de d\u00f3lares o incluso m\u00e1s.      <\/p>\n<p><strong class=\"heading4\">Leyes de Florida y agresi\u00f3n sexual<\/strong><\/p>\n<p>La legislaci\u00f3n de Florida permite a los supervivientes de agresiones reclamar una indemnizaci\u00f3n, as\u00ed como justicia, a trav\u00e9s del sistema judicial civil. Los supervivientes pueden reclamar judicialmente contra cualquier parte responsable, incluido el autor de la agresi\u00f3n. <\/p>\n<p>Si una superviviente de agresi\u00f3n sexual cumple los requisitos, puede presentar una demanda contra el propietario del lugar donde se produjo la agresi\u00f3n, contra el agresor y contra cualquier otra parte responsable. La interposici\u00f3n de una demanda civil permite a la superviviente reclamar justicia, as\u00ed como una indemnizaci\u00f3n por sus facturas m\u00e9dicas y otros gastos. Para saber m\u00e1s, los supervivientes de agresiones querr\u00e1n consultar a un abogado de lesiones personales poco despu\u00e9s de sufrirlas, a fin de averiguar qu\u00e9 se puede hacer para obtener la m\u00e1xima indemnizaci\u00f3n por sus lesiones.  <\/p>\n<p>Siempre es una buena idea conocer tus derechos y contar con un abogado de lesiones personales al que puedas llamar. Si has resultado lesionado por un asalto violento o una agresi\u00f3n sexual, ponte en contacto con el Grupo Legal Flaxman para recibir una evaluaci\u00f3n gratuita de tu caso. Los abogados del <a href=\"contacta con nosotros.html\">Grupo Legal Flaxman<\/a> han trabajado con muchos sobrevivientes de asalto y v\u00edctimas de violencia y comprenden los problemas que pueden afectar a estos individuos. Nuestro equipo de abogados ha recuperado m\u00e1s de 100 millones de d\u00f3lares a favor de sobrevivientes de lesiones personales y asalto. Podemos ayudarte a entender si tienes una demanda y podemos ayudarte a entender el valor de tu demanda potencial.    <\/p>\n<\/p><\/div>\n<\/p><\/div>\n","protected":false},"excerpt":{"rendered":"<p>Sin honorarios a menos que ganemos. Llama al 866-352-9626 para una &#8230; <\/p>\n","protected":false},"author":3,"featured_media":0,"parent":0,"menu_order":0,"comment_status":"closed","ping_status":"closed","template":"template-practice-areas.php","meta":{"footnotes":""},"class_list":["post-21873","page","type-page","status-publish","hentry"],"featured_image_src":null,"featured_image_src_square":null,"_links":{"self":[{"href":"https:\/\/flaxmanlaw.com\/es\/wp-json\/wp\/v2\/pages\/21873","targetHints":{"allow":["GET"]}}],"collection":[{"href":"https:\/\/flaxmanlaw.com\/es\/wp-json\/wp\/v2\/pages"}],"about":[{"href":"https:\/\/flaxmanlaw.com\/es\/wp-json\/wp\/v2\/types\/page"}],"author":[{"embeddable":true,"href":"https:\/\/flaxmanlaw.com\/es\/wp-json\/wp\/v2\/users\/3"}],"replies":[{"embeddable":true,"href":"https:\/\/flaxmanlaw.com\/es\/wp-json\/wp\/v2\/comments?post=21873"}],"version-history":[{"count":0,"href":"https:\/\/flaxmanlaw.com\/es\/wp-json\/wp\/v2\/pages\/21873\/revisions"}],"wp:attachment":[{"href":"https:\/\/flaxmanlaw.com\/es\/wp-json\/wp\/v2\/media?parent=21873"}],"curies":[{"name":"wp","href":"https:\/\/api.w.org\/{rel}","templated":true}]}}