{"id":21876,"date":"2024-11-18T12:45:21","date_gmt":"2024-11-18T12:45:21","guid":{"rendered":"https:\/\/flaxmanlaw.wpenginepowered.com\/accidentes-de-vuelco-en-pompano-beach-abogados-de-accidentes-de-coche-en-el-condado-de-broward\/"},"modified":"2024-11-18T12:45:21","modified_gmt":"2024-11-18T12:45:21","slug":"accidentes-de-vuelco-en-pompano-beach-abogados-de-accidentes-de-coche-en-el-condado-de-broward","status":"publish","type":"page","link":"https:\/\/flaxmanlaw.com\/es\/accidentes-de-vuelco-en-pompano-beach-abogados-de-accidentes-de-coche-en-el-condado-de-broward\/","title":{"rendered":"Accidentes de vuelco en Pompano Beach | Abogados de accidentes de coche en el condado de Broward"},"content":{"rendered":"<div class=\"bodytext\">\n<h2>Accidentes por vuelco en Pompano Beach<\/h1><\/h2>\n<div class=\"description\">\n<p>En un accidente con vuelco, un veh\u00edculo gira sobre su costado o vuelca sobre su techo. Si un accidente de coche normal en Pompano Beach es aterrador, un accidente con vuelco puede serlo a\u00fan m\u00e1s. Los accidentes con vuelco privan al conductor de todo control, de modo que no puede actuar para atenuar el impacto. Los accidentes con vuelco tambi\u00e9n hacen que los ocupantes del coche den tumbos por el interior del veh\u00edculo, sobre todo si fallan los sistemas de seguridad, como los cinturones de seguridad. Adem\u00e1s, en este tipo de choques, cualquier objeto del interior del veh\u00edculo se convierte en proyectil y puede causar f\u00e1cilmente da\u00f1os graves o incluso mortales a los ocupantes o pasajeros del coche.    <\/p>\n<p>Los abogados del Grupo Legal Flaxman est\u00e1n comprometidos a ayudarte a construir un caso s\u00f3lido y a asistirte en la b\u00fasqueda de una compensaci\u00f3n monetaria por los da\u00f1os que pudiste haber sufrido en tu colisi\u00f3n automovil\u00edstica. Buscar una indemnizaci\u00f3n no s\u00f3lo es un derecho en muchos casos, sino que tambi\u00e9n puede ayudarle a pagar una atenci\u00f3n m\u00e9dica de calidad y un alto nivel de cuidados para que usted y su familia puedan recuperarse m\u00e1s plenamente de su grave accidente. <\/p>\n<p><strong class=\"heading4\">\u00bfQu\u00e9 opciones tienes tras una colisi\u00f3n grave por vuelco?<\/strong><\/p>\n<p>Puede que tengas m\u00e1s opciones de las que crees. Por ejemplo, puedes presentar una demanda judicial contra varias partes responsables, o puedes llegar a un acuerdo extrajudicial o negociar con tu aseguradora. Buscar una indemnizaci\u00f3n justa no s\u00f3lo es un derecho, sino una parte importante del proceso de curaci\u00f3n. Un abogado puede ayudarte a comprender cu\u00e1les son tus opciones y puede ayudarte a entender qu\u00e9 puedes esperar del proceso. Si quieres saber si tienes un caso y cu\u00e1nto puedes cobrar por da\u00f1os y perjuicios, ponte en contacto con un abogado.    <\/p>\n<p>Reclamar justicia no s\u00f3lo te ayuda a empezar a recuperarte del accidente, sino que puede provocar cambios importantes en la seguridad y puede garantizar que dispongas del dinero que necesitas para pagar la atenci\u00f3n m\u00e9dica y otros servicios importantes durante tu recuperaci\u00f3n. Si quieres saber m\u00e1s sobre las opciones que te ofrece la legislaci\u00f3n de Florida, ponte en contacto con un abogado de lesiones personales de Pompano Beach o de tu comunidad lo antes posible despu\u00e9s de tu accidente para revisar tu situaci\u00f3n. Cuanto antes te pongas en contacto con un abogado, antes podr\u00e1s tomar medidas para proteger tu futuro y el de tu familia.  <\/p>\n<p><strong class=\"heading4\">Las decisiones que tomes tras tu accidente de tr\u00e1fico pueden afectarte durante a\u00f1os<\/strong><\/p>\n<p>Los abogados <a href=\"contacta con nosotros.html\">del Grupo Legal Flaxman<\/a> comprenden que actuar con rapidez y ser proactivo en la b\u00fasqueda de una indemnizaci\u00f3n puede tener un gran impacto no s\u00f3lo en la compensaci\u00f3n econ\u00f3mica recibida, sino tambi\u00e9n en el tipo de atenci\u00f3n m\u00e9dica que puedas permitirte m\u00e1s adelante. Asegurar una indemnizaci\u00f3n ahora puede garantizar que dispongas de los recursos financieros para empezar a reconstruir tu vida. Llama hoy mismo al Grupo Legal Flaxman para averiguar cu\u00e1les son tus opciones para protegerte y proteger tu futuro. Si no puedes acudir a nuestras oficinas debido a tus lesiones, nuestros abogados est\u00e1n dispuestos a viajar a tu hogar, lugar de trabajo o cuarto de hospital. Tu consulta inicial es gratuita y sin compromiso, as\u00ed que ponte en contacto con nosotros en el 866-352-9626 hoy mismo.    <\/p>\n<\/p><\/div>\n<\/p><\/div>\n","protected":false},"excerpt":{"rendered":"<p>Sin honorarios a menos que ganemos. Llama al 866-352-9626 para una &#8230; <\/p>\n","protected":false},"author":3,"featured_media":0,"parent":0,"menu_order":0,"comment_status":"closed","ping_status":"closed","template":"template-practice-areas.php","meta":{"footnotes":""},"class_list":["post-21876","page","type-page","status-publish","hentry"],"featured_image_src":null,"featured_image_src_square":null,"_links":{"self":[{"href":"https:\/\/flaxmanlaw.com\/es\/wp-json\/wp\/v2\/pages\/21876","targetHints":{"allow":["GET"]}}],"collection":[{"href":"https:\/\/flaxmanlaw.com\/es\/wp-json\/wp\/v2\/pages"}],"about":[{"href":"https:\/\/flaxmanlaw.com\/es\/wp-json\/wp\/v2\/types\/page"}],"author":[{"embeddable":true,"href":"https:\/\/flaxmanlaw.com\/es\/wp-json\/wp\/v2\/users\/3"}],"replies":[{"embeddable":true,"href":"https:\/\/flaxmanlaw.com\/es\/wp-json\/wp\/v2\/comments?post=21876"}],"version-history":[{"count":0,"href":"https:\/\/flaxmanlaw.com\/es\/wp-json\/wp\/v2\/pages\/21876\/revisions"}],"wp:attachment":[{"href":"https:\/\/flaxmanlaw.com\/es\/wp-json\/wp\/v2\/media?parent=21876"}],"curies":[{"name":"wp","href":"https:\/\/api.w.org\/{rel}","templated":true}]}}