{"id":21877,"date":"2024-11-18T12:45:21","date_gmt":"2024-11-18T12:45:21","guid":{"rendered":"https:\/\/flaxmanlaw.wpenginepowered.com\/pompano-beach-autobuses-privados-abogados-de-lesiones-en-el-condado-broward-grupo-legal-flaxman\/"},"modified":"2024-11-18T12:45:21","modified_gmt":"2024-11-18T12:45:21","slug":"pompano-beach-autobuses-privados-abogados-de-lesiones-en-el-condado-broward-grupo-legal-flaxman","status":"publish","type":"page","link":"https:\/\/flaxmanlaw.com\/es\/pompano-beach-autobuses-privados-abogados-de-lesiones-en-el-condado-broward-grupo-legal-flaxman\/","title":{"rendered":"Pompano Beach Autobuses Privados | Abogados de Lesiones en el Condado Broward Grupo Legal Flaxman"},"content":{"rendered":"<div class=\"bodytext\">\n<h2>Pompano Beach Autobuses Privados<\/h1><\/h2>\n<div class=\"description\">\n<p>Resultar herido en un accidente de tr\u00e1fico en Pompano Beach ya es bastante aterrador si est\u00e1s conduciendo tu propio coche y otro veh\u00edculo choca contra ti. Al menos est\u00e1s en un entorno conocido y puedes recurrir a familiares, amigos y a tu compa\u00f1\u00eda de seguros para que te ayuden. Pero, \u00bfqu\u00e9 ocurre cuando vas en un autob\u00fas de l\u00ednea o privado mientras visitas la zona y te lesionas lejos de casa? Puede que no sepas d\u00f3nde acudir para obtener asesoramiento m\u00e9dico o una indemnizaci\u00f3n, y que est\u00e9s lejos de tu sistema de apoyo justo cuando m\u00e1s los necesitas. En estas situaciones, la ayuda de un abogado con experiencia puede ser inestimable.    <\/p>\n<p>Con m\u00e1s de 60 a\u00f1os de experiencia combinada, el equipo de abogados del Grupo Legal Flaxman entiende las regulaciones y leyes aplicables a las demandas por accidentes de autob\u00fas. Si has resultado lesionado, no dudes en contactar con nuestro bufete para una evaluaci\u00f3n gratuita y confidencial de tu caso. Tu consulta personalizada es tu oportunidad de hacer preguntas y de recibir consejos honestos sobre tu situaci\u00f3n.  <\/p>\n<p><strong class=\"heading4\">Causas de accidentes de autobuses de enlace en Pompano Beach y Florida<\/strong><\/p>\n<p>Hay muchas razones por las que se producen accidentes de autobuses de enlace y autobuses privados, entre ellas:<\/p>\n<ul>\n<li>Distracci\u00f3n del conductor<\/li>\n<li>Obras o construcci\u00f3n de carreteras<\/li>\n<li>Mal mantenimiento de los autobuses<\/li>\n<li>Defectos mec\u00e1nicos<\/li>\n<li>Mal dise\u00f1o de las carreteras<\/li>\n<li>Conducci\u00f3n bajo los efectos del alcohol<\/li>\n<li>Conducci\u00f3n fatigada<\/li>\n<li>Falta de formaci\u00f3n de los conductores<\/li>\n<\/ul>\n<p>Si has sufrido lesiones en un accidente de autob\u00fas lanzadera o de cualquier tipo de autob\u00fas privado, querr\u00e1s preguntarte qu\u00e9 caus\u00f3 el accidente. Si tu accidente fue causado por imprudencia, negligencia u otra causa evitable, puedes tener derecho a una reclamaci\u00f3n legal y a solicitar una indemnizaci\u00f3n por las p\u00e9rdidas, da\u00f1os o costes que hayas sufrido. <\/p>\n<p><strong class=\"heading4\">\u00bfQui\u00e9n te protege tras un accidente de tr\u00e1fico?<\/strong><\/p>\n<p>La empresa de autobuses implicada en tu accidente de autob\u00fas privado o lanzadera puede parecer que est\u00e1 de tu parte si has resultado herido. Pueden ofrecerte una atenci\u00f3n compasiva e incluso ayudarte a ponerte en contacto con el personal de urgencias. Sin embargo, ten en cuenta que la empresa de autobuses y su aseguradora entrar\u00e1n en acci\u00f3n casi inmediatamente para limitar su responsabilidad. Su objetivo es denegar tu reclamaci\u00f3n o reducir su responsabilidad para pagarte menos indemnizaci\u00f3n. Inmediatamente despu\u00e9s del accidente, reunir\u00e1n pruebas e interrogar\u00e1n a testigos para proteger sus intereses. Necesitas a alguien que proteja tus intereses, por eso es importante consultar a un abogado de lesiones personales inmediatamente despu\u00e9s de una colisi\u00f3n.     <\/p>\n<p><strong class=\"heading4\">Qu\u00e9 hacer si necesitas asesoramiento jur\u00eddico<\/strong><\/p>\n<p>Los clientes <a href=\"contacta con nosotros.html\">del Grupo Legal Flaxman<\/a> han sufrido lesiones al utilizar autobuses privados, hacia autobuses, lanzaderas de aeropuerto, lanzaderas de alquiler de coches, lanzaderas de hotel y otros servicios de autobuses privados. En nuestro bufete, nuestro equipo de abogados comprende las leyes y recursos locales para poder ayudar a los clientes a encontrar una indemnizaci\u00f3n, as\u00ed como asistencia tras sufrir lesiones graves. Trabajamos duro para construir casos s\u00f3lidos y presentar demandas de forma agresiva para que nuestros clientes disfruten de una vida mejor. Si has sufrido lesiones, siempre puedes ponerte en contacto con nuestro bufete de abogados para obtener m\u00e1s informaci\u00f3n sobre las opciones que pueden existir para ti y tu familia.   <\/p>\n<\/p><\/div>\n<\/p><\/div>\n","protected":false},"excerpt":{"rendered":"<p>Sin honorarios a menos que ganemos. Llama al 866-352-9626 para una &#8230; <\/p>\n","protected":false},"author":3,"featured_media":0,"parent":0,"menu_order":0,"comment_status":"closed","ping_status":"closed","template":"template-practice-areas.php","meta":{"footnotes":""},"class_list":["post-21877","page","type-page","status-publish","hentry"],"featured_image_src":null,"featured_image_src_square":null,"_links":{"self":[{"href":"https:\/\/flaxmanlaw.com\/es\/wp-json\/wp\/v2\/pages\/21877","targetHints":{"allow":["GET"]}}],"collection":[{"href":"https:\/\/flaxmanlaw.com\/es\/wp-json\/wp\/v2\/pages"}],"about":[{"href":"https:\/\/flaxmanlaw.com\/es\/wp-json\/wp\/v2\/types\/page"}],"author":[{"embeddable":true,"href":"https:\/\/flaxmanlaw.com\/es\/wp-json\/wp\/v2\/users\/3"}],"replies":[{"embeddable":true,"href":"https:\/\/flaxmanlaw.com\/es\/wp-json\/wp\/v2\/comments?post=21877"}],"version-history":[{"count":0,"href":"https:\/\/flaxmanlaw.com\/es\/wp-json\/wp\/v2\/pages\/21877\/revisions"}],"wp:attachment":[{"href":"https:\/\/flaxmanlaw.com\/es\/wp-json\/wp\/v2\/media?parent=21877"}],"curies":[{"name":"wp","href":"https:\/\/api.w.org\/{rel}","templated":true}]}}