{"id":21881,"date":"2024-11-18T12:45:21","date_gmt":"2024-11-18T12:45:21","guid":{"rendered":"https:\/\/flaxmanlaw.wpenginepowered.com\/pompano-beach-mal-diseno-de-la-carretera-abogados-de-accidentes-de-trafico-del-condado-de-broward\/"},"modified":"2024-11-18T12:45:21","modified_gmt":"2024-11-18T12:45:21","slug":"pompano-beach-mal-diseno-de-la-carretera-abogados-de-accidentes-de-trafico-del-condado-de-broward","status":"publish","type":"page","link":"https:\/\/flaxmanlaw.com\/es\/pompano-beach-mal-diseno-de-la-carretera-abogados-de-accidentes-de-trafico-del-condado-de-broward\/","title":{"rendered":"Pompano Beach Mal dise\u00f1o de la carretera | Abogados de accidentes de tr\u00e1fico del condado de Broward"},"content":{"rendered":"<div class=\"bodytext\">\n<h2>Pompano Beach Mal dise\u00f1o de la carretera<\/h1><\/h2>\n<div class=\"description\">\n<p>El mal dise\u00f1o de las carreteras en Pompano Beach puede causar y causa accidentes de cami\u00f3n y de coche cada a\u00f1o. Por desgracia, puede resultar dif\u00edcil perseguir a las partes responsables en estos casos. En algunos casos, es dif\u00edcil saber si el dise\u00f1o de la carretera tuvo algo que ver en un accidente de tr\u00e1fico. Puede ser dif\u00edcil determinar, por ejemplo, si un carril de giro era ligeramente demasiado estrecho para la seguridad o si una autopista ser\u00eda m\u00e1s segura con un l\u00edmite de velocidad ligeramente inferior.   <\/p>\n<p>Afortunadamente, es posible obtener respuestas sobre tu accidente y buscar justicia e indemnizaci\u00f3n en casos de dise\u00f1o de carreteras. Los abogados del Grupo Legal Flaxman han resuelto con \u00e9xito miles de casos de accidentes de tr\u00e1fico y lesiones personales y trabajan con un equipo de profesionales de la investigaci\u00f3n para obtener respuestas. Si tu colisi\u00f3n fue causada por un dise\u00f1o vial defectuoso y si tienes una demanda, nuestra firma de servicios integrales cuenta con los recursos para luchar agresivamente por tus derechos. Para saber m\u00e1s, contacta hoy mismo al Grupo Legal Flaxman para una revisi\u00f3n gratuita de tu caso.   <\/p>\n<p><strong class=\"heading4\">\u00bfCu\u00e1nto te ayudar\u00e1 tu compa\u00f1\u00eda de seguros tras una colisi\u00f3n de tr\u00e1fico en Pompano Beach o en tu comunidad?<\/strong><\/p>\n<p>Una de las primeras llamadas que hacen muchas personas tras sufrir un accidente de tr\u00e1fico grave es a su compa\u00f1\u00eda de seguros. Aunque es una buena idea presentar enseguida una reclamaci\u00f3n al seguro, es importante tener en cuenta que no tienes por qu\u00e9 aceptar la primera oferta que te haga tu compa\u00f1\u00eda de seguros. <\/p>\n<p>De hecho, una de las primeras llamadas que hagas deber\u00eda ser a un abogado de lesiones personales de tu comunidad. Un abogado de lesiones personales puede ayudarte a comprender cu\u00e1nto pueden acabar cost\u00e1ndote realmente tus lesiones a largo plazo y puede ayudarte a evaluar las ofertas de las compa\u00f1\u00edas de seguros, as\u00ed como las ofertas de acuerdo. Un abogado de seguros o de lesiones personales puede negociar con tu compa\u00f1\u00eda de seguros y puede asegurarse de que se hace todo lo posible para conseguir la indemnizaci\u00f3n m\u00e1s justa posible, de modo que no tengas que acabar pagando de tu bolsillo gastos catastr\u00f3ficos.  <\/p>\n<p><strong class=\"heading4\">\u00bfQui\u00e9n es responsable de tu colisi\u00f3n de tr\u00e1fico?<\/strong><\/p>\n<p>Seg\u00fan tu situaci\u00f3n, puede haber varias partes responsables en tu colisi\u00f3n, entre ellas:<\/p>\n<ul>\n<li>Fabricantes de veh\u00edculos<\/li>\n<li>El municipio donde se produjo el accidente<\/li>\n<li>Conductores culpables<\/li>\n<li>Las empresas constructoras responsables del mantenimiento de las carreteras<\/li>\n<li>Los ingenieros que dise\u00f1aron las carreteras<\/li>\n<li>El propietario o la empresa responsable del coche que choc\u00f3 contra tu veh\u00edculo<\/li>\n<\/ul>\n<p>Incluso puede haber varias partes responsables en tu caso si m\u00e1s de un factor contribuy\u00f3 a la colisi\u00f3n. Por desgracia, a menudo es dif\u00edcil saber qu\u00e9 ha causado un accidente de tr\u00e1fico. <\/p>\n<p>Si tienes preguntas sobre tu accidente o quieres saber qu\u00e9 ha causado la colisi\u00f3n, ponte en contacto con un abogado de lesiones personales en Pompano Beach o en tu comunidad. Un abogado de lesiones personales puede trabajar con expertos en reconstrucci\u00f3n de accidentes, ingenieros y otros profesionales para averiguar exactamente qu\u00e9 ha causado el accidente y puede perseguir a todas las partes responsables en tu nombre para que tengas la mejor oportunidad posible de obtener una indemnizaci\u00f3n justa. <\/p>\n<p>Si desea hablar hoy mismo con un abogado de lesiones personales, <a href=\"contacta con nosotros.html\">contacte al Grupo Legal Flaxman<\/a> para una consulta gratuita de su caso. Nuestro equipo de profesionales legales estar\u00e1 encantado de ayudarle a revisar sus opciones. <\/p>\n<\/p><\/div>\n<\/p><\/div>\n","protected":false},"excerpt":{"rendered":"<p>Sin honorarios a menos que ganemos. Llama al 866-352-9626 para una &#8230; <\/p>\n","protected":false},"author":3,"featured_media":0,"parent":0,"menu_order":0,"comment_status":"closed","ping_status":"closed","template":"template-practice-areas.php","meta":{"footnotes":""},"class_list":["post-21881","page","type-page","status-publish","hentry"],"featured_image_src":null,"featured_image_src_square":null,"_links":{"self":[{"href":"https:\/\/flaxmanlaw.com\/es\/wp-json\/wp\/v2\/pages\/21881","targetHints":{"allow":["GET"]}}],"collection":[{"href":"https:\/\/flaxmanlaw.com\/es\/wp-json\/wp\/v2\/pages"}],"about":[{"href":"https:\/\/flaxmanlaw.com\/es\/wp-json\/wp\/v2\/types\/page"}],"author":[{"embeddable":true,"href":"https:\/\/flaxmanlaw.com\/es\/wp-json\/wp\/v2\/users\/3"}],"replies":[{"embeddable":true,"href":"https:\/\/flaxmanlaw.com\/es\/wp-json\/wp\/v2\/comments?post=21881"}],"version-history":[{"count":0,"href":"https:\/\/flaxmanlaw.com\/es\/wp-json\/wp\/v2\/pages\/21881\/revisions"}],"wp:attachment":[{"href":"https:\/\/flaxmanlaw.com\/es\/wp-json\/wp\/v2\/media?parent=21881"}],"curies":[{"name":"wp","href":"https:\/\/api.w.org\/{rel}","templated":true}]}}