{"id":21882,"date":"2024-11-18T12:45:21","date_gmt":"2024-11-18T12:45:21","guid":{"rendered":"https:\/\/flaxmanlaw.wpenginepowered.com\/accidente-en-el-transporte-publico-de-pompano-beach-abogados-de-lesiones-del-condado-de-broward\/"},"modified":"2024-11-18T12:45:21","modified_gmt":"2024-11-18T12:45:21","slug":"accidente-en-el-transporte-publico-de-pompano-beach-abogados-de-lesiones-del-condado-de-broward","status":"publish","type":"page","link":"https:\/\/flaxmanlaw.com\/es\/accidente-en-el-transporte-publico-de-pompano-beach-abogados-de-lesiones-del-condado-de-broward\/","title":{"rendered":"Accidente en el transporte p\u00fablico de Pompano Beach | Abogados de lesiones del condado de Broward"},"content":{"rendered":"<div class=\"bodytext\">\n<h2>Accidente en el transporte p\u00fablico de Pompano Beach<\/h1><\/h2>\n<div class=\"description\">\n<p>Aunque los accidentes de coche en Pompano Beach y en todo Florida son mucho m\u00e1s frecuentes que los accidentes de transporte p\u00fablico, se producen accidentes de tren y autob\u00fas. De hecho, en todo el pa\u00eds hubo 247 colisiones mortales de autobuses s\u00f3lo en 2008. Ese mismo a\u00f1o, hubo m\u00e1s de 11.000 colisiones de autobuses que causaron lesiones a m\u00e1s de 24.000 personas. Adem\u00e1s de los accidentes de autob\u00fas, las colisiones de trenes y la violencia en los veh\u00edculos de transporte colectivo causaron decenas de miles de heridos y algunos muertos.   <\/p>\n<p>Si has resultado lesionado en un accidente de tren, autob\u00fas u otro medio de transporte p\u00fablico, no dudes en ponerte en contacto con el Grupo Legal Flaxman en cualquier momento para recibir una evaluaci\u00f3n gratuita y sin compromiso de tu caso. No deber\u00edas tener que preocuparte solo por los costes y la situaci\u00f3n si has sufrido lesiones graves. Nuestro equipo de abogados compasivos y profesionales puede estar a tu lado mientras luchas por la justicia en tu caso.  <\/p>\n<p><strong class=\"heading4\">Por qu\u00e9 necesitas asesoramiento jur\u00eddico tras un accidente de tr\u00e1fico en Pompano Beach o en tu comunidad de Florida<\/strong><\/p>\n<p>Muchos organismos p\u00fablicos son bastante burocr\u00e1ticos y tienen equipos de abogados que los protegen, as\u00ed como una legislaci\u00f3n que los protege de algunos tipos de responsabilidad. Si te has lesionado en un accidente de transporte p\u00fablico en Pompano beach o en cualquier comunidad de Florida, puedes encontrarte con que estas cuestiones afectan realmente a tu capacidad para solicitar una indemnizaci\u00f3n justa. Por esta raz\u00f3n, si te has lesionado en un autob\u00fas, tren u otro veh\u00edculo de transporte p\u00fablico, es importante que consultes con un abogado de lesiones personales.  <\/p>\n<p>Otro de los retos de los casos de transporte p\u00fablico es que a veces las facturas m\u00e9dicas superan la oferta del seguro. Es decir, puede que la autoridad de transporte p\u00fablico o la agencia de transporte p\u00fablico, o sus compa\u00f1\u00edas de seguros, te ofrezcan dinero del seguro o de la indemnizaci\u00f3n. Sin embargo, con el tiempo puedes descubrir que tus facturas m\u00e9dicas, salarios perdidos y otros gastos son mayores que la cantidad de dinero que te han ofrecido. Desgraciadamente, si has firmado documentos para aceptar el dinero del acuerdo o del seguro, puedes encontrarte con que tienes poco o ning\u00fan recurso para emprender acciones legales adicionales para conseguir dinero adicional. Esto puede significar que seas responsable de pagar de tu bolsillo decenas de miles o incluso cientos de miles de d\u00f3lares en gastos si hay una diferencia entre los costes de las lesiones y las prestaciones del seguro ofrecidas.    <\/p>\n<p><strong class=\"heading4\">\u00bfQuieres Recuperar Da\u00f1os y Perjuicios Tras Sufrir Una Lesi\u00f3n Grave En El Sur De Florida?<\/strong><\/p>\n<p><a href=\"contacta con nosotros.html\">Contacta<\/a> al Grupo Legal Flaxman, una firma de servicios integrales con oficinas en Hollywood, Homestead y Miami. Nuestros abogados de lesiones personales est\u00e1n siempre disponibles para revisiones de casos gratuitas y sin compromiso. Si usted ha resultado lesionado, contacte a nuestra firma de servicios integrales para averiguar lo que es posible en su caso.  <\/p>\n<p>Podemos ayudarte a proteger tus derechos y darte asesoramiento jur\u00eddico sobre tu situaci\u00f3n. Si decides levantar una demanda o negociar con las aseguradoras, nuestros abogados, que cuentan con m\u00e1s de seis d\u00e9cadas de experiencia en juicios y negociaciones, pueden ayudarte en cada paso del camino. Una consulta inicial con <a href=\"index.html\">el Grupo Legal Flaxman<\/a> es gratuita y absolutamente no te pone bajo ninguna obligaci\u00f3n, as\u00ed que cont\u00e1ctanos en l\u00ednea o llamando a nuestro n\u00famero gratuito al 866-352-9626 para recibir una revisi\u00f3n gratuita de tu caso.  <\/p>\n<\/p><\/div>\n<\/p><\/div>\n","protected":false},"excerpt":{"rendered":"<p>Sin honorarios a menos que ganemos. Llama al 866-352-9626 para una &#8230; <\/p>\n","protected":false},"author":3,"featured_media":0,"parent":0,"menu_order":0,"comment_status":"closed","ping_status":"closed","template":"template-practice-areas.php","meta":{"footnotes":""},"class_list":["post-21882","page","type-page","status-publish","hentry"],"featured_image_src":null,"featured_image_src_square":null,"_links":{"self":[{"href":"https:\/\/flaxmanlaw.com\/es\/wp-json\/wp\/v2\/pages\/21882","targetHints":{"allow":["GET"]}}],"collection":[{"href":"https:\/\/flaxmanlaw.com\/es\/wp-json\/wp\/v2\/pages"}],"about":[{"href":"https:\/\/flaxmanlaw.com\/es\/wp-json\/wp\/v2\/types\/page"}],"author":[{"embeddable":true,"href":"https:\/\/flaxmanlaw.com\/es\/wp-json\/wp\/v2\/users\/3"}],"replies":[{"embeddable":true,"href":"https:\/\/flaxmanlaw.com\/es\/wp-json\/wp\/v2\/comments?post=21882"}],"version-history":[{"count":0,"href":"https:\/\/flaxmanlaw.com\/es\/wp-json\/wp\/v2\/pages\/21882\/revisions"}],"wp:attachment":[{"href":"https:\/\/flaxmanlaw.com\/es\/wp-json\/wp\/v2\/media?parent=21882"}],"curies":[{"name":"wp","href":"https:\/\/api.w.org\/{rel}","templated":true}]}}