{"id":21885,"date":"2024-11-18T12:45:21","date_gmt":"2024-11-18T12:45:21","guid":{"rendered":"https:\/\/flaxmanlaw.wpenginepowered.com\/abuso-fisico-en-pompano-beach-abogados-de-lesiones-en-el-condado-de-broward\/"},"modified":"2024-11-18T12:45:21","modified_gmt":"2024-11-18T12:45:21","slug":"abuso-fisico-en-pompano-beach-abogados-de-lesiones-en-el-condado-de-broward","status":"publish","type":"page","link":"https:\/\/flaxmanlaw.com\/es\/abuso-fisico-en-pompano-beach-abogados-de-lesiones-en-el-condado-de-broward\/","title":{"rendered":"Abuso f\u00edsico en Pompano Beach | Abogados de lesiones en el condado de Broward"},"content":{"rendered":"<div class=\"bodytext\">\n<h2>Maltrato f\u00edsico en Pompano Beach<\/h1><\/h2>\n<div class=\"description\">\n<p>Sobrevivir a una agresi\u00f3n f\u00edsica en Pompano Beach o en tu comunidad de Florida puede ser una de las experiencias m\u00e1s aterradoras a las que te enfrentes. Adem\u00e1s del miedo a ser amenazado f\u00edsicamente y de sobrevivir a contactos no deseados como empujones, golpes y otros tipos de violencia, puedes sufrir lesiones graves. En algunos casos, los supervivientes de agresiones f\u00edsicas se enfrentan a lesiones potencialmente mortales, como traumatismos craneoencef\u00e1licos, traumatismos medulares e incluso lesiones internas. Estas lesiones pueden requerir meses de curaci\u00f3n o dejarte permanentemente lesionado, incapacitado para trabajar y para mantener a tu familia.   <\/p>\n<p>Si has sobrevivido a una agresi\u00f3n f\u00edsica o a otro acto de violencia, mereces respuestas. Si te gustar\u00eda saber qu\u00e9 opciones legales tienes despu\u00e9s del incidente, contacta al Grupo Legal Flaxman para revisar tus opciones. El Grupo Legal Flaxman ha estado ayudando a sobrevivientes de violencia a buscar compensaci\u00f3n y justicia por sus lesiones durante d\u00e9cadas. De hecho, los abogados de nuestra firma de servicios integrales tienen m\u00e1s de 60 a\u00f1os de experiencia combinada en juicios, as\u00ed como una extensa experiencia negociando con aseguradoras.   <\/p>\n<p><strong class=\"heading4\">La realidad de la violencia, la agresi\u00f3n y la agresi\u00f3n sexual en Pompano Beach y Florida<\/strong><\/p>\n<p>Mucha gente se centra en el considerable trauma que sufren las v\u00edctimas de agresiones. Aunque es cierto que las secuelas emocionales de estas agresiones pueden ser considerables, es importante no pasar por alto las consecuencias f\u00edsicas de sufrir lesiones graves. Las personas que han sido v\u00edctimas de agresiones suelen sufrir lesiones graves, como fracturas, lesiones medulares, traumatismos cerebrales y otras lesiones. Pueden requerir cuidados considerables y costosos y pueden incurrir en una serie de gastos importantes, entre ellos:   <\/p>\n<ul>\n<li>Gastos de urgencias<\/li>\n<li>Facturas hospitalarias<\/li>\n<li>Cirug\u00edas<\/li>\n<li>Medicaci\u00f3n<\/li>\n<li>Dispositivos m\u00e9dicos o farmac\u00e9uticos<\/li>\n<li>Asistencia a domicilio o cuidados de larga duraci\u00f3n<\/li>\n<li>Fisioterapia, terapia ocupacional, asesoramiento y otros servicios<\/li>\n<li>P\u00e9rdida de ingresos<\/li>\n<li>Gastos m\u00e9dicos previstos en el futuro<\/li>\n<li>Futuras oportunidades de salarios perdidos<\/li>\n<li>Gastos accesorios<\/li>\n<li>Da\u00f1os materiales<\/li>\n<\/ul>\n<p>Si has sobrevivido a una agresi\u00f3n violenta, \u00bfc\u00f3mo pagar\u00e1s esos gastos? Pueden sumar f\u00e1cilmente decenas de miles de d\u00f3lares o incluso cientos de miles de d\u00f3lares en caso de lesiones graves. <\/p>\n<p><strong class=\"heading4\">La ley de Florida te protege<\/strong><\/p>\n<p>La legislaci\u00f3n de Florida dispone de muchos tipos de recursos para las personas que han sufrido lesiones sin tener culpa alguna. Si has resultado herido en un accidente de coche en Pompano Beach o en otra comunidad de Florida, puede que ya sepas que est\u00e1s cubierto por el seguro y que puedes tener una reclamaci\u00f3n legal. La realidad es que si has resultado herido por un acto violento tambi\u00e9n puedes tener una reclamaci\u00f3n legal. Puedes tener una reclamaci\u00f3n contra el agresor o incluso contra otras posibles partes responsables que permitieron que se produjera la violencia.   <\/p>\n<p>Para averiguar si tienes una demanda legal, <a href=\"contacta con nosotros.html\">contacta con<\/a> el Grupo Legal Flaxman para concertar una consulta gratuita y sin compromiso sobre tu caso. Aunque la ley de Florida te protege, necesitas a alguien que conozca la ley y que pueda construirte un caso s\u00f3lido para que puedas enfrentarte a tu agresor en los tribunales o a otras partes responsables y compa\u00f1\u00edas de seguros para buscar la m\u00e1xima compensaci\u00f3n por tus p\u00e9rdidas y da\u00f1os. Los abogados <a href=\"index.html\">del Grupo Legal Flaxman<\/a> cuentan con d\u00e9cadas de experiencia y ya han ayudado a recuperar m\u00e1s de $100 millones de d\u00f3lares a favor de miles de demandantes por lesiones personales en todo Florida del Sur. Consulta con nosotros en una evaluaci\u00f3n gratuita y sin compromiso de tu caso para averiguar si tienes una demanda.   <\/p>\n<\/p><\/div>\n<\/p><\/div>\n","protected":false},"excerpt":{"rendered":"<p>Sin honorarios a menos que ganemos. Llama al 866-352-9626 para una &#8230; <\/p>\n","protected":false},"author":3,"featured_media":0,"parent":0,"menu_order":0,"comment_status":"closed","ping_status":"closed","template":"template-practice-areas.php","meta":{"footnotes":""},"class_list":["post-21885","page","type-page","status-publish","hentry"],"featured_image_src":null,"featured_image_src_square":null,"_links":{"self":[{"href":"https:\/\/flaxmanlaw.com\/es\/wp-json\/wp\/v2\/pages\/21885","targetHints":{"allow":["GET"]}}],"collection":[{"href":"https:\/\/flaxmanlaw.com\/es\/wp-json\/wp\/v2\/pages"}],"about":[{"href":"https:\/\/flaxmanlaw.com\/es\/wp-json\/wp\/v2\/types\/page"}],"author":[{"embeddable":true,"href":"https:\/\/flaxmanlaw.com\/es\/wp-json\/wp\/v2\/users\/3"}],"replies":[{"embeddable":true,"href":"https:\/\/flaxmanlaw.com\/es\/wp-json\/wp\/v2\/comments?post=21885"}],"version-history":[{"count":0,"href":"https:\/\/flaxmanlaw.com\/es\/wp-json\/wp\/v2\/pages\/21885\/revisions"}],"wp:attachment":[{"href":"https:\/\/flaxmanlaw.com\/es\/wp-json\/wp\/v2\/media?parent=21885"}],"curies":[{"name":"wp","href":"https:\/\/api.w.org\/{rel}","templated":true}]}}