{"id":21886,"date":"2024-11-18T12:45:21","date_gmt":"2024-11-18T12:45:21","guid":{"rendered":"https:\/\/flaxmanlaw.wpenginepowered.com\/accidentes-de-motocicleta-en-pompano-beach-abogados-de-accidentes-de-motocicleta-en-el-condado-de-broward\/"},"modified":"2024-11-18T12:45:21","modified_gmt":"2024-11-18T12:45:21","slug":"accidentes-de-motocicleta-en-pompano-beach-abogados-de-accidentes-de-motocicleta-en-el-condado-de-broward","status":"publish","type":"page","link":"https:\/\/flaxmanlaw.com\/es\/accidentes-de-motocicleta-en-pompano-beach-abogados-de-accidentes-de-motocicleta-en-el-condado-de-broward\/","title":{"rendered":"Accidentes de Motocicleta en Pompano Beach | Abogados de Accidentes de Motocicleta en el Condado de Broward"},"content":{"rendered":"<div class=\"bodytext\">\n<h2>Accidentes de Maniobra en Moto Pompano Beach<\/h1><\/h2>\n<div class=\"description\">\n<p>Los accidentes de motocicleta con maniobrabilidad ocurren en Pompano Beach y en toda Florida, a menudo porque los motoristas y los conductores hacen suposiciones err\u00f3neas sobre la maniobrabilidad de las motocicletas. Este tipo de colisiones de tr\u00e1fico causan lesiones devastadoras, como lesiones cerebrales, fracturas, amputaci\u00f3n por traumatismo medular, par\u00e1lisis e incluso lesiones mortales. <\/p>\n<p>Los abogados del Grupo Legal Flaxman est\u00e1n orgullosos de haber trabajado con miles de sobrevivientes de lesiones personales y accidentes de motocicleta. A trav\u00e9s de nuestro trabajo, nos hemos familiarizado no s\u00f3lo con las estrategias necesarias para llevar casos con \u00e9xito, sino que nos hemos compenetrado con las necesidades de los sobrevivientes de accidentes de tr\u00e1fico. Como parte de la comunidad del sur de Florida, podemos indicarte los recursos que pueden ayudarte a iniciar el proceso de curaci\u00f3n. Para enterarte de lo que nuestra firma de servicios integrales puede hacer por ti y para programar una evaluaci\u00f3n gratuita de tu caso, <a href=\"contacta con nosotros.html\">contacta<\/a> hoy mismo al Grupo Legal Flaxman.   <\/p>\n<p><strong class=\"heading4\">Curaci\u00f3n tras un accidente de moto en Pompano Beach o Florida<\/strong><\/p>\n<p>Si has resultado herido en una colisi\u00f3n de tr\u00e1fico, tendr\u00e1s que trabajar para curarte de tus lesiones. Un accidente de tr\u00e1fico grave es devastador. Necesitas tomarte tiempo para cuidarte. Esto puede significar buscar ayuda psicol\u00f3gica o hablar con un grupo de apoyo para superar el trauma emocional del accidente. Tambi\u00e9n puede significar trabajar con especialistas y m\u00e9dicos para recuperarte lo mejor posible. Tras un accidente, tr\u00e1tate con amabilidad y t\u00f3mate tiempo para curarte completamente antes de intentar volver a tu vida cotidiana. No querr\u00e1s sufrir una lesi\u00f3n secundaria o adicional antes de estar completamente curado.      <\/p>\n<p>Curarte completamente de tus lesiones tambi\u00e9n significa recuperarte econ\u00f3micamente de algunos de los elevados costes que puedes tener que afrontar relacionados con tu colisi\u00f3n. Desconf\u00eda de aceptar una oferta inicial del seguro o de un acuerdo. Una oferta que te haga un demandado o una compa\u00f1\u00eda de seguros puede parecer muy generosa al principio. Sin embargo, ten en cuenta que ese dinero tendr\u00e1 que pagar las facturas m\u00e9dicas, los salarios perdidos y cualquier p\u00e9rdida de ingresos o gastos m\u00e9dicos que puedas tener en el futuro. Si tus lesiones acaban siendo m\u00e1s graves de lo que esperabas o si surge alguna complicaci\u00f3n, \u00bfcubrir\u00e1 ese dinero tus gastos?    <\/p>\n<p>Habla con un abogado especializado en lesiones personales sobre las ofertas que hayas recibido. Un abogado puede ayudarte a evaluar las ofertas y a comprender a cu\u00e1nto dinero tienes derecho. Puede que descubras que tus lesiones acaban costando m\u00e1s de lo que piensas o que tu caso vale m\u00e1s de lo que crees.  <\/p>\n<p><strong class=\"heading4\">Seguir adelante tras un accidente de tr\u00e1fico<\/strong><\/p>\n<p>No te conviertas en una v\u00edctima despu\u00e9s de tu accidente de motocicleta; convi\u00e9rtete en un sobreviviente. Averig\u00fce cu\u00e1les son sus opciones legales contactando hoy mismo <a href=\"index.html\">al Grupo Legal Flaxman<\/a> para una evaluaci\u00f3n gratuita de su caso con un miembro de nuestro equipo legal. Nuestra firma de servicios integrales cuenta con un equipo de abogados experimentados que rutinariamente manejan demandas por accidentes de motocicleta y pueden ayudarte a explorar qu\u00e9 opciones tienes para asegurar una compensaci\u00f3n. Disponemos incluso de una l\u00ednea de atenci\u00f3n telef\u00f3nica 24 horas al d\u00eda, 7 d\u00edas a la semana, en el 866-352-9626, para que siempre puedas contactar con una persona en directo despu\u00e9s de sufrir una lesi\u00f3n e incluso recibir asesoramiento telef\u00f3nico en algunas situaciones. Si te has lesionado, ll\u00e1manos hoy mismo para saber si tienes derecho a una indemnizaci\u00f3n. No arriesgas nada poni\u00e9ndote en contacto con nosotros, ya que ofrecemos consultas iniciales gratuitas.     <\/p>\n<\/p><\/div>\n<\/p><\/div>\n","protected":false},"excerpt":{"rendered":"<p>Sin honorarios a menos que ganemos. Llama al 866-352-9626 para una &#8230; <\/p>\n","protected":false},"author":3,"featured_media":0,"parent":0,"menu_order":0,"comment_status":"closed","ping_status":"closed","template":"template-practice-areas.php","meta":{"footnotes":""},"class_list":["post-21886","page","type-page","status-publish","hentry"],"featured_image_src":null,"featured_image_src_square":null,"_links":{"self":[{"href":"https:\/\/flaxmanlaw.com\/es\/wp-json\/wp\/v2\/pages\/21886","targetHints":{"allow":["GET"]}}],"collection":[{"href":"https:\/\/flaxmanlaw.com\/es\/wp-json\/wp\/v2\/pages"}],"about":[{"href":"https:\/\/flaxmanlaw.com\/es\/wp-json\/wp\/v2\/types\/page"}],"author":[{"embeddable":true,"href":"https:\/\/flaxmanlaw.com\/es\/wp-json\/wp\/v2\/users\/3"}],"replies":[{"embeddable":true,"href":"https:\/\/flaxmanlaw.com\/es\/wp-json\/wp\/v2\/comments?post=21886"}],"version-history":[{"count":0,"href":"https:\/\/flaxmanlaw.com\/es\/wp-json\/wp\/v2\/pages\/21886\/revisions"}],"wp:attachment":[{"href":"https:\/\/flaxmanlaw.com\/es\/wp-json\/wp\/v2\/media?parent=21886"}],"curies":[{"name":"wp","href":"https:\/\/api.w.org\/{rel}","templated":true}]}}