{"id":21887,"date":"2024-11-18T12:45:21","date_gmt":"2024-11-18T12:45:21","guid":{"rendered":"https:\/\/flaxmanlaw.wpenginepowered.com\/pompano-beach-negligencia-farmaceutica-abogados-de-lesiones-personales-del-condado-de-broward\/"},"modified":"2024-11-18T12:45:21","modified_gmt":"2024-11-18T12:45:21","slug":"pompano-beach-negligencia-farmaceutica-abogados-de-lesiones-personales-del-condado-de-broward","status":"publish","type":"page","link":"https:\/\/flaxmanlaw.com\/es\/pompano-beach-negligencia-farmaceutica-abogados-de-lesiones-personales-del-condado-de-broward\/","title":{"rendered":"Pompano Beach Negligencia Farmac\u00e9utica | Abogados de lesiones personales del condado de Broward"},"content":{"rendered":"<div class=\"bodytext\">\n<h2>Negligencia farmac\u00e9utica en Pompano Beach<\/h1><\/h2>\n<div class=\"description\">\n<p>Pompano Beach es una ciudad del sur de Florida situada en el condado de Broward. La ciudad est\u00e1 experimentando actualmente un auge de la construcci\u00f3n, gracias a los esfuerzos por revitalizar la zona y traer m\u00e1s puestos de trabajo a la ciudad. Ya hay muchas atracciones que atraen a residentes y viajeros. Por ejemplo, la Casa Sample-McDougald es uno de los edificios hist\u00f3ricos m\u00e1s antiguos de Florida. Pompano Beach alberga tambi\u00e9n uno de los cuatro \u00fanicos dirigibles Goodyear del mundo; los residentes y visitantes pueden incluso concertar un viaje en el Esp\u00edritu de la Innovaci\u00f3n. El Parque A\u00e9reo de Pompano Beach ofrece varios servicios de aviaci\u00f3n, como taxi a\u00e9reo, paseos panor\u00e1micos, vuelos ch\u00e1rter y otros servicios. Un arrecife de coral y una playa permiten muchas actividades acu\u00e1ticas, como buceo, nataci\u00f3n, navegaci\u00f3n y pesca.      <\/p>\n<p>Como todas las ciudades, Pompano Beach ve su parte justa de lesiones personales y demandas legales resultantes. Uno de estos tipos de demandas por lesiones personales es el caso de negligencia farmac\u00e9utica. Esto ocurre cuando una farmacia es imprudente en sus obligaciones y dispensa el medicamento equivocado o la dosis equivocada al paciente equivocado. En algunos casos, la negligencia se produce porque no se comprueba la informaci\u00f3n del paciente o porque \u00e9ste no recibe la informaci\u00f3n correcta sobre la medicaci\u00f3n. En todas estas situaciones, el resultado pueden ser lesiones graves.    <\/p>\n<p>Aquellos que puedan haber sido afectados por negligencia farmac\u00e9utica en Pompano Beach o \u00e1reas circunvecinas, pueden acudir al despacho del Grupo Legal Flaxman para recibir ayuda inmediata. El <a href=\"index.html\">Grupo Legal<\/a> Flaxman se complace en ofrecer una consulta gratuita y sin compromiso a todos los nuevos clientes. <\/p>\n<p><strong class=\"heading4\">Causas de negligencia farmac\u00e9utica en Pompano Beach y otras comunidades<\/strong><\/p>\n<p>Entre las causas m\u00e1s frecuentes de negligencia y mala praxis en farmacia figuran:<\/p>\n<ul>\n<li>Exceso de personal<\/li>\n<li>Personal con exceso de trabajo<\/li>\n<li>Centrarse en la velocidad por encima de la seguridad de las farmacias<\/li>\n<li>T\u00e9cnicos y auxiliares de farmacia que realizan trabajos que s\u00f3lo deben hacer los farmac\u00e9uticos autorizados<\/li>\n<li>Profesionales de farmacia que cobran por volumen y no por tiempo de trabajo<\/li>\n<li>Un lugar de trabajo que distrae<\/li>\n<li>Pol\u00edticas inadecuadas en la farmacia para prevenir errores<\/li>\n<li>Profesionales de farmacia distra\u00eddos<\/li>\n<li>Negligencias m\u00e9dicas derivadas de errores del m\u00e9dico<\/li>\n<\/ul>\n<p><strong class=\"heading4\">C\u00f3mo prevenir la negligencia farmac\u00e9utica en Pompano Beach y otras ciudades<\/strong><\/p>\n<p>Un asesoramiento adecuado al paciente es una forma importante de prevenir los errores de farmacia. En muchos casos, cuando los pacientes hablan de su medicaci\u00f3n con un farmac\u00e9utico, puede salir a la luz cualquier posible discrepancia entre lo que el farmac\u00e9utico anota en la receta y lo que se dijo al paciente en la consulta del m\u00e9dico. Por ejemplo, si el m\u00e9dico dijo a la paciente que tomar\u00eda un tipo de medicamento a una dosis espec\u00edfica y la receta parece ser para otro medicamento a una dosis diferente, detectar este error y aclararlo con el m\u00e9dico puede ayudar a evitar una peligrosa confusi\u00f3n de medicamentos.  <\/p>\n<p>El equipo jur\u00eddico del Grupo Legal Flaxman trabaja incansablemente a favor de familias e individuos que han resultado lesionados por negligencia farmac\u00e9utica. Si usted ha resultado gravemente lesionado, el personal jur\u00eddico est\u00e1 dispuesto a poner su experiencia y habilidades legales a trabajar para usted. Para conocer sus opciones, <a href=\"contacta con nosotros.html\">contacte<\/a> al Grupo Legal Flaxman para programar una revisi\u00f3n de su caso gratuita y sin compromiso. Tu familia merece tranquilidad y justicia. El <a href=\"sobre nosotros.html\">Grupo Legal <\/a>Flaxman se ha dedicado a proporcionar eso a familias y v\u00edctimas de lesiones personales durante los \u00faltimos 25 a\u00f1os.    <\/p>\n<\/p><\/div>\n<\/p><\/div>\n","protected":false},"excerpt":{"rendered":"<p>Sin honorarios a menos que ganemos. Llama al 866-352-9626 para una &#8230; <\/p>\n","protected":false},"author":3,"featured_media":0,"parent":0,"menu_order":0,"comment_status":"closed","ping_status":"closed","template":"template-practice-areas.php","meta":{"footnotes":""},"class_list":["post-21887","page","type-page","status-publish","hentry"],"featured_image_src":null,"featured_image_src_square":null,"_links":{"self":[{"href":"https:\/\/flaxmanlaw.com\/es\/wp-json\/wp\/v2\/pages\/21887","targetHints":{"allow":["GET"]}}],"collection":[{"href":"https:\/\/flaxmanlaw.com\/es\/wp-json\/wp\/v2\/pages"}],"about":[{"href":"https:\/\/flaxmanlaw.com\/es\/wp-json\/wp\/v2\/types\/page"}],"author":[{"embeddable":true,"href":"https:\/\/flaxmanlaw.com\/es\/wp-json\/wp\/v2\/users\/3"}],"replies":[{"embeddable":true,"href":"https:\/\/flaxmanlaw.com\/es\/wp-json\/wp\/v2\/comments?post=21887"}],"version-history":[{"count":0,"href":"https:\/\/flaxmanlaw.com\/es\/wp-json\/wp\/v2\/pages\/21887\/revisions"}],"wp:attachment":[{"href":"https:\/\/flaxmanlaw.com\/es\/wp-json\/wp\/v2\/media?parent=21887"}],"curies":[{"name":"wp","href":"https:\/\/api.w.org\/{rel}","templated":true}]}}