{"id":21889,"date":"2024-11-18T12:45:21","date_gmt":"2024-11-18T12:45:21","guid":{"rendered":"https:\/\/flaxmanlaw.wpenginepowered.com\/pompano-beach-lesiones-personales-abogados-de-accidentes-del-condado-de-broward\/"},"modified":"2025-12-04T04:00:31","modified_gmt":"2025-12-04T04:00:31","slug":"pompano-beach-lesiones-personales-abogados-de-accidentes-del-condado-de-broward","status":"publish","type":"page","link":"https:\/\/flaxmanlaw.com\/es\/pompano-beach-lesiones-personales-abogados-de-accidentes-del-condado-de-broward\/","title":{"rendered":"Pompano Beach Lesiones Personales | Abogados en Broward"},"content":{"rendered":"<div class=\"bodytext\">\n<h2>Pompano Beach Lesiones Personales<\/h1><\/h2>\n<div class=\"description\">\n<p><strong class=\"heading4\">Pompano Beach, Florida Lesiones Personales<\/strong><\/p>\n<p>Pompano Beach, Florida, es una gran ciudad del <a href=\"broward-county-lesiones-personales.html\">condado de Broward<\/a>. Situada en el oc\u00e9ano Atl\u00e1ntico, Pompano Beach tiene amplias vistas del agua, as\u00ed como muchas oportunidades recreativas. De hecho, la ciudad est\u00e1 remodelando su paseo mar\u00edtimo para aprovechar mejor sus vistas naturales del agua. Pompano Beach figura a menudo como uno de los principales mercados inmobiliarios vacacionales y uno de los principales mercados inmobiliarios en general, seg\u00fan fuentes respetadas como la revista Money, The Wall Street Journal y la CNN. Pompano Beach tambi\u00e9n es famosa por el Parque A\u00e9reo de Pompano Beach -donde se encuentra el Goodyear Blimp- y sus numerosos espacios verdes. Muchos famosos y atletas profesionales famosos viven en la ciudad, gracias a la abundancia de propiedades inmobiliarias de lujo.<\/p>\n<p>Pompano Beach debe su nombre a un pez que se encuentra en las aguas locales: el p\u00e1mpano de Florida. La ciudad se estableci\u00f3 por primera vez a finales de la d\u00e9cada de 1880, cuando el tren y los trabajadores del ferrocarril llegaron a la zona. La ciudad experiment\u00f3 un auge despu\u00e9s de la Segunda Guerra Mundial y de nuevo a finales del siglo XX. Pompano Beach sigue siendo tambi\u00e9n uno de los principales lugares de vacaciones para los \u00absnowbirds\u00bb.<\/p>\n<p>El <a href=\"sobre nosotros.html\">Grupo Legal<\/a> Flaxman se enorgullece de servir a Pompano Beach y a las comunidades circundantes. Si usted ha sufrido lesiones en Pompano Beach en un <a href=\"accidentes-coche.html\">accidente automovil\u00edstico<\/a>, <a href=\"accidentes-de-cami\u00f3n.html\">de cami\u00f3n<\/a>, peatonal, o por otros medios, siempre puede contactar al Grupo Legal Flaxman cuando necesite un abogado calificado de <a href=\"lesiones-personales.html\">lesiones personales<\/a> en Pompano Beach. El experimentado y profesional equipo legal del Grupo Legal Flaxman puede ayudarle a investigar su accidente, negociar con las aseguradoras, encontrar a todas las partes responsables, representarle en un juicio, e informarle de sus opciones legales.<\/p>\n<p>Es muy importante que las v\u00edctimas de lesiones personales de Pompano Beach <a href=\"contacta con nosotros.html\">se pongan<\/a> r\u00e1pidamente <a href=\"contacta con nosotros.html\">en contacto con un abogado cualificado de lesiones personales de Pompano Beach<\/a> tras sufrir una lesi\u00f3n. No hacerlo puede significar que las v\u00edctimas renuncien inadvertidamente a sus derechos y tengan que pagar ellas mismas la mayor parte de las facturas m\u00e9dicas y los da\u00f1os materiales. Un abogado cualificado en lesiones personales de Pompano Beach puede contribuir a que esto no ocurra y a que obtengas la protecci\u00f3n a la que tienes derecho seg\u00fan la ley.<\/p>\n<p>El equipo jur\u00eddico del Grupo Legal Flaxman cuenta con una extensa experiencia en casos de lesiones personales en Pompano Beach y en muchas \u00e1reas de pr\u00e1ctica. El equipo jur\u00eddico del Grupo Legal Flaxman ha trabajado con pacientes de <a href=\"lesiones de la columna vertebral.html\">la m\u00e9dula espinal<\/a> de Florida, v\u00edctimas <a href=\"nuestras-\u00e1reas-de-pr\u00e1ctica.html\">de asbesto<\/a>, incidentes de <a href=\"accidentes por resbalones y ca\u00eddas.html\">resbal\u00f3n y ca\u00edda<\/a>, y m\u00e1s. <a href=\"charles-flaxman.html\">Charles Flaxman<\/a>, del Grupo Legal Flaxman, cuenta incluso con m\u00e1s de diez a\u00f1os de experiencia en la industria de las aseguradoras, un tipo de experiencia muy \u00fatil si usted necesita a alguien que negocie con las aseguradoras en su nombre. Nuestras d\u00e9cadas de experiencia en casos de lesiones personales en Pompano Beach y nuestra extensa experiencia en juicios nos convierten en una s\u00f3lida elecci\u00f3n para las v\u00edctimas de lesiones personales en Pompano Beach. Para averiguar lo que podemos hacer por usted, <a href=\"contacta con nosotros.html\">contacte hoy mismo al Grupo Legal Flaxman<\/a> para una consulta gratuita y sin compromiso para hablar sobre su caso de lesiones personales en Pompano Beach.<\/p>\n<p>Conducir desde Pompano Beach, Florida, hasta el despacho en Hollywood del Grupo Legal Flaxman toma s\u00f3lo unos 27 minutos. Para llegar, conduce hacia el sur por FL-811 S y gira a la derecha en W Atlantic Boulevard. Gira a la izquierda para incorporarte a la I-95 S en direcci\u00f3n a Miami, luego toma la salida 20 e incorp\u00f3rate a la FL-820 W\/Hollywood Boulevard. Gira a la derecha en Hollywood Boulevard y otra vez a la derecha en N 56th Avenue. Gira a la izquierda en Johnson Street y dir\u00edgete al despacho del Grupo Legal Flaxman en el 5715 de Johnson Street. Si usted no puede manejar f\u00e1cilmente, el equipo jur\u00eddico del Grupo Legal Flaxman estar\u00e1 encantado de reunirse con usted en su casa, lugar de trabajo, o cuarto de hospital para hablar sobre su caso.<\/p>\n<\/div>\n<div class=\"subpageslist\"><strong class=\"heading4 widget-title\"><a href=\"pompano-beach-accidente-de-coche.html\">Accidentes de tr\u00e1fico<\/a><\/strong> <strong class=\"heading4 widget-title\"><a href=\"pompano-beach-accidente-de-camion.html\">Accidentes de cami\u00f3n<\/a><\/strong> <strong class=\"heading4 widget-title\"><a href=\"pompano-beach-accidente-moto.html\">Accidentes de moto<\/a><\/strong> <strong class=\"heading4 widget-title\"><a href=\"pompano-beach-muerte por negligencia.html\">Muerte por negligencia<\/a><\/strong> <strong class=\"heading4 widget-title\"><a href=\"pompano-beach-lesion-cabeza.html\">Lesi\u00f3n en la cabeza<\/a><\/strong> <strong class=\"heading4 widget-title\"><a href=\"pompano-beach-accidente-bicicleta.html\">Accidentes de bicicleta<\/a><\/strong> <strong class=\"heading4 widget-title\"><a href=\"pompano-playa-productos-responsabilidad.html\">Responsabilidad por productos defectuosos<\/a><\/strong> <strong class=\"heading4 widget-title\"><a href=\"pompano-beach-bus-accident.html\">Accidentes de autob\u00fas<\/a><\/strong> <strong class=\"heading4 widget-title\"><a href=\"pompano-beach-medical-malpractice.html\">Negligencia m\u00e9dica<\/a><\/strong> <strong class=\"heading4 widget-title\"><a href=\"pompano-beach-nursing-home-abuse.html\">Abuso en residencias de ancianos<\/a><\/strong> <strong class=\"heading4 widget-title\"><a href=\"pompano-beach-lesiones-infantiles.html\">Lesiones infantiles<\/a><\/strong> <strong class=\"heading4 widget-title\"><a href=\"pompano-beach-farmacia-negligencia.html\">Negligencia farmac\u00e9utica<\/a><\/strong> <strong class=\"heading4 widget-title\"><a href=\"pompano-playa-impacto-lateral.html\">Impacto lateral en la playa<\/a><\/strong> <strong class=\"heading4 widget-title\"><a href=\"pompano-beach-ley-de-seguros.html\">Derecho de seguros<\/a><\/strong> <strong class=\"heading4 widget-title\"><a href=\"pompano-beach-atropellado-por-un-conductor-borracho.html\">Atropellado por un conductor ebrio<\/a><\/strong> <strong class=\"heading4 widget-title\"><a href=\"pompano-beach-accidente con fuga.html\">Accidente con fuga<\/a><\/strong> <strong class=\"heading4 widget-title\"><a href=\"pompano-beach-amputaciones.html\">Amputaciones<\/a><\/strong> <strong class=\"heading4 widget-title\"><a href=\"pompano-playa-lesiones-de-parto.html\">Lesiones en el parto<\/a><\/strong> <strong class=\"heading4 widget-title\"><a href=\"pompano-playa-perro-muerde.html\">Mordeduras de perro<\/a><\/strong> <strong class=\"heading4 widget-title\"><a href=\"pompano-beach-autom\u00f3vil-moto.html\">Autom\u00f3vil y Motocicleta<\/a><\/strong> <strong class=\"heading4 widget-title\"><a href=\"pompano-playa-deslizamiento-ca\u00edda.html\">Accidentes por resbalones y ca\u00eddas<\/a><\/strong> <strong class=\"heading4 widget-title\"><a href=\"pompano-beach-trabajar-en-lesiones.html\">Lesiones laborales<\/a><\/strong> <strong class=\"heading4 widget-title\"><a href=\"pompano-beach-fracaso-accidentes.html\">Accidentes por no ceder el paso<\/a><\/strong> <strong class=\"heading4 widget-title\"><a href=\"pompano-beach-choque frontal.html\">Colisi\u00f3n frontal<\/a><\/strong> <strong class=\"heading4 widget-title\"><a href=\"pompano-beach-accidente-de-motorista-sin-seguro.html\">Accidentes de motoristas con seguro insuficiente<\/a><\/strong> <strong class=\"heading4 widget-title\"><a href=\"pompano-beach-road-hazards.html\">Peligros de la carretera<\/a><\/strong> <strong class=\"heading4 widget-title\"><a href=\"pompano-beach-pobre-dise\u00f1o-del-camino.html\">Mal dise\u00f1o de las carreteras<\/a><\/strong> <strong class=\"heading4 widget-title\"><a href=\"pompano-beach-fallo-mecanico.html\">Fallo mec\u00e1nico<\/a><\/strong> <strong class=\"heading4 widget-title\"><a href=\"pompano-beach-chain-reaction-accidents.html\">Accidentes en cadena<\/a><\/strong> <strong class=\"heading4 widget-title\"><a href=\"accidentes por vuelco en pompano-beach.html\">Accidentes por vuelco<\/a><\/strong> <strong class=\"heading4 widget-title\"><a href=\"pompano-beach-conduccion-distraida.html\">Conducci\u00f3n distra\u00edda<\/a><\/strong> <strong class=\"heading4 widget-title\"><a href=\"pompano-beach-choques.html\">Colisiones en Broadside<\/a><\/strong> <strong class=\"heading4 widget-title\"><a href=\"pompano-beach-accidentes-de-cambio-de-carril.html\">Accidentes por cambio de carril inseguro<\/a><\/strong> <strong class=\"heading4 widget-title\"><a href=\"pompano-beach-intersection-accidents.html\">Accidentes en intersecciones<\/a><\/strong> <strong class=\"heading4 widget-title\"><a href=\"pompano-beach-passenger-safety.html\">Seguridad de los pasajeros<\/a><\/strong> <strong class=\"heading4 widget-title\"><a href=\"pompano-beach-giro a la izquierda-colisiones.html\">Colisiones por giro a la izquierda<\/a><\/strong> <strong class=\"heading4 widget-title\"><a href=\"pompano-beach-rear-end-shunt-accidents.html\">Accidentes por alcance<\/a><\/strong> <strong class=\"heading4 widget-title\"><a href=\"pompano-beach-equipamiento-pesado-fracasos.html\">Aver\u00edas de maquinaria pesada<\/a><\/strong> <strong class=\"heading4 widget-title\"><a href=\"pompano-beach-drogas-peligrosas.html\">Drogas peligrosas<\/a><\/strong> <strong class=\"heading4 widget-title\"><a href=\"pompano-beach-abandono-fisico.html\">Negligencia f\u00edsica<\/a><\/strong> <strong class=\"heading4 widget-title\"><a href=\"pompano-beach-medical-neglect.html\">Negligencia m\u00e9dica<\/a><\/strong> <strong class=\"heading4 widget-title\"><a href=\"pompano-beach-supervision-inadecuada.html\">Supervisi\u00f3n inadecuada<\/a><\/strong> <strong class=\"heading4 widget-title\"><a href=\"pompano-beach-vivienda-asistida-negligencia.html\">Negligencia en residencias asistidas<\/a><\/strong> <strong class=\"heading4 widget-title\"><a href=\"pompano-beach-abuso-de-ancianos.html\">Abuso de ancianos<\/a><\/strong> <strong class=\"heading4 widget-title\"><a href=\"pompano-beach-abuso-fisico.html\">Maltrato f\u00edsico<\/a><\/strong> <strong class=\"heading4 widget-title\"><a href=\"pompano-beach-agresion-sexual.html\">Agresi\u00f3n sexual<\/a><\/strong> <strong class=\"heading4 widget-title\"><a href=\"pompano-beach-lesion-cerebral.html\">Lesi\u00f3n cerebral<\/a><\/strong> <strong class=\"heading4 widget-title\"><a href=\"pompano-beach-bus-escolar-accidente.html\">Accidentes de autob\u00fas escolar<\/a><\/strong> <strong class=\"heading4 widget-title\"><a href=\"pompano-beach-transporte-publico-accidente.html\">Accidentes en el transporte p\u00fablico<\/a><\/strong> <strong class=\"heading4 widget-title\"><a href=\"pompano-beach-buses-privados.html\">Autobuses privados<\/a><\/strong> <strong class=\"heading4 widget-title\"><a href=\"pompano-beach-premises-liability.html\">Responsabilidad de los locales<\/a><\/strong> <strong class=\"heading4 widget-title\"><a href=\"pompano-beach-seguridad-inadecuada.html\">Seguridad inadecuada<\/a><\/strong> <strong class=\"heading4 widget-title\"><a href=\"pompano-beach-dwi-dui-car-accidents.html\">Accidentes de tr\u00e1fico por DWI\/DUI<\/a><\/strong><\/div>\n<\/div>\n","protected":false},"excerpt":{"rendered":"<p>Sin honorarios a menos que ganemos. Llama al 866-352-9626 para una &#8230; <\/p>\n","protected":false},"author":3,"featured_media":0,"parent":0,"menu_order":0,"comment_status":"closed","ping_status":"closed","template":"template-practice-areas.php","meta":{"footnotes":""},"class_list":["post-21889","page","type-page","status-publish","hentry"],"featured_image_src":null,"featured_image_src_square":null,"_links":{"self":[{"href":"https:\/\/flaxmanlaw.com\/es\/wp-json\/wp\/v2\/pages\/21889","targetHints":{"allow":["GET"]}}],"collection":[{"href":"https:\/\/flaxmanlaw.com\/es\/wp-json\/wp\/v2\/pages"}],"about":[{"href":"https:\/\/flaxmanlaw.com\/es\/wp-json\/wp\/v2\/types\/page"}],"author":[{"embeddable":true,"href":"https:\/\/flaxmanlaw.com\/es\/wp-json\/wp\/v2\/users\/3"}],"replies":[{"embeddable":true,"href":"https:\/\/flaxmanlaw.com\/es\/wp-json\/wp\/v2\/comments?post=21889"}],"version-history":[{"count":0,"href":"https:\/\/flaxmanlaw.com\/es\/wp-json\/wp\/v2\/pages\/21889\/revisions"}],"wp:attachment":[{"href":"https:\/\/flaxmanlaw.com\/es\/wp-json\/wp\/v2\/media?parent=21889"}],"curies":[{"name":"wp","href":"https:\/\/api.w.org\/{rel}","templated":true}]}}