{"id":21890,"date":"2024-11-18T12:45:21","date_gmt":"2024-11-18T12:45:21","guid":{"rendered":"https:\/\/flaxmanlaw.wpenginepowered.com\/pompano-beach-negligencia-medica-abogados-de-abuso-en-residencias-de-ancianos-del-condado-de-broward\/"},"modified":"2024-11-18T12:45:21","modified_gmt":"2024-11-18T12:45:21","slug":"pompano-beach-negligencia-medica-abogados-de-abuso-en-residencias-de-ancianos-del-condado-de-broward","status":"publish","type":"page","link":"https:\/\/flaxmanlaw.com\/es\/pompano-beach-negligencia-medica-abogados-de-abuso-en-residencias-de-ancianos-del-condado-de-broward\/","title":{"rendered":"Pompano Beach Negligencia M\u00e9dica | Abogados de Abuso en Residencias de Ancianos del Condado de Broward"},"content":{"rendered":"<div class=\"bodytext\">\n<h2>Negligencia m\u00e9dica en Pompano Beach<\/h1><\/h2>\n<div class=\"description\">\n<p>Por desgracia, la negligencia m\u00e9dica en Pompano Beach y otras comunidades de Florida es demasiado frecuente. Este tipo de negligencia puede producirse en residencias, asilos e incluso escuelas. Puede ocurrir cuando los padres y cuidadores no llevan a sus hijos al m\u00e9dico cuando est\u00e1n enfermos, e incluso puede ocurrir si se pasa por alto o se ignora a los pacientes en un hospital.  <\/p>\n<p>El Grupo Legal Flaxman es una firma de servicios integrales en Florida con tres oficinas convenientemente ubicadas en Homestead, Miami, y Hollywood. Los abogados del Grupo Legal Flaxman han recuperado m\u00e1s de $100 millones de d\u00f3lares a favor de sus clientes y han representado a miles de familias lesionadas en la corte y en negociaciones con las aseguradoras. Si usted desea una consulta gratuita sobre accidentes para averiguar si califica para una compensaci\u00f3n o una demanda legal en su caso, contacte hoy mismo al Grupo Legal Flaxman para programar su cita sin compromiso.  <\/p>\n<p><strong class=\"heading4\">La negligencia m\u00e9dica y la mala praxis m\u00e9dica en Pompano Beach y Florida pueden tener consecuencias nefastas<\/strong><\/p>\n<p>No prestar una atenci\u00f3n y asistencia m\u00e9dicas razonables a una persona a la que se cuida puede tener graves consecuencias y puede dar lugar a:<\/p>\n<ul class=\"no-spacing-list\">\n<li>Infecci\u00f3n o gangrena<\/li>\n<li>Infestaciones de piojos, chinches y otras plagas<\/li>\n<li>Hemorragia<\/li>\n<li>Insuficiencia org\u00e1nica<\/li>\n<li>Coma<\/li>\n<li>Sepsis<\/li>\n<li>Convulsiones<\/li>\n<li>Efectos secundarios o interacciones m\u00e9dicas de la medicaci\u00f3n administrada incorrectamente<\/li>\n<li>Complicaciones m\u00e9dicas<\/li>\n<li>Fallecidos<\/li>\n<\/ul>\n<p>A menudo, estas complicaciones pueden evitarse con una atenci\u00f3n m\u00e9dica adecuada y unos cuidados razonables. Cuando se producen complicaciones por negligencia, es importante obtener respuestas y responsabilizar a las partes implicadas para enviar un mensaje firme y obtener justicia en nombre de los perjudicados. <\/p>\n<p><strong class=\"heading4\">\u00bfPor qu\u00e9 se produce la negligencia m\u00e9dica?<\/strong><\/p>\n<p>La negligencia m\u00e9dica puede producirse por varias razones:<\/p>\n<ul class=\"no-spacing-list\">\n<li>Falta de atenci\u00f3n<\/li>\n<li>Pol\u00edticas deficientes en un entorno asistencial<\/li>\n<li>Falta de personal<\/li>\n<li>Personal con exceso de trabajo<\/li>\n<li>Falta de seguimiento adecuado<\/li>\n<li>Personal mal formado<\/li>\n<li>Personal poco cualificado<\/li>\n<li>Personal abusivo<\/li>\n<\/ul>\n<p>No hay excusa para la negligencia m\u00e9dica. En residencias de ancianos, escuelas, hospitales, residencias asistidas y otros entornos, las personas atendidas pueden ser m\u00e1s vulnerables y necesitan que los cuidadores les presten la atenci\u00f3n y ayuda adecuadas. Parte de esa atenci\u00f3n significa proporcionar un acceso adecuado a la atenci\u00f3n m\u00e9dica. El personal de los centros de asistencia debe ser capaz de:   <\/p>\n<ul class=\"no-spacing-list\">\n<li>Sigue las indicaciones del m\u00e9dico en relaci\u00f3n con la medicaci\u00f3n y el tratamiento m\u00e9dico<\/li>\n<li>Vigila los s\u00edntomas<\/li>\n<li>Responder razonablemente a los s\u00edntomas a medida que se desarrollan<\/li>\n<li>Responder con prontitud en casos de posibles emergencias m\u00e9dicas<\/li>\n<li>Escuchar las preocupaciones m\u00e9dicas y los informes de s\u00edntomas y responder razonablemente<\/li>\n<li>Proporcionar control m\u00e9dico adicional y asistencia m\u00e9dica a los residentes y pacientes que no pueden valerse por s\u00ed mismos<\/li>\n<\/ul>\n<p>Cuando el personal de residencias de ancianos, centros de asistencia y otros entornos asistenciales no hace estas cosas, puede ser considerado responsable si sus acciones provocan lesiones o una complicaci\u00f3n m\u00e9dica.<\/p>\n<p>\u00bfNecesita usted ayuda para decidir si tiene un caso de negligencia m\u00e9dica o de negligencia m\u00e9dica? Los abogados del Grupo Legal Flaxman han trabajado con miles de personas lesionadas y comprenden lo aterrador que puede ser una lesi\u00f3n grave o un accidente. Por eso nuestro bufete ofrece una consulta personalizada, sin compromiso, gratuita y confidencial a todos los nuevos clientes. Podemos reunirnos en nuestras oficinas o en tu casa, hospital o lugar de trabajo para la evaluaci\u00f3n gratuita de tu caso. Donde y cuando te convenga, podemos revisar los detalles de tu caso y ayudarte a comprender cu\u00e1les son tus opciones legales. Incluso podemos proporcionarte asesoramiento jur\u00eddico gratuito o asistencia telef\u00f3nica inmediatamente cuando llames. No hay presi\u00f3n ni obligaci\u00f3n de contratar los servicios de nuestra firma a menos que usted decida trabajar con nuestro equipo de abogados. <a href=\"contacta con nosotros.html\">Contacta hoy mismo con el Grupo Legal Flaxman<\/a> para revisar tus derechos y saber m\u00e1s.      <\/p>\n<\/p><\/div>\n<\/p><\/div>\n","protected":false},"excerpt":{"rendered":"<p>Sin honorarios a menos que ganemos. Llama al 866-352-9626 para una &#8230; <\/p>\n","protected":false},"author":3,"featured_media":0,"parent":0,"menu_order":0,"comment_status":"closed","ping_status":"closed","template":"template-practice-areas.php","meta":{"footnotes":""},"class_list":["post-21890","page","type-page","status-publish","hentry"],"featured_image_src":null,"featured_image_src_square":null,"_links":{"self":[{"href":"https:\/\/flaxmanlaw.com\/es\/wp-json\/wp\/v2\/pages\/21890","targetHints":{"allow":["GET"]}}],"collection":[{"href":"https:\/\/flaxmanlaw.com\/es\/wp-json\/wp\/v2\/pages"}],"about":[{"href":"https:\/\/flaxmanlaw.com\/es\/wp-json\/wp\/v2\/types\/page"}],"author":[{"embeddable":true,"href":"https:\/\/flaxmanlaw.com\/es\/wp-json\/wp\/v2\/users\/3"}],"replies":[{"embeddable":true,"href":"https:\/\/flaxmanlaw.com\/es\/wp-json\/wp\/v2\/comments?post=21890"}],"version-history":[{"count":0,"href":"https:\/\/flaxmanlaw.com\/es\/wp-json\/wp\/v2\/pages\/21890\/revisions"}],"wp:attachment":[{"href":"https:\/\/flaxmanlaw.com\/es\/wp-json\/wp\/v2\/media?parent=21890"}],"curies":[{"name":"wp","href":"https:\/\/api.w.org\/{rel}","templated":true}]}}