{"id":21891,"date":"2024-11-18T12:45:21","date_gmt":"2024-11-18T12:45:21","guid":{"rendered":"https:\/\/flaxmanlaw.wpenginepowered.com\/pompano-beach-seguridad-de-los-pasajeros-abogados-de-accidentes-de-coche-del-condado-de-broward\/"},"modified":"2024-11-18T12:45:21","modified_gmt":"2024-11-18T12:45:21","slug":"pompano-beach-seguridad-de-los-pasajeros-abogados-de-accidentes-de-coche-del-condado-de-broward","status":"publish","type":"page","link":"https:\/\/flaxmanlaw.com\/es\/pompano-beach-seguridad-de-los-pasajeros-abogados-de-accidentes-de-coche-del-condado-de-broward\/","title":{"rendered":"Pompano Beach Seguridad de los Pasajeros | Abogados de Accidentes de Coche del Condado de Broward"},"content":{"rendered":"<div class=\"bodytext\">\n<h2>Seguridad de los pasajeros en Pompano Beach<\/h1><\/h2>\n<div class=\"description\">\n<p>Tus pasajeros cuentan contigo para llegar sanos y salvos a su destino. Como conductor, se espera que tomes las precauciones adecuadas para mantener a salvo a tus ocupantes. Algunas de estas precauciones son cosas que ya haces para mantenerte seguro. Por ejemplo, puedes mantener m\u00e1s seguros a todos los ocupantes de tu coche evitando conducir ebrio, distra\u00eddo o fatigado en Pompano Beach o en tu comunidad. Tambi\u00e9n puedes mejorar todas tus posibilidades de seguridad conduciendo a la defensiva. Sin embargo, como automovilista tambi\u00e9n tienes responsabilidades especiales adicionales. Por ejemplo, debes mantener la seguridad de tu veh\u00edculo y proporcionar a tus pasajeros cinturones de seguridad seguros. Para los pasajeros infantiles, esto puede significar proporcionarles un asiento elevador o una silla de coche u otro sistema de retenci\u00f3n de seguridad adecuado a su edad.       <\/p>\n<p>Por supuesto, si eres pasajero de un coche y has resultado herido, puedes pensar que no hay nada que puedas hacer. Esto no es as\u00ed. Puedes tener opciones legales tras tus lesiones. Para saber m\u00e1s, ponte en contacto con el Grupo Legal Flaxman, un bufete de abogados de Florida del Sur. Podemos reunirnos contigo en una de nuestras tres oficinas en Homestead, Hollywood y Miami. Si usted est\u00e1 demasiado lesionado para viajar, nuestro equipo legal tambi\u00e9n puede reunirse con usted en su cuarto de hospital, casa, u otro lugar conveniente. Tu consulta inicial no entra\u00f1a ning\u00fan riesgo porque no tiene coste ni compromiso.      <\/p>\n<p><strong class=\"heading4\">Hay muchos sistemas de seguridad dise\u00f1ados para evitar lesiones a los pasajeros en Pompano Beach o en tu comunidad<\/strong><\/p>\n<p>Hay muchos dispositivos de seguridad para pasajeros en los coches que est\u00e1n pensados para ayudar a prevenir lesiones y evitar colisiones:<\/p>\n<ul>\n<li>Control de tracci\u00f3n<\/li>\n<li>Electr\u00f3nica manos libres en el coche<\/li>\n<li>Dispositivos GPS<\/li>\n<li>C\u00e1maras de seguridad<\/li>\n<li>Airbags de impacto lateral<\/li>\n<li>Cinturones de seguridad<\/li>\n<li>Control de estabilidad del veh\u00edculo<\/li>\n<li>Frenos antibloqueo (ABS)<\/li>\n<li>Frenado autom\u00e1tico<\/li>\n<li>Mandos de los faros adaptativos<\/li>\n<li>Sensores de reserva<\/li>\n<li>Sistemas de control de la presi\u00f3n de los neum\u00e1ticos<\/li>\n<\/ul>\n<p>A pesar de estos dispositivos, los pasajeros pueden sufrir lesiones graves o incluso morir en una colisi\u00f3n si el conductor es imprudente. En algunos casos, adem\u00e1s, estos sistemas fallan y pueden causar lesiones. <\/p>\n<p><strong class=\"heading4\">Todos podemos ayudar a promover la seguridad de los pasajeros<\/strong><\/p>\n<p>Adem\u00e1s de los sistemas de seguridad de los autom\u00f3viles, las personas tienen un papel que desempe\u00f1ar en la prevenci\u00f3n de colisiones y lesiones. La seguridad de los pasajeros es responsabilidad de todos: <\/p>\n<ul>\n<li>Los fabricantes son responsables de crear sistemas de seguridad para los pasajeros y coches seguros<\/li>\n<li>Los conductores son responsables de conducir con seguridad<\/li>\n<li>Los municipios y los gobiernos son responsables de garantizar que las carreteras sean seguras<\/li>\n<li>Los equipos de construcci\u00f3n de carreteras son responsables de garantizar que proporcionan una se\u00f1alizaci\u00f3n adecuada y mantienen los escombros al m\u00ednimo<\/li>\n<\/ul>\n<p>Cuando las personas son negligentes a la hora de trabajar por la seguridad, todos pueden salir perjudicados. En algunos casos, presentar una demanda judicial puede hacer responsables a conductores, fabricantes y otras partes implicadas, para que tomen las medidas necesarias para mejorar la seguridad. <\/p>\n<p>\u00bfHas sufrido lesiones graves? Las consultas con el equipo jur\u00eddico <a href=\"index.html\">del Grupo Legal Flaxman<\/a> son gratuitas y no pagas honorarios hasta que hayamos ganado tu caso o hayamos conseguido un acuerdo para ti. Nuestra firma de servicios integrales est\u00e1 comprometida a ayudar a las personas que han sufrido lesiones. Lo hacemos luchando agresivamente por sus derechos mientras les asistimos en cada aspecto del proceso legal y de seguros. Para averiguar si usted tiene una demanda, <a href=\"contacta con nosotros.html\">contacte<\/a> al Grupo Legal Flaxman para una revisi\u00f3n gratuita de su caso.    <\/p>\n<\/p><\/div>\n<\/p><\/div>\n","protected":false},"excerpt":{"rendered":"<p>Sin honorarios a menos que ganemos. Llama al 866-352-9626 para una &#8230; <\/p>\n","protected":false},"author":3,"featured_media":0,"parent":0,"menu_order":0,"comment_status":"closed","ping_status":"closed","template":"template-practice-areas.php","meta":{"footnotes":""},"class_list":["post-21891","page","type-page","status-publish","hentry"],"featured_image_src":null,"featured_image_src_square":null,"_links":{"self":[{"href":"https:\/\/flaxmanlaw.com\/es\/wp-json\/wp\/v2\/pages\/21891","targetHints":{"allow":["GET"]}}],"collection":[{"href":"https:\/\/flaxmanlaw.com\/es\/wp-json\/wp\/v2\/pages"}],"about":[{"href":"https:\/\/flaxmanlaw.com\/es\/wp-json\/wp\/v2\/types\/page"}],"author":[{"embeddable":true,"href":"https:\/\/flaxmanlaw.com\/es\/wp-json\/wp\/v2\/users\/3"}],"replies":[{"embeddable":true,"href":"https:\/\/flaxmanlaw.com\/es\/wp-json\/wp\/v2\/comments?post=21891"}],"version-history":[{"count":0,"href":"https:\/\/flaxmanlaw.com\/es\/wp-json\/wp\/v2\/pages\/21891\/revisions"}],"wp:attachment":[{"href":"https:\/\/flaxmanlaw.com\/es\/wp-json\/wp\/v2\/media?parent=21891"}],"curies":[{"name":"wp","href":"https:\/\/api.w.org\/{rel}","templated":true}]}}