{"id":21892,"date":"2024-11-18T12:45:21","date_gmt":"2024-11-18T12:45:21","guid":{"rendered":"https:\/\/flaxmanlaw.wpenginepowered.com\/negligencia-medica-pompano-beach-abogados-negligencia-medica-condado-broward\/"},"modified":"2024-11-18T12:45:21","modified_gmt":"2024-11-18T12:45:21","slug":"negligencia-medica-pompano-beach-abogados-negligencia-medica-condado-broward","status":"publish","type":"page","link":"https:\/\/flaxmanlaw.com\/es\/negligencia-medica-pompano-beach-abogados-negligencia-medica-condado-broward\/","title":{"rendered":"Negligencia M\u00e9dica Pompano Beach | Abogados Negligencia M\u00e9dica Condado Broward"},"content":{"rendered":"<div class=\"bodytext\">\n<h2>Negligencia m\u00e9dica en Pompano Beach<\/h1><\/h2>\n<div class=\"description\">\n<p>Situada en el sur de Florida, en el condado de Broward, Pompano Beach es famosa por ser la cuna del dirigible Goodyear. Cercana a Fort Lauderdale, la ciudad tambi\u00e9n es famosa por sus numerosos festivales y acontecimientos anuales, incluido su festival anual del marisco. Las c\u00e1lidas playas de la ciudad ofrecen grandes oportunidades a los navegantes, nadadores y surfistas, mientras que los aficionados a la vida nocturna disfrutan en Miami y las dem\u00e1s ciudades cercanas de Florida.  <\/p>\n<p>Pompano Beach, como todas las ciudades de Florida, tiene su cuota de profesionales m\u00e9dicos, cl\u00ednicas y hospitales en la zona. Estos profesionales e instalaciones m\u00e9dicas ayudan a pacientes de toda condici\u00f3n. Si has sufrido un grave accidente de coche en Pompano Beach o padeces una enfermedad, conf\u00edas en que los m\u00e9dicos y las instalaciones m\u00e9dicas te proporcionen una atenci\u00f3n razonable para que puedas curarte.  <\/p>\n<p>Por desgracia, para algunos pacientes, la visita al m\u00e9dico puede provocar lesiones catastr\u00f3ficas, diagn\u00f3sticos err\u00f3neos y complicaciones. Seg\u00fan investigadores de la Universidad de Harvard, 98.000 pacientes mueren anualmente en todo el pa\u00eds como consecuencia de errores m\u00e9dicos. En muchos casos, estos errores son evitables y est\u00e1n causados por imprudencia o negligencia. En los casos en que un m\u00e9dico o un centro m\u00e9dico no proporcionan el nivel razonable de atenci\u00f3n que proporcionar\u00eda un profesional m\u00e9dico competente en el mismo caso, pueden ser considerados responsables de las lesiones resultantes.   <\/p>\n<p>Aunque algunos expertos consideran que el \u00edndice de errores m\u00e9dicos es una epidemia, pocos pacientes cualificados presentan demandas <a href=\"negligencia-m\u00e9dica.html\">por negligencia m\u00e9dica en Pompano Beach<\/a>. Esto se debe a varias razones. Una de las causas m\u00e1s comunes es que muchos pacientes no se dan cuenta de que sus lesiones fueron causadas por un error m\u00e9dico o por negligencia. Adem\u00e1s, muchos pacientes desconocen sus derechos y opciones, por lo que no se dan cuenta de que tienen derecho a una indemnizaci\u00f3n que puede ayudarles a pagar la p\u00e9rdida de ingresos, los gastos m\u00e9dicos y otros costes relacionados con sus lesiones.   <\/p>\n<p>No cometas el mismo error. Si usted cree que puede tener una demanda por negligencia m\u00e9dica en Pompano Beach, contacte al Grupo Legal Flaxman por correo electr\u00f3nico<a href=\"mailto:cf******@********aw.com\" data-original-string=\"+7fNyU+BJ7xoJvTAJoDkXQ==614\/9+E2i1w61mFTobZ6YyNbRmpcxBKeuzHW8ppDh6Q2nw=\" title=\"This contact has been encoded by Anti-Spam by CleanTalk. Click to decode. To finish the decoding make sure that JavaScript is enabled in your browser.\">(<span \n                data-original-string='8f4TlWunEQi3\/49jHlb7Jw==614gxkMmnAIkxTyv24aP+g7G3XpL8L0Zi6tx2J8U+w6AX0='\n                class='apbct-email-encoder'\n                title='This contact has been encoded by Anti-Spam by CleanTalk. Click to decode. To finish the decoding make sure that JavaScript is enabled in your browser.'>cf<span class=\"apbct-blur\">******<\/span>@<span class=\"apbct-blur\">********<\/span>aw.com<\/span>)<\/a>, tel\u00e9fono (954-987-0099), fax (954-987-3251) o n\u00famero gratuito (866-352-9626). El personal estar\u00e1 encantado de responder a tus dudas inmediatas por tel\u00e9fono y programar tu consulta gratuita y sin compromiso para que puedas hablar de tu caso con un abogado experimentado. Puedes reunirte en las oficinas del Grupo Legal Flaxman o el equipo legal puede visitarte si est\u00e1s demasiado lesionado para viajar.   <\/p>\n<p>Charles Flaxman, del <a href=\"index.html\">Grupo Legal Flaxman<\/a>, cuenta con m\u00e1s de veinticinco a\u00f1os de experiencia en leyes de lesiones personales en Florida del Sur. Adem\u00e1s, trabaj\u00f3 durante diez a\u00f1os como ajustador de reclamaciones de seguros, por lo que entiende c\u00f3mo funciona la industria de seguros y puede utilizar este conocimiento cuando negocia con las compa\u00f1\u00edas de seguros en su nombre. Adem\u00e1s, Charles Flaxman ha sido calificado por los tribunales como testigo experto y trabaja estrechamente con investigadores privados y testigos expertos que pueden ayudar a armar un caso s\u00f3lido para los clientes. Charles Flaxman habla espa\u00f1ol e ingl\u00e9s con fluidez y es miembro del Colegio de Abogados de Florida. Para saber m\u00e1s sobre c\u00f3mo \u00e9l y su equipo legal pueden servirte, <a href=\"contacta con nosotros.html\">contacta con<\/a> el Grupo Legal Flaxman.    <\/p>\n<\/p><\/div>\n<\/p><\/div>\n","protected":false},"excerpt":{"rendered":"<p>Sin honorarios a menos que ganemos. Llama al 866-352-9626 para una &#8230; <\/p>\n","protected":false},"author":3,"featured_media":0,"parent":0,"menu_order":0,"comment_status":"closed","ping_status":"closed","template":"template-practice-areas.php","meta":{"footnotes":""},"class_list":["post-21892","page","type-page","status-publish","hentry"],"featured_image_src":null,"featured_image_src_square":null,"_links":{"self":[{"href":"https:\/\/flaxmanlaw.com\/es\/wp-json\/wp\/v2\/pages\/21892","targetHints":{"allow":["GET"]}}],"collection":[{"href":"https:\/\/flaxmanlaw.com\/es\/wp-json\/wp\/v2\/pages"}],"about":[{"href":"https:\/\/flaxmanlaw.com\/es\/wp-json\/wp\/v2\/types\/page"}],"author":[{"embeddable":true,"href":"https:\/\/flaxmanlaw.com\/es\/wp-json\/wp\/v2\/users\/3"}],"replies":[{"embeddable":true,"href":"https:\/\/flaxmanlaw.com\/es\/wp-json\/wp\/v2\/comments?post=21892"}],"version-history":[{"count":0,"href":"https:\/\/flaxmanlaw.com\/es\/wp-json\/wp\/v2\/pages\/21892\/revisions"}],"wp:attachment":[{"href":"https:\/\/flaxmanlaw.com\/es\/wp-json\/wp\/v2\/media?parent=21892"}],"curies":[{"name":"wp","href":"https:\/\/api.w.org\/{rel}","templated":true}]}}