{"id":21898,"date":"2024-11-18T12:45:21","date_gmt":"2024-11-18T12:45:21","guid":{"rendered":"https:\/\/flaxmanlaw.wpenginepowered.com\/accidentes-de-moto-con-visibilidad-limitada-en-pompano-beach-abogados-de-lesiones-de-moto-en-el-condado-de-broward\/"},"modified":"2024-11-18T12:45:21","modified_gmt":"2024-11-18T12:45:21","slug":"accidentes-de-moto-con-visibilidad-limitada-en-pompano-beach-abogados-de-lesiones-de-moto-en-el-condado-de-broward","status":"publish","type":"page","link":"https:\/\/flaxmanlaw.com\/es\/accidentes-de-moto-con-visibilidad-limitada-en-pompano-beach-abogados-de-lesiones-de-moto-en-el-condado-de-broward\/","title":{"rendered":"Accidentes de Moto con Visibilidad Limitada en Pompano Beach | Abogados de Lesiones de Moto en el Condado de Broward"},"content":{"rendered":"<div class=\"bodytext\">\n<h2>Accidentes de Moto con Visibilidad Limitada en Pompano Beach<\/h1><\/h2>\n<div class=\"description\">\n<p>La estimulante experiencia de conducir una motocicleta puede convertirse r\u00e1pidamente en una situaci\u00f3n peligrosa en determinadas circunstancias. Por ejemplo, los escombros en las carreteras, el mal dise\u00f1o de las carreteras de Pompano Beach o de tu comunidad, los setos demasiado altos o incluso los veh\u00edculos m\u00e1s grandes pueden bloquear la visibilidad de los motoristas y hacer que un motorista no pueda ver el peligro o el tr\u00e1fico que se aproxima a tiempo para evitar una colisi\u00f3n. Debido al menor tama\u00f1o de las motocicletas, a veces los veh\u00edculos m\u00e1s grandes tampoco reconocen o ven a una motocicleta en la carretera, lo que provoca accidentes devastadores.  <\/p>\n<p>Los abogados de lesiones personales est\u00e1n ah\u00ed para ayudarte a comprender tus derechos en un momento muy dif\u00edcil de tu vida. Inmediatamente despu\u00e9s de una lesi\u00f3n grave o accidente, usted puede tener preocupaciones financieras, puede sentir dolor debido a sus lesiones, y puede estar enfrent\u00e1ndose al complicado proceso del seguro o a un complicado proceso legal. Si deseas ayuda, contacta al Grupo Legal Flaxman en cualquier momento para programar una consulta gratuita sobre accidentes. Podemos ayudarte a comprender tus opciones y todos los complicados procesos legales implicados. Incluso podemos hacernos cargo de los procesos legales y del seguro para que puedas concentrarte en ti y en tu familia.    <\/p>\n<p><strong class=\"heading4\">Evitar accidentes de moto en Pompano Beach y Florida<\/strong><\/p>\n<p>Hay varias formas de evitar las colisiones de motocicletas con visibilidad limitada:<\/p>\n<ul>\n<li>Mant\u00e9n un buen contacto visual con otros conductores y usuarios de la carretera. El contacto visual es una de las \u00fanicas formas de asegurarte de que otro conductor o usuario de la carretera puede verte. <\/li>\n<li>Lleva colores reflectantes o claros y ten colores reflectantes o claros en tu motocicleta.<\/li>\n<li>Elige tus rutas con cuidado. Algunas carreteras simplemente tienen m\u00e1s problemas de visibilidad que otras. Si sabes que una intersecci\u00f3n no te permite ver bien el tr\u00e1fico que se aproxima, considera la posibilidad de tomar una ruta alternativa.  <\/li>\n<li>Mant\u00e9n tu moto correctamente y lleva un casco de buena calidad que proporcione mucha visibilidad.<\/li>\n<\/ul>\n<p>Por supuesto, incluso con todas estas precauciones, un mal dise\u00f1o de la carretera, conductores culpables y otros problemas pueden hacer que te veas implicado en una colisi\u00f3n grave de moto. Si es as\u00ed, querr\u00e1s obtener asesoramiento jur\u00eddico sobre tu situaci\u00f3n para asegurarte de que no te estafen con una indemnizaci\u00f3n justa por tus p\u00e9rdidas. <\/p>\n<p><strong class=\"heading4\">Comprender los problemas de visibilidad asociados a las motocicletas<\/strong><\/p>\n<p>Conducir una motocicleta puede ser una experiencia divertida y liberadora. Sin embargo, tambi\u00e9n puede ser peligrosa. Una de las cosas que puede hacer que las motocicletas sean peligrosas se reduce al hecho de que las motocicletas pueden tener problemas de visibilidad que los veh\u00edculos m\u00e1s grandes simplemente no tienen que afrontar.  <\/p>\n<p>Como las motocicletas son veh\u00edculos m\u00e1s peque\u00f1os, la visi\u00f3n puede verse f\u00e1cilmente obstruida por arbustos y setos crecidos, edificios altos y otros veh\u00edculos en la carretera. Si has sufrido lesiones en un accidente con visibilidad limitada, es importante que hagas preguntas y averig\u00fces qu\u00e9 ha causado tus lesiones. Si tu colisi\u00f3n y tus lesiones fueron causadas por la imprudencia o negligencia de alguien, puedes tener una reclamaci\u00f3n legal que te permita pedir una indemnizaci\u00f3n.  <\/p>\n<p>Contacte hoy mismo al <a href=\"contacta con nosotros.html\">Grupo Legal Flaxman<\/a> para programar una consulta gratuita sobre accidentes. El Grupo Legal Flaxman es una firma de abogados de lesiones personales en Florida del Sur con un equipo de abogados que cuentan con m\u00e1s de 60 a\u00f1os de experiencia combinada. Nuestro equipo legal ayuda a negociar con las aseguradoras, construye casos s\u00f3lidos, y busca acuerdos extrajudiciales a favor de los demandantes. Podemos ayudarte a entender si tienes opciones legales de reparaci\u00f3n y podemos ayudarte a perseguir esas opciones si decides buscar una reclamaci\u00f3n legal.   <\/p>\n<\/p><\/div>\n<\/p><\/div>\n","protected":false},"excerpt":{"rendered":"<p>Sin honorarios a menos que ganemos. Llama al 866-352-9626 para una &#8230; <\/p>\n","protected":false},"author":3,"featured_media":0,"parent":0,"menu_order":0,"comment_status":"closed","ping_status":"closed","template":"template-practice-areas.php","meta":{"footnotes":""},"class_list":["post-21898","page","type-page","status-publish","hentry"],"featured_image_src":null,"featured_image_src_square":null,"_links":{"self":[{"href":"https:\/\/flaxmanlaw.com\/es\/wp-json\/wp\/v2\/pages\/21898","targetHints":{"allow":["GET"]}}],"collection":[{"href":"https:\/\/flaxmanlaw.com\/es\/wp-json\/wp\/v2\/pages"}],"about":[{"href":"https:\/\/flaxmanlaw.com\/es\/wp-json\/wp\/v2\/types\/page"}],"author":[{"embeddable":true,"href":"https:\/\/flaxmanlaw.com\/es\/wp-json\/wp\/v2\/users\/3"}],"replies":[{"embeddable":true,"href":"https:\/\/flaxmanlaw.com\/es\/wp-json\/wp\/v2\/comments?post=21898"}],"version-history":[{"count":0,"href":"https:\/\/flaxmanlaw.com\/es\/wp-json\/wp\/v2\/pages\/21898\/revisions"}],"wp:attachment":[{"href":"https:\/\/flaxmanlaw.com\/es\/wp-json\/wp\/v2\/media?parent=21898"}],"curies":[{"name":"wp","href":"https:\/\/api.w.org\/{rel}","templated":true}]}}