{"id":21900,"date":"2024-11-18T12:45:21","date_gmt":"2024-11-18T12:45:21","guid":{"rendered":"https:\/\/flaxmanlaw.wpenginepowered.com\/colisiones-por-girar-a-la-izquierda-en-pompano-beach-abogados-de-accidentes-de-coche-en-el-condado-de-broward\/"},"modified":"2024-11-18T12:45:21","modified_gmt":"2024-11-18T12:45:21","slug":"colisiones-por-girar-a-la-izquierda-en-pompano-beach-abogados-de-accidentes-de-coche-en-el-condado-de-broward","status":"publish","type":"page","link":"https:\/\/flaxmanlaw.com\/es\/colisiones-por-girar-a-la-izquierda-en-pompano-beach-abogados-de-accidentes-de-coche-en-el-condado-de-broward\/","title":{"rendered":"Colisiones por girar a la izquierda en Pompano Beach | Abogados de accidentes de coche en el condado de Broward"},"content":{"rendered":"<div class=\"bodytext\">\n<h2>Colisiones por girar a la izquierda en Pompano Beach<\/h1><\/h2>\n<div class=\"description\">\n<p>Las estad\u00edsticas han demostrado que una causa muy com\u00fan de accidentes de moto en Pompano Beach y Florida es que un coche u otro veh\u00edculo gire a la izquierda delante de una moto que se aproxima. \u00c9ste es tambi\u00e9n uno de los tipos de accidentes m\u00e1s evitables posibles. <\/p>\n<p>Si eres motociclista y has resultado lesionado en una colisi\u00f3n por dar vuelta a la izquierda, no dudes en contactar al Grupo Legal Flaxman al 866-352-9626 para programar una consulta gratuita y sin compromiso de tu caso y averiguar qu\u00e9 opciones existen para recuperar dinero por tus lesiones y p\u00e9rdidas.<\/p>\n<p><strong class=\"heading4\">\u00bfPor qu\u00e9 se producen accidentes por girar a la izquierda en Pompano Beach y Florida?<\/strong><\/p>\n<p>En muchos casos, los accidentes por giro a la izquierda se producen porque:<\/p>\n<ul>\n<li>Un motorista intenta atravesar una intersecci\u00f3n sin ceder el paso al tr\u00e1fico que se aproxima en sentido contrario<\/li>\n<li>Un conductor adelanta a otro veh\u00edculo que intenta esperar a la circulaci\u00f3n en sentido contrario<\/li>\n<li>Un automovilista realiza un giro a la izquierda en una zona en la que dicho giro est\u00e1 prohibido<\/li>\n<li>Un conductor gira a la izquierda cuando las se\u00f1ales de tr\u00e1fico o los sem\u00e1foros no permiten el giro<\/li>\n<li>Un conductor no se\u00f1aliza o no comprueba si hay tr\u00e1fico en sentido contrario antes de girar<\/li>\n<li>Un conductor intenta girar desde el carril equivocado<\/li>\n<li>Un motorista no cede el paso en una intersecci\u00f3n<\/li>\n<\/ul>\n<p><strong class=\"heading4\">Colisiones mortales por giro a la izquierda<\/strong><\/p>\n<p>Por desgracia, algunas colisiones por giro a la izquierda acaban en tragedia y se cobran vidas. Si has perdido a un ser querido en un accidente mortal por giro a la izquierda, querr\u00e1s consultar a un abogado de lesiones personales. Aunque tu ser querido tuviera seguro, ten en cuenta que puede haber dependientes e hijos que depend\u00edan de \u00e9l.  <\/p>\n<p>Buscar una indemnizaci\u00f3n justa en tu caso puede ayudar a proteger a toda la familia y puede ayudarte a buscar una indemnizaci\u00f3n por los gastos m\u00e9dicos finales, los gastos funerarios, la p\u00e9rdida de ingresos y otros gastos. Esto puede ayudar a tu familia en estos momentos dif\u00edciles, de modo que al menos dispong\u00e1is de recursos econ\u00f3micos para empezar a reconstruir vuestras vidas juntos. Aunque presentar una demanda por homicidio culposo en Pompano Beach o en tu comunidad no te devolver\u00e1 a tu ser querido, puede ayudarte a obtener justicia y a reclamar una indemnizaci\u00f3n para que puedas ayudar a los miembros m\u00e1s vulnerables de tu familia en estos momentos dif\u00edciles.  <\/p>\n<p>Cortar el paso a alguien en la carretera, intencionadamente o no, es algo terrible. Pero cuando est\u00e1n implicados una motocicleta y un turismo que gira a la izquierda, los resultados pueden ser mortales. Los motociclistas son propensos a sufrir lesiones graves o mortales porque no disponen de las capas de protecci\u00f3n que ofrece un turismo. Cuando los conductores son negligentes y no ceden el paso al tr\u00e1fico que se aproxima, pueden herir gravemente o da\u00f1ar a alguien si giran incorrectamente a la izquierda.   <\/p>\n<p>Los abogados del Grupo Legal Flaxman comprenden lo horrible que puede ser un accidente de vuelta a la izquierda o un accidente de motocicleta. Los abogados de nuestra firma de servicios integrales han estado ayudando a sobrevivientes de accidentes de tr\u00e1fico durante muchos a\u00f1os y les encantar\u00eda reunirse con usted en una consulta gratuita y sin compromiso para revisar sus opciones legales. No dudes en llamar a nuestras oficinas al 866-352-9626 o utiliza nuestro <a href=\"contacta con nosotros.html\">formulario web en l\u00ednea<\/a> para programar tu consulta gratuita sobre accidentes.  <\/p>\n<\/p><\/div>\n<\/p><\/div>\n","protected":false},"excerpt":{"rendered":"<p>Sin honorarios a menos que ganemos. Llama al 866-352-9626 para una &#8230; <\/p>\n","protected":false},"author":3,"featured_media":0,"parent":0,"menu_order":0,"comment_status":"closed","ping_status":"closed","template":"template-practice-areas.php","meta":{"footnotes":""},"class_list":["post-21900","page","type-page","status-publish","hentry"],"featured_image_src":null,"featured_image_src_square":null,"_links":{"self":[{"href":"https:\/\/flaxmanlaw.com\/es\/wp-json\/wp\/v2\/pages\/21900","targetHints":{"allow":["GET"]}}],"collection":[{"href":"https:\/\/flaxmanlaw.com\/es\/wp-json\/wp\/v2\/pages"}],"about":[{"href":"https:\/\/flaxmanlaw.com\/es\/wp-json\/wp\/v2\/types\/page"}],"author":[{"embeddable":true,"href":"https:\/\/flaxmanlaw.com\/es\/wp-json\/wp\/v2\/users\/3"}],"replies":[{"embeddable":true,"href":"https:\/\/flaxmanlaw.com\/es\/wp-json\/wp\/v2\/comments?post=21900"}],"version-history":[{"count":0,"href":"https:\/\/flaxmanlaw.com\/es\/wp-json\/wp\/v2\/pages\/21900\/revisions"}],"wp:attachment":[{"href":"https:\/\/flaxmanlaw.com\/es\/wp-json\/wp\/v2\/media?parent=21900"}],"curies":[{"name":"wp","href":"https:\/\/api.w.org\/{rel}","templated":true}]}}