{"id":21901,"date":"2024-11-18T12:45:21","date_gmt":"2024-11-18T12:45:21","guid":{"rendered":"https:\/\/flaxmanlaw.wpenginepowered.com\/pompano-beach-atropellado-por-un-conductor-borracho-abogados-de-accidentes-de-coche-del-condado-de-broward\/"},"modified":"2024-11-18T12:45:21","modified_gmt":"2024-11-18T12:45:21","slug":"pompano-beach-atropellado-por-un-conductor-borracho-abogados-de-accidentes-de-coche-del-condado-de-broward","status":"publish","type":"page","link":"https:\/\/flaxmanlaw.com\/es\/pompano-beach-atropellado-por-un-conductor-borracho-abogados-de-accidentes-de-coche-del-condado-de-broward\/","title":{"rendered":"Pompano Beach Atropellado por un Conductor Borracho | Abogados de Accidentes de Coche del Condado de Broward"},"content":{"rendered":"<div class=\"bodytext\">\n<h2>Atropellado en Pompano Beach por un conductor ebrio<\/h1><\/h2>\n<div class=\"description\">\n<p>Si t\u00fa o un ser querido hab\u00e9is resultado heridos por un conductor ebrio, es aconsejable que al menos hables con un abogado de lesiones personales en Pompano Beach sobre tus derechos legales. Como v\u00edctima de un conductor ebrio, tienes derechos y opciones que te permiten buscar una indemnizaci\u00f3n y justicia. Un abogado puede hablar con la compa\u00f1\u00eda de seguros del conductor ebrio y con tu propia compa\u00f1\u00eda de seguros para asegurarse de que obtienes una indemnizaci\u00f3n justa.  <\/p>\n<p>En un caso de conducci\u00f3n bajo los efectos del alcohol, tambi\u00e9n tendr\u00e1s una reclamaci\u00f3n legal contra el conductor ebrio. Si decides recurrir a la justicia, un abogado especializado en lesiones personales puede guiarte a trav\u00e9s del proceso y ocuparse de todos los detalles por ti. Un abogado tambi\u00e9n puede ayudarte a mantenerte informado de lo que ocurre con la fiscal\u00eda y de los cargos penales que se le imputan al conductor ebrio. Para saber m\u00e1s sobre tus opciones si has resultado lesionado, contacta con el Grupo Legal Flaxman para una consulta gratuita sobre accidentes.   <\/p>\n<p><strong class=\"heading4\">Perder a un ser querido en un accidente por DUI<\/strong><\/p>\n<p>Perder a un ser querido en un accidente de coche por conducir ebrio en Pompano Beach o en tu comunidad es una de las peores cosas que puede experimentar una familia. No s\u00f3lo es devastador perder a un ser querido, sino que puede ser especialmente perturbador darse cuenta de que el accidente era completamente evitable y causado por las malas decisiones de alguien. <\/p>\n<p>Adem\u00e1s, el coste de perder a un familiar puede acumularse muy r\u00e1pidamente. Las familias en duelo suelen tener que hacer frente a gastos de viaje, facturas m\u00e9dicas finales, facturas telef\u00f3nicas, gastos de asesoramiento, salarios perdidos, gastos funerarios y de conmemoraci\u00f3n, recetas m\u00e9dicas y otros gastos en un momento en que est\u00e1n de duelo y se sienten menos capaces de afrontar todos estos problemas. <\/p>\n<p><strong class=\"heading4\">\u00bfQu\u00e9 opciones tienes a tu disposici\u00f3n?<\/strong><\/p>\n<p>Si has perdido a un ser querido, te conviene informarte sobre el programa de Florida de indemnizaci\u00f3n por delitos y v\u00edctimas, que puede ayudarte a encontrar recursos locales que te ayuden en tu duelo y tambi\u00e9n a reembolsarte algunos gastos.<\/p>\n<p>Tambi\u00e9n querr\u00e1s hablar con un abogado de lesiones personales para averiguar todas tus opciones legales. Reclamar una indemnizaci\u00f3n puede ayudar a garantizar que la persona que se ha cobrado la vida de tu ser querido o te ha lesionado responda de sus actos. Tambi\u00e9n puede ayudar a garantizar que t\u00fa y tu familia dispong\u00e1is de dinero para asesoramiento, un funeral digno, gastos m\u00e9dicos y otros gastos. No hay raz\u00f3n para que tengas que preocuparte por los gastos econ\u00f3micos, adem\u00e1s del dolor, si has sido v\u00edctima de un delito como conducir ebrio.   <\/p>\n<p>Si usted o un miembro de su familia ha resultado lesionado por un conductor ebrio, por favor contacte hoy mismo a los abogados del Grupo Legal Flaxman. El <a href=\"contacta con nosotros.html\">Grupo Legal<\/a> Flaxman puede ayudarle a revisar todas sus opciones para buscar justicia en su caso. Nuestros abogados cuentan con una experiencia legal combinada de 60 a\u00f1os y han procesado a conductores ebrios y buscado justicia a favor de demandantes en todo Florida del Sur. Ya hemos recuperado m\u00e1s de 100 millones de d\u00f3lares en nombre de demandantes y v\u00edctimas de delitos y lesiones.   <\/p>\n<\/p><\/div>\n<\/p><\/div>\n","protected":false},"excerpt":{"rendered":"<p>Sin honorarios a menos que ganemos. Llama al 866-352-9626 para una &#8230; <\/p>\n","protected":false},"author":3,"featured_media":0,"parent":0,"menu_order":0,"comment_status":"closed","ping_status":"closed","template":"template-practice-areas.php","meta":{"footnotes":""},"class_list":["post-21901","page","type-page","status-publish","hentry"],"featured_image_src":null,"featured_image_src_square":null,"_links":{"self":[{"href":"https:\/\/flaxmanlaw.com\/es\/wp-json\/wp\/v2\/pages\/21901","targetHints":{"allow":["GET"]}}],"collection":[{"href":"https:\/\/flaxmanlaw.com\/es\/wp-json\/wp\/v2\/pages"}],"about":[{"href":"https:\/\/flaxmanlaw.com\/es\/wp-json\/wp\/v2\/types\/page"}],"author":[{"embeddable":true,"href":"https:\/\/flaxmanlaw.com\/es\/wp-json\/wp\/v2\/users\/3"}],"replies":[{"embeddable":true,"href":"https:\/\/flaxmanlaw.com\/es\/wp-json\/wp\/v2\/comments?post=21901"}],"version-history":[{"count":0,"href":"https:\/\/flaxmanlaw.com\/es\/wp-json\/wp\/v2\/pages\/21901\/revisions"}],"wp:attachment":[{"href":"https:\/\/flaxmanlaw.com\/es\/wp-json\/wp\/v2\/media?parent=21901"}],"curies":[{"name":"wp","href":"https:\/\/api.w.org\/{rel}","templated":true}]}}