{"id":21902,"date":"2024-11-18T12:45:21","date_gmt":"2024-11-18T12:45:21","guid":{"rendered":"https:\/\/flaxmanlaw.wpenginepowered.com\/accidente-de-trafico-en-pompano-beach-abogados-de-accidentes-de-trafico-en-el-condado-de-broward\/"},"modified":"2024-11-18T12:45:21","modified_gmt":"2024-11-18T12:45:21","slug":"accidente-de-trafico-en-pompano-beach-abogados-de-accidentes-de-trafico-en-el-condado-de-broward","status":"publish","type":"page","link":"https:\/\/flaxmanlaw.com\/es\/accidente-de-trafico-en-pompano-beach-abogados-de-accidentes-de-trafico-en-el-condado-de-broward\/","title":{"rendered":"Accidente de tr\u00e1fico en Pompano Beach | Abogados de accidentes de tr\u00e1fico en el condado de Broward"},"content":{"rendered":"<div class=\"bodytext\">\n<h2>Accidente con fuga en Pompano Beach<\/h1><\/h2>\n<div class=\"description\">\n<p>Los accidentes de coche con fuga en Pompano Beach suelen ser muy frustrantes y enojosos. Si has tenido un accidente de coche, por supuesto que probablemente te habr\u00e1s dado cuenta de que tienes que parar y ofrecer ayuda razonable a quien est\u00e9 herido e intercambiar informaci\u00f3n de contacto con la otra persona. Si la otra persona no est\u00e1 cerca y has golpeado su veh\u00edculo o da\u00f1ado su propiedad, se espera de ti que dejes una nota e informes del accidente a la polic\u00eda local. Ofrecer ayuda garantiza que cualquier herido en el lugar de un accidente de coche o cami\u00f3n reciba asistencia inmediata y vital. Intercambiar informaci\u00f3n de contacto, datos del permiso de conducir e informaci\u00f3n de la matr\u00edcula garantiza que cualquier herido pueda obtener una indemnizaci\u00f3n por sus lesiones.    <\/p>\n<p>Si usted ha resultado lesionado en un accidente de atropellamiento y fuga, contacte al Grupo Legal Flaxman para una revisi\u00f3n gratuita de su caso. Tu consulta gratuita sobre accidentes no conlleva ninguna obligaci\u00f3n, pero te da la oportunidad de informarte sobre tus opciones legales. Usted puede tener m\u00e1s opciones para buscar una compensaci\u00f3n de las que se imagina.  <\/p>\n<p><strong class=\"heading4\">\u00bfA qui\u00e9n abandonan los conductores el lugar del accidente en Pompano Beach?<\/strong><\/p>\n<p>Hay muchas razones por las que se produce un accidente con fuga. En muchos casos, la gente abandona el lugar del accidente sin detenerse a ofrecer ayuda o informaci\u00f3n porque: <\/p>\n<ul>\n<li>Conducen un veh\u00edculo robado<\/li>\n<li>Hacen algo ilegal o tienen bienes ilegales en el coche<\/li>\n<li>No tienen carn\u00e9 o conducen con el carn\u00e9 suspendido<\/li>\n<li>No tienen seguro<\/li>\n<li>Entran en p\u00e1nico<\/li>\n<li>No quieren enfrentarse a la molestia de denunciar un accidente de tr\u00e1fico<\/li>\n<li>No quieren tener que hacer frente a un aumento de las primas del seguro o ser declarados culpables de una colisi\u00f3n.<\/li>\n<li>Ya tienen una lista de accidentes de coche a su nombre y no quieren que les quiten m\u00e1s puntos del carn\u00e9<\/li>\n<li>Estaban haciendo algo ilegal en el momento del accidente para provocarlo y no quieren cargos penales<\/li>\n<li>Conduc\u00edan bajo los efectos de las drogas o el alcohol<\/li>\n<li>Tienen una orden de detenci\u00f3n pendiente<\/li>\n<\/ul>\n<p>Es mortificante encontrar a un conductor que se da a la fuga y recibir una lista de excusas sobre por qu\u00e9 no se detuvo para ofrecer ayuda vital o parar para intercambiar informaci\u00f3n. La realidad es que no hay ninguna buena raz\u00f3n para no parar en caso de accidente. Aunque el conductor no pueda encontrar al propietario de un veh\u00edculo con el que ha chocado o est\u00e9 demasiado herido para intercambiar informaci\u00f3n de contacto, siempre puede ponerse en contacto con la polic\u00eda para informar del accidente y ofrecer su informaci\u00f3n de contacto. Cuando los conductores no lo hacen, a menudo es porque intentan voluntariamente eludir la acci\u00f3n de la justicia.   <\/p>\n<p><strong class=\"heading4\">Encontrar justicia en tu caso<\/strong><\/p>\n<p>Si has resultado herido en un accidente de coche causado por un conductor que se dio a la fuga, mereces justicia y, seg\u00fan la ley de Florida, puedes tener derecho a una indemnizaci\u00f3n. Incluso sin la informaci\u00f3n del seguro del otro conductor, puedes tener opciones legales. Es posible que puedas obtener el dinero del seguro de tu propia compa\u00f1\u00eda de seguros de coche o que haya otra parte responsable a la que puedas perseguir si otra persona desempe\u00f1\u00f3 un papel en tus lesiones. Para enterarte de todas tus opciones y desarrollar un plan para lidiar con tu situaci\u00f3n, contacta al <a href=\"contacta con nosotros.html\">Grupo Legal Flaxman<\/a> para una evaluaci\u00f3n de tu caso sin compromiso y sin costo.   <\/p>\n<\/p><\/div>\n<\/p><\/div>\n","protected":false},"excerpt":{"rendered":"<p>Sin honorarios a menos que ganemos. Llama al 866-352-9626 para una &#8230; <\/p>\n","protected":false},"author":3,"featured_media":0,"parent":0,"menu_order":0,"comment_status":"closed","ping_status":"closed","template":"template-practice-areas.php","meta":{"footnotes":""},"class_list":["post-21902","page","type-page","status-publish","hentry"],"featured_image_src":null,"featured_image_src_square":null,"_links":{"self":[{"href":"https:\/\/flaxmanlaw.com\/es\/wp-json\/wp\/v2\/pages\/21902","targetHints":{"allow":["GET"]}}],"collection":[{"href":"https:\/\/flaxmanlaw.com\/es\/wp-json\/wp\/v2\/pages"}],"about":[{"href":"https:\/\/flaxmanlaw.com\/es\/wp-json\/wp\/v2\/types\/page"}],"author":[{"embeddable":true,"href":"https:\/\/flaxmanlaw.com\/es\/wp-json\/wp\/v2\/users\/3"}],"replies":[{"embeddable":true,"href":"https:\/\/flaxmanlaw.com\/es\/wp-json\/wp\/v2\/comments?post=21902"}],"version-history":[{"count":0,"href":"https:\/\/flaxmanlaw.com\/es\/wp-json\/wp\/v2\/pages\/21902\/revisions"}],"wp:attachment":[{"href":"https:\/\/flaxmanlaw.com\/es\/wp-json\/wp\/v2\/media?parent=21902"}],"curies":[{"name":"wp","href":"https:\/\/api.w.org\/{rel}","templated":true}]}}