{"id":21903,"date":"2024-11-18T12:45:21","date_gmt":"2024-11-18T12:45:21","guid":{"rendered":"https:\/\/flaxmanlaw.wpenginepowered.com\/accidentes-en-intersecciones-de-pompano-beach-abogados-de-accidentes-de-coche-del-condado-de-broward\/"},"modified":"2025-12-04T04:10:00","modified_gmt":"2025-12-04T04:10:00","slug":"accidentes-en-intersecciones-de-pompano-beach-abogados-de-accidentes-de-coche-del-condado-de-broward","status":"publish","type":"page","link":"https:\/\/flaxmanlaw.com\/es\/accidentes-en-intersecciones-de-pompano-beach-abogados-de-accidentes-de-coche-del-condado-de-broward\/","title":{"rendered":"Accidentes en Intersecciones de Pompano Beach"},"content":{"rendered":"<div class=\"bodytext\">\n<h2>Accidentes en Intersecciones de Pompano Beach<\/h2>\n<div class=\"description\">\n<p>Las carreteras de Pompano Beach y de toda Florida est\u00e1n llenas de peligros obvios y menos obvios. Las intersecciones parecen una parte m\u00e1s de la carretera, pero pueden convertirse r\u00e1pidamente en peligrosas. De hecho, los estudios demuestran que muchas colisiones se producen en los cruces, en parte porque los conductores son imprudentes o negligentes al intentar saltarse los sem\u00e1foros en rojo o no detenerse ante las se\u00f1ales de stop.<\/p>\n<p>Las estad\u00edsticas muestran que hasta un tercio de los accidentes de tr\u00e1fico de Florida se producen en los cruces. No es ninguna sorpresa. En las intersecciones intervienen muchos tipos de veh\u00edculos, as\u00ed como peatones y ciclistas, todos ellos en un espacio relativamente reducido y todos dirigi\u00e9ndose en distintas direcciones al mismo tiempo. En muchos casos, esto es una receta para el desastre, sobre todo si uno o m\u00e1s automovilistas conducen de forma imprudente o negligente. Sin embargo, si has resultado herido por un conductor imprudente o negligente, tienes opciones. Es posible que puedas negociar con tu compa\u00f1\u00eda de seguros para obtener una indemnizaci\u00f3n justa o que tengas una reclamaci\u00f3n legal que te permita perseguir a las partes responsables para conseguir una indemnizaci\u00f3n. Para averiguar m\u00e1s, contacte hoy mismo <a href=\"index.html\">al Grupo Legal Flaxman<\/a> para recibir una evaluaci\u00f3n gratuita de su caso y revisar sus opciones.<\/p>\n<p><strong class=\"heading4\">\u00bfQu\u00e9 hace que los accidentes de coche y cami\u00f3n en las intersecciones de Pompano Beach y Florida sean tan mortales?<\/strong><\/p>\n<p>Los accidentes que tienen lugar en los cruces son extremadamente peligrosos por varias razones:<\/p>\n<p>1) Estos accidentes suelen implicar velocidad. En muchos casos, los choques en intersecciones implican que un conductor se salta un sem\u00e1foro en rojo o no puede frenar a tiempo, lo que significa que golpea tu veh\u00edculo a toda velocidad. Esto suele crear suficiente impulso y fuerza para causar lesiones graves, como fracturas, lesiones medulares, latigazo cervical, traumatismo craneoencef\u00e1lico, etc.<\/p>\n<p>2) Estos accidentes pueden empujarte hacia el tr\u00e1fico que viene en sentido contrario. Si est\u00e1s parado ante un sem\u00e1foro en rojo o una se\u00f1al de tr\u00e1fico, un accidente por alcance u otra colisi\u00f3n en una intersecci\u00f3n pueden empujarte hacia el tr\u00e1fico que viene en sentido contrario, poni\u00e9ndote en riesgo de sufrir un accidente en T u otra colisi\u00f3n grave.<\/p>\n<p>3) Estos accidentes pueden ser colisiones de varios veh\u00edculos. El coche que circula detr\u00e1s de ti puede golpearte con fuerza suficiente para empujarte contra el veh\u00edculo que tienes delante. En algunos casos, se produce una reacci\u00f3n en cadena en un accidente en una intersecci\u00f3n, en la que el error de un conductor provoca todo un grupo de accidentes. Los accidentes de varios veh\u00edculos implican varios puntos de impacto y una mayor probabilidad de lesiones.<\/p>\n<p><strong class=\"heading4\">\u00bfTe has lesionado en un cruce en el sur de Florida?<\/strong><\/p>\n<p>Si usted ha resultado recientemente lesionado en un accidente de tr\u00e1fico o si un ser querido ha resultado recientemente lesionado o muerto en un accidente automovil\u00edstico, <a href=\"contacta con nosotros.html\">contacte<\/a> hoy mismo al Grupo Legal Flaxman. No hay costo para ti y no hay obligaci\u00f3n. Nunca te presionaremos para que trabajes con nosotros. Nuestro objetivo es proporcionarte asesor\u00eda legal en tu dif\u00edcil situaci\u00f3n. Por supuesto, si decides trabajar con nuestro bufete de servicios integrales, podemos asegurarte que pondremos a un equipo de abogados y expertos legales a trabajar en tu caso para buscar justicia y la m\u00e1xima compensaci\u00f3n posible en tu situaci\u00f3n.<\/p>\n<\/div>\n<\/div>\n","protected":false},"excerpt":{"rendered":"<p>Sin honorarios a menos que ganemos. Llama al 866-352-9626 para una &#8230; <\/p>\n","protected":false},"author":3,"featured_media":0,"parent":0,"menu_order":0,"comment_status":"closed","ping_status":"closed","template":"template-practice-areas.php","meta":{"footnotes":""},"class_list":["post-21903","page","type-page","status-publish","hentry"],"featured_image_src":null,"featured_image_src_square":null,"_links":{"self":[{"href":"https:\/\/flaxmanlaw.com\/es\/wp-json\/wp\/v2\/pages\/21903","targetHints":{"allow":["GET"]}}],"collection":[{"href":"https:\/\/flaxmanlaw.com\/es\/wp-json\/wp\/v2\/pages"}],"about":[{"href":"https:\/\/flaxmanlaw.com\/es\/wp-json\/wp\/v2\/types\/page"}],"author":[{"embeddable":true,"href":"https:\/\/flaxmanlaw.com\/es\/wp-json\/wp\/v2\/users\/3"}],"replies":[{"embeddable":true,"href":"https:\/\/flaxmanlaw.com\/es\/wp-json\/wp\/v2\/comments?post=21903"}],"version-history":[{"count":0,"href":"https:\/\/flaxmanlaw.com\/es\/wp-json\/wp\/v2\/pages\/21903\/revisions"}],"wp:attachment":[{"href":"https:\/\/flaxmanlaw.com\/es\/wp-json\/wp\/v2\/media?parent=21903"}],"curies":[{"name":"wp","href":"https:\/\/api.w.org\/{rel}","templated":true}]}}