{"id":21904,"date":"2024-11-18T12:45:21","date_gmt":"2024-11-18T12:45:21","guid":{"rendered":"https:\/\/flaxmanlaw.wpenginepowered.com\/averias-de-maquinaria-pesada-en-pompano-beach-abogados-de-accidentes-del-condado-de-broward\/"},"modified":"2024-11-18T12:45:21","modified_gmt":"2024-11-18T12:45:21","slug":"averias-de-maquinaria-pesada-en-pompano-beach-abogados-de-accidentes-del-condado-de-broward","status":"publish","type":"page","link":"https:\/\/flaxmanlaw.com\/es\/averias-de-maquinaria-pesada-en-pompano-beach-abogados-de-accidentes-del-condado-de-broward\/","title":{"rendered":"Aver\u00edas de maquinaria pesada en Pompano Beach | Abogados de accidentes del condado de Broward"},"content":{"rendered":"<div class=\"bodytext\">\n<h2>Aver\u00edas de la maquinaria pesada de Pompano Beach<\/h1><\/h2>\n<div class=\"description\">\n<p>En Pompano Beach, muchos accidentes en obras de construcci\u00f3n, accidentes en f\u00e1bricas, accidentes industriales, lesiones en el lugar de trabajo, accidentes en almacenes y accidentes en granjas est\u00e1n causados por fallos de la maquinaria pesada. Todos estos lugares de trabajo dependen de equipos pesados como bobcats, bulldozers y otras piezas de maquinaria, pero estas mismas herramientas que hacen el trabajo tambi\u00e9n pueden provocar lesiones devastadoras. <\/p>\n<p>Los abogados del Grupo Legal Flaxman han trabajado con muchos hombres y mujeres valientes y trabajadores que han sufrido lesiones laborales catastr\u00f3ficas sin tener la culpa. Los abogados de nuestro bufete de servicios integrales creen que estos trabajadores merecen justicia, respuestas y compensaci\u00f3n. Con ese fin, nuestro equipo de abogados y expertos legales trabaja d\u00eda y noche para representar a estos trabajadores lesionados en los tribunales y en la mesa de negociaciones. Si quieres saber si tienes un caso o deseas una opini\u00f3n jur\u00eddica sobre tu situaci\u00f3n, siempre puedes ponerte en contacto con nosotros en el 866-352-9626.   <\/p>\n<p><strong class=\"heading4\">Causas comunes de las lesiones laborales industriales<\/strong><\/p>\n<p>Los accidentes por aver\u00eda de maquinaria pesada suelen deberse a<\/p>\n<ul>\n<li>Fallo de la gr\u00faa<\/li>\n<li>Falta de formaci\u00f3n adecuada<\/li>\n<li>Accidentes de tr\u00e1fico en zonas de construcci\u00f3n o industriales<\/li>\n<li>Defectos o fallos de la maquinaria<\/li>\n<li>Supervisi\u00f3n inadecuada<\/li>\n<li>Mala gesti\u00f3n<\/li>\n<li>Accidentes en la construcci\u00f3n de carreteras<\/li>\n<li>Fallos en conductos hidr\u00e1ulicos, equipos antica\u00eddas, escaleras, pernos, conductos de frenos, conductos de aire comprimido o cables<\/li>\n<li>Entorno de trabajo inseguro<\/li>\n<li>Accidentes con carretillas elevadoras<\/li>\n<li>Violaciones de la OSHA y otras normas de seguridad en el lugar de trabajo<\/li>\n<li>Falta de supervisi\u00f3n adecuada<\/li>\n<li>Uso indebido de los mecanismos de seguridad de las m\u00e1quinas<\/li>\n<li>Alteraci\u00f3n de m\u00e1quinas y equipos pesados<\/li>\n<li>Maquinaria y equipos viejos o mal utilizados<\/li>\n<li>Equipo de seguridad incorrecto<\/li>\n<li>Formaci\u00f3n inadecuada para la maquinaria pesada<\/li>\n<li>Accidentes con excavadoras<\/li>\n<\/ul>\n<p><strong class=\"heading4\">Lesiones comunes provocadas por la maquinaria pesada<\/strong><\/p>\n<p>El fallo de la maquinaria pesada puede provocar muchas lesiones graves, entre ellas:<\/p>\n<ul>\n<li>Par\u00e1lisis<\/li>\n<li>Desfiguraci\u00f3n o lesiones faciales<\/li>\n<li>Lesiones medulares<\/li>\n<li>Quemaduras<\/li>\n<li>Lesi\u00f3n cerebral<\/li>\n<li>Lesiones por aplastamiento<\/li>\n<li>Exposici\u00f3n a sustancias qu\u00edmicas peligrosas<\/li>\n<li>Lesiones por ascensor<\/li>\n<li>Amputaciones<\/li>\n<li>S\u00edndrome de vibraci\u00f3n mano-brazo<\/li>\n<li>Fracturas<\/li>\n<li>Embolia gaseosa<\/li>\n<li>Silicosis<\/li>\n<\/ul>\n<p>Muchos trabajadores asumen que est\u00e1n cubiertos por la indemnizaci\u00f3n por accidente laboral en Pompano Beach o en su lugar de trabajo si han sufrido este tipo de lesiones, de modo que no tienen que preocuparse por las lesiones laborales. El problema es que este tipo de cobertura no ofrece prestaciones por muchas lesiones y da\u00f1os que pueda sufrir un trabajador lesionado. La indemnizaci\u00f3n por accidente laboral, por ejemplo, no ofrece prestaciones por gastos accesorios (que pueden ser muy importantes) ni por dolor y sufrimiento.  <\/p>\n<p>Sin embargo, adem\u00e1s de la indemnizaci\u00f3n por accidente laboral y la cobertura m\u00e9dica, los trabajadores tienen opciones legales. Una opci\u00f3n es presentar demandas legales contra terceros distintos del empresario. Estas reclamaciones por accidente laboral a terceros pueden dirigirse contra fabricantes de maquinaria pesada, propietarios y responsables del mantenimiento de los equipos, si tienen parte de culpa en el accidente y las lesiones.  <\/p>\n<p>Un abogado de lesiones personales de Pompano Beach o de tu comunidad puede revisar tu situaci\u00f3n y ayudarte a comprender cu\u00e1nto puede valer tu caso para que puedas evaluar las ofertas del seguro. Si tienes un caso contra un tercero, un abogado puede presentar esa demanda en tu nombre, dej\u00e1ndote tiempo para centrarte en curarte. Y un abogado tambi\u00e9n puede trabajar con las compa\u00f1\u00edas de seguros y negociar en tu nombre.  <\/p>\n<p>Si crees que una falla en equipo pesado ha causado tus lesiones, contacta a los abogados <a href=\"contacta con nosotros.html\">del Grupo Legal Flaxman<\/a> para revisar tus opciones con uno de nuestros abogados. Nuestros abogados cuentan con m\u00e1s de 60 a\u00f1os de experiencia combinada en la corte y en negociaciones con aseguradoras. <\/p>\n<\/p><\/div>\n<\/p><\/div>\n","protected":false},"excerpt":{"rendered":"<p>Sin honorarios a menos que ganemos. Llama al 866-352-9626 para una &#8230; <\/p>\n","protected":false},"author":3,"featured_media":0,"parent":0,"menu_order":0,"comment_status":"closed","ping_status":"closed","template":"template-practice-areas.php","meta":{"footnotes":""},"class_list":["post-21904","page","type-page","status-publish","hentry"],"featured_image_src":null,"featured_image_src_square":null,"_links":{"self":[{"href":"https:\/\/flaxmanlaw.com\/es\/wp-json\/wp\/v2\/pages\/21904","targetHints":{"allow":["GET"]}}],"collection":[{"href":"https:\/\/flaxmanlaw.com\/es\/wp-json\/wp\/v2\/pages"}],"about":[{"href":"https:\/\/flaxmanlaw.com\/es\/wp-json\/wp\/v2\/types\/page"}],"author":[{"embeddable":true,"href":"https:\/\/flaxmanlaw.com\/es\/wp-json\/wp\/v2\/users\/3"}],"replies":[{"embeddable":true,"href":"https:\/\/flaxmanlaw.com\/es\/wp-json\/wp\/v2\/comments?post=21904"}],"version-history":[{"count":0,"href":"https:\/\/flaxmanlaw.com\/es\/wp-json\/wp\/v2\/pages\/21904\/revisions"}],"wp:attachment":[{"href":"https:\/\/flaxmanlaw.com\/es\/wp-json\/wp\/v2\/media?parent=21904"}],"curies":[{"name":"wp","href":"https:\/\/api.w.org\/{rel}","templated":true}]}}