{"id":21905,"date":"2024-11-18T12:45:21","date_gmt":"2024-11-18T12:45:21","guid":{"rendered":"https:\/\/flaxmanlaw.wpenginepowered.com\/ley-de-seguros-de-pompano-beach-abogados-de-reclamaciones-de-seguros-del-condado-de-broward\/"},"modified":"2024-11-18T12:45:21","modified_gmt":"2024-11-18T12:45:21","slug":"ley-de-seguros-de-pompano-beach-abogados-de-reclamaciones-de-seguros-del-condado-de-broward","status":"publish","type":"page","link":"https:\/\/flaxmanlaw.com\/es\/ley-de-seguros-de-pompano-beach-abogados-de-reclamaciones-de-seguros-del-condado-de-broward\/","title":{"rendered":"Ley de Seguros de Pompano Beach | Abogados de Reclamaciones de Seguros del Condado de Broward"},"content":{"rendered":"<div class=\"bodytext\">\n<h2>Ley de Seguros de Pompano Beach<\/h1><\/h2>\n<div class=\"description\">\n<p>Los titulares de p\u00f3lizas en Florida est\u00e1n protegidos por la Ley de Pr\u00e1cticas Injustas de Resoluci\u00f3n de Reclamaciones, que exige a las compa\u00f1\u00edas de seguros que act\u00faen de determinadas maneras \u00e9ticas y honestas. Esta ley tambi\u00e9n impide que las compa\u00f1\u00edas de seguros denieguen injustamente las reclamaciones y las infravaloren. <\/p>\n<p>Los litigios sobre seguros se producen cuando el tomador y la compa\u00f1\u00eda de seguros no llegan a un acuerdo sobre una reclamaci\u00f3n. Un tomador de seguro puede presentar una reclamaci\u00f3n y la compa\u00f1\u00eda de seguros puede pagar menos de lo que el tomador cree que tiene derecho o puede denegar la reclamaci\u00f3n por completo. <\/p>\n<p>Si crees que tienes una disputa de seguros o una demanda legal contra tu aseguradora, contacta a abogados de lesiones personales en Pompano Beach o en tu comunidad para recibir ayuda. Si necesitas un abogado, siempre puedes contactar al Grupo Legal Flaxman para programar una evaluaci\u00f3n gratuita de tu caso. <\/p>\n<p><strong class=\"heading4\">\u00bfTengo una reclamaci\u00f3n legal contra mi compa\u00f1\u00eda de seguros?<\/strong><\/p>\n<p>Puede haber muchas situaciones en las que un asegurado tenga derecho a reclamar en virtud de la Ley de Pr\u00e1cticas Desleales de Resoluci\u00f3n de Reclamaciones y otras leyes:<\/p>\n<ul>\n<li>Una compa\u00f1\u00eda de seguros evita pagar una reclamaci\u00f3n v\u00e1lida<\/li>\n<li>Una compa\u00f1\u00eda de seguros reduce el pago por asegurado<\/li>\n<li>Una compa\u00f1\u00eda de seguros comete fraude<\/li>\n<li>Una compa\u00f1\u00eda de seguros enga\u00f1a o induce a error a un asegurado<\/li>\n<li>Una compa\u00f1\u00eda de seguros no cumple una obligaci\u00f3n establecida en el contrato del tomador del seguro<\/li>\n<li>Una compa\u00f1\u00eda de seguros participa en un delito consciente<\/li>\n<\/ul>\n<p>Por desgracia, en muchos casos es dif\u00edcil demostrar que una compa\u00f1\u00eda de seguros no ha actuado adecuadamente. Una compa\u00f1\u00eda de seguros puede alegar que tiene toda la raz\u00f3n al denegar tu reclamaci\u00f3n o infravalorarla. Tendr\u00e1s que trabajar con un abogado especializado en lesiones personales o en derecho de seguros para encontrar pruebas de actuaci\u00f3n indebida y poder negociar con tu compa\u00f1\u00eda de seguros. Si tu compa\u00f1\u00eda de seguros sigue denegando tu reclamaci\u00f3n, tal vez puedas llevar a la compa\u00f1\u00eda de seguros ante los tribunales y entablar una causa judicial para que te devuelvan el dinero del seguro.   <\/p>\n<p><strong class=\"heading4\">\u00bfQu\u00e9 reclamaciones puedo tener contra mi compa\u00f1\u00eda de seguros?<\/strong><\/p>\n<p>Dependiendo de los detalles de la situaci\u00f3n, puede haber varios tipos de reclamaciones que el asegurado puede presentar:<\/p>\n<\/p>\n<ul>\n<li>Caso de lesiones personales<\/li>\n<li>Caso de tramitaci\u00f3n injusta de siniestros<\/li>\n<li>Caso de mala fe<\/li>\n<\/ul>\n<p><strong class=\"heading4\">\u00bfQu\u00e9 puede dar lugar a un litigio sobre seguros?<\/strong><\/p>\n<p>Muchos tipos de seguros pueden crear casos de litigio de seguros:<\/p>\n<ul>\n<li>Seguro de propiedad empresarial<\/li>\n<li>Cobertura para propietarios de viviendas<\/li>\n<li>Seguro de asistencia sanitaria<\/li>\n<li>Seguro de invalidez<\/li>\n<li>Indemnizaci\u00f3n laboral<\/li>\n<li>Reclamaciones contra la Ley de Seguridad de Ingresos de Jubilaci\u00f3n de los Empleados (ERISA)<\/li>\n<li>Cobertura de Responsabilidad Profesional<\/li>\n<li>Cobertura de errores y omisiones (E&amp;O)<\/li>\n<li>Seguro de protecci\u00f3n personal<\/li>\n<li>Seguro de coche<\/li>\n<li>Seguro de vida<\/li>\n<li>Cobertura contra huracanes y tormentas<\/li>\n<li>Cobertura de da\u00f1os por fuego y agua<\/li>\n<\/ul>\n<p>\u00bfTe sientes tratado injustamente por una compa\u00f1\u00eda de seguros? \u00bfHas estado pagando un seguro durante a\u00f1os, pero ahora que lo necesitas tu aseguradora no te proporciona el dinero del seguro al que cre\u00edas tener derecho? Si vives en Pompano Beach o en el sur de Florida, contacta hoy mismo con el Grupo Legal Flaxman.  <\/p>\n<p>Usted puede entrevistarse con nuestros abogados en una revisi\u00f3n gratuita y sin compromiso de su caso para discutir sus pr\u00f3ximas opciones. Los abogados del Grupo Legal Flaxman cuentan con m\u00e1s de sesenta a\u00f1os de experiencia combinada y Charles Flaxman, del Grupo Legal Flaxman, tambi\u00e9n tiene 10 a\u00f1os de experiencia en la industria de los seguros, as\u00ed como m\u00e1s de dos d\u00e9cadas de experiencia legal. \u00c9l entiende la ley de seguros desde ambos lados de la sala del tribunal y tiene una profunda comprensi\u00f3n de c\u00f3mo las leyes de seguros podr\u00edan estar impactando en tu demanda.  <\/p>\n<\/p><\/div>\n<\/p><\/div>\n","protected":false},"excerpt":{"rendered":"<p>Sin honorarios a menos que ganemos. Llama al 866-352-9626 para una &#8230; <\/p>\n","protected":false},"author":3,"featured_media":0,"parent":0,"menu_order":0,"comment_status":"closed","ping_status":"closed","template":"template-practice-areas.php","meta":{"footnotes":""},"class_list":["post-21905","page","type-page","status-publish","hentry"],"featured_image_src":null,"featured_image_src_square":null,"_links":{"self":[{"href":"https:\/\/flaxmanlaw.com\/es\/wp-json\/wp\/v2\/pages\/21905","targetHints":{"allow":["GET"]}}],"collection":[{"href":"https:\/\/flaxmanlaw.com\/es\/wp-json\/wp\/v2\/pages"}],"about":[{"href":"https:\/\/flaxmanlaw.com\/es\/wp-json\/wp\/v2\/types\/page"}],"author":[{"embeddable":true,"href":"https:\/\/flaxmanlaw.com\/es\/wp-json\/wp\/v2\/users\/3"}],"replies":[{"embeddable":true,"href":"https:\/\/flaxmanlaw.com\/es\/wp-json\/wp\/v2\/comments?post=21905"}],"version-history":[{"count":0,"href":"https:\/\/flaxmanlaw.com\/es\/wp-json\/wp\/v2\/pages\/21905\/revisions"}],"wp:attachment":[{"href":"https:\/\/flaxmanlaw.com\/es\/wp-json\/wp\/v2\/media?parent=21905"}],"curies":[{"name":"wp","href":"https:\/\/api.w.org\/{rel}","templated":true}]}}