{"id":21908,"date":"2024-11-18T12:45:13","date_gmt":"2024-11-18T12:45:13","guid":{"rendered":"https:\/\/flaxmanlaw.wpenginepowered.com\/negligencia-medica-en-north-miami-abogados-de-abuso-en-residencias-de-ancianos-del-condado-de-miami-dade\/"},"modified":"2024-11-18T12:45:13","modified_gmt":"2024-11-18T12:45:13","slug":"negligencia-medica-en-north-miami-abogados-de-abuso-en-residencias-de-ancianos-del-condado-de-miami-dade","status":"publish","type":"page","link":"https:\/\/flaxmanlaw.com\/es\/negligencia-medica-en-north-miami-abogados-de-abuso-en-residencias-de-ancianos-del-condado-de-miami-dade\/","title":{"rendered":"Negligencia m\u00e9dica en North Miami | Abogados de abuso en residencias de ancianos del condado de Miami-Dade"},"content":{"rendered":"<div class=\"bodytext\">\n<h2>Negligencia m\u00e9dica en North Miami<\/h1><\/h2>\n<div class=\"description\">\n<p>La negligencia m\u00e9dica en North Miami y Florida puede ser extremadamente peligrosa. Alguien que no recibe su medicaci\u00f3n a tiempo o a quien se niega la medicaci\u00f3n o el tratamiento m\u00e9dico necesarios puede sufrir complicaciones y afecciones potencialmente mortales. Alguien a quien se niega tratamiento m\u00e9dico, por ejemplo, puede desarrollar infecciones, neumon\u00eda y otras afecciones potencialmente mortales. Alguien a quien no se le administre la medicaci\u00f3n o el tratamiento m\u00e9dico prescrito por un m\u00e9dico puede sufrir complicaciones o puede encontrarse con que una enfermedad cr\u00f3nica llega a una fase en la que pone en peligro su vida. Por ejemplo, una persona que padezca una enfermedad cardiaca debe tomar la medicaci\u00f3n exactamente como se la prescriba el m\u00e9dico. Si no lo hace, corre el riesgo de sufrir infartos, derrames cerebrales y otras complicaciones graves.     <\/p>\n<p>\u00bfSospechas que t\u00fa o un ser querido os hab\u00e9is visto afectados por negligencia m\u00e9dica o mala praxis m\u00e9dica en North Miami o en cualquier lugar de Florida? Usted querr\u00e1 obtener una opini\u00f3n legal para averiguar si tiene una demanda. Para obtener una evaluaci\u00f3n legal exhaustiva de su situaci\u00f3n, contacte al Grupo Legal Flaxman para programar una evaluaci\u00f3n gratuita de su caso. El Grupo Legal Flaxman es una firma de servicios integrales en Florida del Sur y un miembro de nuestro equipo jur\u00eddico estar\u00e1 encantado de atender sus inquietudes.   <\/p>\n<p><strong class=\"heading4\">Cuando se produce negligencia m\u00e9dica en los entornos asistenciales<\/strong><\/p>\n<p>En entornos asistenciales como las residencias de ancianos, incluso una dolencia relativamente leve, como una gripe o un resfriado no tratados, puede convertirse en una neumon\u00eda o una infecci\u00f3n grave y poner en peligro la vida del paciente. Desgraciadamente, los pacientes y residentes de residencias y hogares de ancianos suelen ser m\u00e1s vulnerables que la poblaci\u00f3n general, ya que a veces no pueden acudir al m\u00e9dico por s\u00ed mismos y a veces padecen enfermedades cr\u00f3nicas o debilidades que les hacen especialmente vulnerables a las afecciones m\u00e9dicas. En estas situaciones, es imperativo que el personal est\u00e9 muy atento y sea muy cuidadoso a la hora de proporcionar a los residentes y pacientes la atenci\u00f3n m\u00e9dica que necesitan.  <\/p>\n<p><strong class=\"heading4\">Probar la negligencia m\u00e9dica<\/strong><\/p>\n<p>Si la negligencia m\u00e9dica ha causado lesiones o la muerte de un ser querido, puedes tener una reclamaci\u00f3n legal contra el centro de vida asistida, la residencia de ancianos u otras partes responsables implicadas en el caso. Sin embargo, para iniciar una demanda judicial con el fin de obtener una indemnizaci\u00f3n que pueda ayudar a tu familia y a tu ser querido, tendr\u00e1s que demostrar que se ha producido una negligencia. A menudo, esto es bastante dif\u00edcil, ya que las residencias de ancianos y los centros de vida asistida toman medidas inmediatas para evitar responsabilidades y minimizar cualquier prueba de mala conducta.  <\/p>\n<p>Tu mejor opci\u00f3n para buscar pruebas contra una residencia de ancianos o un centro de vida asistida es hablar con un abogado de lesiones personales en North Miami o en tu comunidad. Hay varias cosas que un abogado de lesiones personales puede hacer para ayudar a construir un caso s\u00f3lido y reunir pruebas en tu situaci\u00f3n: <\/p>\n<ul>\n<li>Pueden contratar a investigadores privados para que investiguen las instalaciones y averig\u00fcen cualquier infracci\u00f3n anterior en materia de seguridad.<\/li>\n<li>Pueden hablar con peritos m\u00e9dicos y testigos expertos para descubrir exactamente c\u00f3mo pudo producirse una determinada lesi\u00f3n o complicaci\u00f3n<\/li>\n<li>Pueden reunir pruebas entrevistando a testigos y al personal<\/li>\n<li>Pueden hacer que tu ser querido sea examinado por un experto m\u00e9dico que determine c\u00f3mo se han producido las lesiones o complicaciones<\/li>\n<\/ul>\n<p>Hablar con un abogado de lesiones personales si sospechas de negligencia m\u00e9dica es el primer paso para buscar reparaci\u00f3n legal y hacer que los responsables rindan cuentas por su negligencia e imprudencia.<\/p>\n<p>Si deseas asesor\u00eda y representaci\u00f3n legal hoy mismo, <a href=\"contacta con nosotros.html\">contacta al Grupo Legal Flaxman<\/a> para programar una consulta gratuita sobre accidentes y revisar tu caso potencial.<\/p>\n<\/p><\/div>\n<\/p><\/div>\n","protected":false},"excerpt":{"rendered":"<p>Sin honorarios a menos que ganemos. Llama al 866-352-9626 para una &#8230; <\/p>\n","protected":false},"author":3,"featured_media":0,"parent":0,"menu_order":0,"comment_status":"closed","ping_status":"closed","template":"template-practice-areas.php","meta":{"footnotes":""},"class_list":["post-21908","page","type-page","status-publish","hentry"],"featured_image_src":null,"featured_image_src_square":null,"_links":{"self":[{"href":"https:\/\/flaxmanlaw.com\/es\/wp-json\/wp\/v2\/pages\/21908","targetHints":{"allow":["GET"]}}],"collection":[{"href":"https:\/\/flaxmanlaw.com\/es\/wp-json\/wp\/v2\/pages"}],"about":[{"href":"https:\/\/flaxmanlaw.com\/es\/wp-json\/wp\/v2\/types\/page"}],"author":[{"embeddable":true,"href":"https:\/\/flaxmanlaw.com\/es\/wp-json\/wp\/v2\/users\/3"}],"replies":[{"embeddable":true,"href":"https:\/\/flaxmanlaw.com\/es\/wp-json\/wp\/v2\/comments?post=21908"}],"version-history":[{"count":0,"href":"https:\/\/flaxmanlaw.com\/es\/wp-json\/wp\/v2\/pages\/21908\/revisions"}],"wp:attachment":[{"href":"https:\/\/flaxmanlaw.com\/es\/wp-json\/wp\/v2\/media?parent=21908"}],"curies":[{"name":"wp","href":"https:\/\/api.w.org\/{rel}","templated":true}]}}