{"id":21909,"date":"2024-11-18T12:45:21","date_gmt":"2024-11-18T12:45:21","guid":{"rendered":"https:\/\/flaxmanlaw.wpenginepowered.com\/lesiones-en-la-cabeza-en-pompano-beach-abogados-de-accidentes-en-el-condado-de-broward-grupo-legal-flaxman\/"},"modified":"2024-11-18T12:45:21","modified_gmt":"2024-11-18T12:45:21","slug":"lesiones-en-la-cabeza-en-pompano-beach-abogados-de-accidentes-en-el-condado-de-broward-grupo-legal-flaxman","status":"publish","type":"page","link":"https:\/\/flaxmanlaw.com\/es\/lesiones-en-la-cabeza-en-pompano-beach-abogados-de-accidentes-en-el-condado-de-broward-grupo-legal-flaxman\/","title":{"rendered":"Lesiones en la Cabeza en Pompano Beach | Abogados de Accidentes en el Condado de Broward Grupo Legal Flaxman"},"content":{"rendered":"<div class=\"bodytext\">\n<h2>Lesi\u00f3n en la cabeza en Pompano Beach<\/h1><\/h2>\n<div class=\"description\">\n<p>Pompano Beach, situada en el condado de Broward, en Florida, es famosa por ser la sede del dirigible Goodyear&#8217;s Spirit of Innovation. La ciudad tambi\u00e9n es conocida por sus playas de arena blanca y por su festival anual del marisco. Varias publicaciones, entre ellas el Wall Street Journal, la revista Money y la CNN, han incluido a Pompano Beach entre los principales mercados inmobiliarios vacacionales de EE.UU. y, con la renovaci\u00f3n de la zona frente a la playa en los \u00faltimos a\u00f1os, la ciudad no har\u00e1 sino aumentar su popularidad entre residentes y visitantes.  <\/p>\n<p>Por desgracia, la ciudad, como cualquier otra, ve su parte justa de accidentes y <a href=\"lesiones cerebrales.html\">lesiones cerebrales traum\u00e1ticas<\/a>. En muchos casos, las lesiones cerebrales de Pompano Beach se deben a accidentes evitables causados por imprudencia o negligencia. Por ejemplo, muchos pacientes de lesiones cerebrales de Pompano Beach sufrieron sus lesiones cerebrales traum\u00e1ticas debido a <a href=\"accidentes-coche.html\">accidentes de tr\u00e1fico en<\/a> Pompano Beach, <a href=\"accidentes-de-cami\u00f3n.html\">accidentes de cami\u00f3n<\/a>, <a href=\"accidentes por resbalones y ca\u00eddas.html\">resbalones y ca\u00eddas<\/a>, productos defectuosos y otras lesiones evitables. En los casos en que la negligencia o imprudencia de alguien ha causado una lesi\u00f3n cerebral en Pompano Beach, las v\u00edctimas pueden presentar una demanda judicial para recuperar el coste de los ingresos perdidos, los gastos m\u00e9dicos y otros da\u00f1os relacionados con la lesi\u00f3n.   <\/p>\n<p>Una lesi\u00f3n cerebral en Pompano Beach tiene consecuencias a largo plazo, y cuando dispones de recursos econ\u00f3micos para hacer frente a esas consecuencias, tu vida puede ser m\u00e1s brillante. Dado que una lesi\u00f3n cerebral en Pompano Beach puede repercutir en todos los \u00e1mbitos de tu vida, es importante conseguir recursos econ\u00f3micos para asegurarte de que dispones del dinero necesario para pagar la p\u00e9rdida de ingresos, los gastos m\u00e9dicos y otros costes. Si dispones de recursos econ\u00f3micos, podr\u00e1s acceder a los cuidados y la asistencia que necesitas para recuperarte lo mejor posible y llevar una vida lo m\u00e1s plena posible. Esta es una de las razones por las que es importante hablar con un abogado de lesiones personales de Pompano Beach lo antes posible tras sufrir tu lesi\u00f3n. Un abogado de lesiones personales en Pompano Beach -como el equipo legal del Grupo Legal Flaxman- puede garantizar que tus derechos est\u00e9n protegidos.    <\/p>\n<p>Presentar una demanda legal despu\u00e9s de una <a href=\"lesiones cerebrales.html\">lesi\u00f3n<\/a> cerebral puede ayudarte a ti, a tu familia y a tu comunidad. <a href=\"contacta con nosotros.html\">Contactar al Grupo Legal Flaxman<\/a> para hablar con un abogado de lesiones personales en Pompano Beach sobre su caso puede garantizar que usted cuente con la informaci\u00f3n legal que necesita a fin de levantar una demanda para obtener los recursos financieros que necesita a fin de pagar sus ingresos perdidos, gastos m\u00e9dicos, y otros gastos relacionados con sus lesiones. Reclamar puede garantizar que t\u00fa y tu familia disfrut\u00e9is de los recursos que necesit\u00e1is para recuperaros lo m\u00e1s plenamente posible y afrontar un futuro lo m\u00e1s brillante posible. Adem\u00e1s, en muchos casos, interponer una demanda judicial puede beneficiar a tu comunidad al hacer que los responsables rindan cuentas de sus actos. Si tus lesiones han sido causadas por un accidente de tr\u00e1fico en Pompano Beach u otro accidente provocado por la imprudencia o negligencia de alguien, interponer una demanda judicial puede garantizar que los responsables rindan cuentas. En muchos casos, esto puede dar lugar a cambios en la seguridad que eviten nuevos accidentes.    <\/p>\n<p>Muchas v\u00edctimas de lesiones personales de Pompano Beach son reacias a buscar asesoramiento jur\u00eddico tras una <a href=\"lesiones cerebrales.html\">lesi\u00f3n en la cabeza<\/a>, pues suponen err\u00f3neamente que los costes de hacerlo son elevados. Sin embargo, aunque te preocupen las facturas m\u00e9dicas, hablar con un abogado de lesiones personales en Miami Lakes puede ser una decisi\u00f3n inteligente. De hecho, hablar con el equipo legal <a href=\"index.html\">del Grupo Legal Flaxman<\/a> no te costar\u00e1 nada. La consulta inicial con el Grupo Legal Flaxman es gratuita y no implica absolutamente ninguna obligaci\u00f3n. Adem\u00e1s, el Grupo Legal Flaxman acepta casos en base a contingencias. Esto significa que usted no tendr\u00e1 que pagar por adelantado los costos o gastos legales hasta que y a menos que el Grupo Legal Flaxman pueda recuperar en su nombre.     <\/p>\n<\/p><\/div>\n<\/p><\/div>\n","protected":false},"excerpt":{"rendered":"<p>Sin honorarios a menos que ganemos. Llama al 866-352-9626 para una &#8230; <\/p>\n","protected":false},"author":3,"featured_media":0,"parent":0,"menu_order":0,"comment_status":"closed","ping_status":"closed","template":"template-practice-areas.php","meta":{"footnotes":""},"class_list":["post-21909","page","type-page","status-publish","hentry"],"featured_image_src":null,"featured_image_src_square":null,"_links":{"self":[{"href":"https:\/\/flaxmanlaw.com\/es\/wp-json\/wp\/v2\/pages\/21909","targetHints":{"allow":["GET"]}}],"collection":[{"href":"https:\/\/flaxmanlaw.com\/es\/wp-json\/wp\/v2\/pages"}],"about":[{"href":"https:\/\/flaxmanlaw.com\/es\/wp-json\/wp\/v2\/types\/page"}],"author":[{"embeddable":true,"href":"https:\/\/flaxmanlaw.com\/es\/wp-json\/wp\/v2\/users\/3"}],"replies":[{"embeddable":true,"href":"https:\/\/flaxmanlaw.com\/es\/wp-json\/wp\/v2\/comments?post=21909"}],"version-history":[{"count":0,"href":"https:\/\/flaxmanlaw.com\/es\/wp-json\/wp\/v2\/pages\/21909\/revisions"}],"wp:attachment":[{"href":"https:\/\/flaxmanlaw.com\/es\/wp-json\/wp\/v2\/media?parent=21909"}],"curies":[{"name":"wp","href":"https:\/\/api.w.org\/{rel}","templated":true}]}}