{"id":21910,"date":"2024-11-18T12:45:13","date_gmt":"2024-11-18T12:45:13","guid":{"rendered":"https:\/\/flaxmanlaw.wpenginepowered.com\/negligencia-medica-north-miami-abogados-negligencia-medica-miami-dade-county\/"},"modified":"2025-12-04T04:09:04","modified_gmt":"2025-12-04T04:09:04","slug":"negligencia-medica-north-miami-abogados-negligencia-medica-miami-dade-county","status":"publish","type":"page","link":"https:\/\/flaxmanlaw.com\/es\/negligencia-medica-north-miami-abogados-negligencia-medica-miami-dade-county\/","title":{"rendered":"Negligencia m\u00e9dica en North Miami"},"content":{"rendered":"<div class=\"bodytext\">\n<h2>Negligencia m\u00e9dica en North Miami<\/h2>\n<div class=\"description\">\n<p>North Miami es una comunidad del sur de Florida situada en el condado de Miami-Dade. North Miami tiene atractivas zonas residenciales, as\u00ed como muchos negocios y atracciones. Como gran parte del sur de Florida, la comunidad tiene belleza natural y un clima c\u00e1lido durante todo el a\u00f1o. Situada cerca de Miami y Fort Lauderdale, North Miami es una comunidad diversa que ha ganado numerosos premios por su patrimonio, habitabilidad y alto nivel de vida.<\/p>\n<p>Una parte crucial de ese alto nivel de vida implica el acceso a una atenci\u00f3n m\u00e9dica de calidad. North Miami cuenta con m\u00faltiples cl\u00ednicas, profesionales m\u00e9dicos e instalaciones m\u00e9dicas dise\u00f1adas para ayudar a los pacientes de la zona a tratar diversos problemas m\u00e9dicos. No todos los pacientes responden bien al tratamiento, por supuesto, y en algunos casos se producen tragedias. Sin embargo, en los casos en que se ha producido una muerte o una complicaci\u00f3n por negligencia u omisi\u00f3n de un profesional m\u00e9dico, los pacientes disponen de recursos legales para emprender acciones legales contra el centro m\u00e9dico o el profesional m\u00e9dico.<\/p>\n<p>Llevar adelante un caso de negligencia m\u00e9dica en North Miami puede ser complicado, pero tambi\u00e9n muy importante. Interponer una demanda puede ayudar a garantizar que la familia o el paciente dispongan de los recursos m\u00e9dicos necesarios para pagar los cuidados a largo plazo o los gastos m\u00e9dicos adicionales derivados del error m\u00e9dico. Interponer una demanda tambi\u00e9n garantiza que el paciente pueda reponer los ingresos perdidos y pagar otros gastos relacionados con la lesi\u00f3n. En muchos casos, una reclamaci\u00f3n tambi\u00e9n puede empujar a los profesionales y centros m\u00e9dicos a adoptar pr\u00e1cticas m\u00e1s seguras, garantizando posiblemente que otros pacientes no sufran lesiones por negligencia.<\/p>\n<p>Si usted cree que tiene un caso <a href=\"negligencia-m\u00e9dica.html\">de negligencia m\u00e9dica<\/a> en North Miami, contacte al Grupo Legal Flaxman para recibir una evaluaci\u00f3n gratuita y sin compromiso de su caso. En el Grupo Legal Flaxman, el enfoque es directo. El Grupo Legal Flaxman investiga cuidadosamente todos los posibles casos de negligencia m\u00e9dica y persigue agresivamente los casos a favor de sus clientes. Cuando el Grupo Legal Flaxman toma un caso, el equipo legal persigue agresivamente el caso a trav\u00e9s de la negociaci\u00f3n, mediaci\u00f3n, o juicio, si es necesario. El Grupo Legal Flaxman tambi\u00e9n est\u00e1 dispuesto a manejar casos en base a honorarios de contingencia, garantizando que los pacientes s\u00f3lo tengan que pagar los costos legales cuando su caso resulte en un acuerdo.<\/p>\n<p><a href=\"contacta con nosotros.html\">Contacta con<\/a> el Grupo Legal Flaxman para una consulta gratuita sobre accidentes y una evaluaci\u00f3n de tu caso. No hay obligaci\u00f3n, as\u00ed que no arriesgas nada obteniendo los hechos y la informaci\u00f3n sobre tu situaci\u00f3n. El Grupo Legal Flaxman tiene tel\u00e9fonos atendidos las 24 horas del d\u00eda, siete d\u00edas a la semana, para que siempre puedas contactar a una persona en vivo. No hay raz\u00f3n para pasar por el miedo t\u00fa sola: contacta hoy mismo con el Grupo Legal Flaxman para saber m\u00e1s sobre las opciones que pueden ayudarte.<\/p>\n<p>La negligencia m\u00e9dica es un \u00e1rea altamente especializada de la ley, y el equipo jur\u00eddico del <a href=\"index.html\">Grupo Legal Flaxman<\/a> cuenta con d\u00e9cadas de experiencia en el manejo de casos similares. El equipo jur\u00eddico tiene un enfoque estrat\u00e9gico y minucioso en todos los casos de negligencia m\u00e9dica y tiene acceso a la investigaci\u00f3n, a los profesionales m\u00e9dicos y a los testigos expertos necesarios para ayudar en este tipo de casos. Dado que los casos de negligencia m\u00e9dica suelen ser muy emotivos para los pacientes, el equipo jur\u00eddico tambi\u00e9n tiene un enfoque compasivo y profesional, esforz\u00e1ndose por ayudar a los pacientes a curarse en la medida de lo posible mientras llevan adelante su caso.<\/p>\n<\/div>\n<\/div>\n","protected":false},"excerpt":{"rendered":"<p>Sin honorarios a menos que ganemos. Llama al 866-352-9626 para una &#8230; <\/p>\n","protected":false},"author":3,"featured_media":0,"parent":0,"menu_order":0,"comment_status":"closed","ping_status":"closed","template":"template-practice-areas.php","meta":{"footnotes":""},"class_list":["post-21910","page","type-page","status-publish","hentry"],"featured_image_src":null,"featured_image_src_square":null,"_links":{"self":[{"href":"https:\/\/flaxmanlaw.com\/es\/wp-json\/wp\/v2\/pages\/21910","targetHints":{"allow":["GET"]}}],"collection":[{"href":"https:\/\/flaxmanlaw.com\/es\/wp-json\/wp\/v2\/pages"}],"about":[{"href":"https:\/\/flaxmanlaw.com\/es\/wp-json\/wp\/v2\/types\/page"}],"author":[{"embeddable":true,"href":"https:\/\/flaxmanlaw.com\/es\/wp-json\/wp\/v2\/users\/3"}],"replies":[{"embeddable":true,"href":"https:\/\/flaxmanlaw.com\/es\/wp-json\/wp\/v2\/comments?post=21910"}],"version-history":[{"count":0,"href":"https:\/\/flaxmanlaw.com\/es\/wp-json\/wp\/v2\/pages\/21910\/revisions"}],"wp:attachment":[{"href":"https:\/\/flaxmanlaw.com\/es\/wp-json\/wp\/v2\/media?parent=21910"}],"curies":[{"name":"wp","href":"https:\/\/api.w.org\/{rel}","templated":true}]}}