{"id":21912,"date":"2024-11-18T12:45:13","date_gmt":"2024-11-18T12:45:13","guid":{"rendered":"https:\/\/flaxmanlaw.wpenginepowered.com\/fallo-mecanico-en-north-miami-abogados-de-accidentes-de-trafico-en-el-condado-de-miami-dade\/"},"modified":"2024-11-18T12:45:13","modified_gmt":"2024-11-18T12:45:13","slug":"fallo-mecanico-en-north-miami-abogados-de-accidentes-de-trafico-en-el-condado-de-miami-dade","status":"publish","type":"page","link":"https:\/\/flaxmanlaw.com\/es\/fallo-mecanico-en-north-miami-abogados-de-accidentes-de-trafico-en-el-condado-de-miami-dade\/","title":{"rendered":"Fallo mec\u00e1nico en North Miami | Abogados de accidentes de tr\u00e1fico en el condado de Miami-Dade"},"content":{"rendered":"<div class=\"bodytext\">\n<h2>Fallo mec\u00e1nico de North Miami<\/h1><\/h2>\n<div class=\"description\">\n<p>Conf\u00edas en tu coche no s\u00f3lo para desplazarte, sino tambi\u00e9n para mantenerte seguro mientras conduces. Cuando las piezas de tu coche est\u00e1n mal dise\u00f1adas o mal fabricadas, pueden provocar fallos mec\u00e1nicos en la carretera, y esto puede ser mortal si conduces por una calzada o necesitas actuar con rapidez para evitar una colisi\u00f3n automovil\u00edstica en North Miami. Cada a\u00f1o se retiran coches del mercado debido a sistemas de frenos, airbags y otros componentes defectuosos. Adem\u00e1s, miles de personas resultan heridas o gravemente lesionadas porque sus coches no reaccionan de la forma esperada.   <\/p>\n<p>Si usted ha resultado lesionado y sospecha que una falla mec\u00e1nica jug\u00f3 un papel en su accidente automovil\u00edstico, contacte al Grupo Legal Flaxman en cualquier momento para programar una revisi\u00f3n gratuita de su caso. Un abogado de nuestra firma de servicios integrales puede revisar los detalles de su caso y darle una evaluaci\u00f3n personalizada y completa de su caso potencial. Usted puede tener derecho a m\u00e1s indemnizaci\u00f3n de la que se imagina, y la indemnizaci\u00f3n que puede conseguir mediante una demanda legal puede ser mucho mayor que la cantidad de dinero del seguro a la que usted tiene derecho.  <\/p>\n<p><strong class=\"heading4\">\u00bfPor qu\u00e9 se produce un fallo mec\u00e1nico?<\/strong><\/p>\n<p>Hay muchas razones por las que un coche puede sufrir un fallo mec\u00e1nico:<\/p>\n<ul>\n<li>El coche puede estar mal dise\u00f1ado<\/li>\n<li>Los peque\u00f1os componentes del coche pueden estar mal dise\u00f1ados<\/li>\n<li>El coche puede estar mal montado<\/li>\n<li>Los componentes del coche pueden haberse montado o arreglado incorrectamente durante el mantenimiento rutinario en un concesionario o mec\u00e1nico<\/li>\n<li>El coche puede haber sufrido fallos en el proceso de fabricaci\u00f3n<\/li>\n<\/ul>\n<p>Ten en cuenta que muchos de estos problemas pueden evitarse y que, en muchos casos, se deben a negligencias o a que los fabricantes u otras partes toman atajos.<\/p>\n<p><strong class=\"heading4\">\u00bfTengo una reclamaci\u00f3n por responsabilidad civil por productos defectuosos?<\/strong><\/p>\n<p>Independientemente de lo que haya causado el fallo mec\u00e1nico en tu caso, puedes tener una reclamaci\u00f3n <a href=\"productos-responsabilidad.html\">por responsabilidad civil por productos defectuosos<\/a> en North Miami o en tu comunidad si un fabricante u otra persona fue negligente al proporcionarte un veh\u00edculo seguro. Es posible que puedas solicitar una indemnizaci\u00f3n por: <\/p>\n<ul>\n<li>P\u00e9rdida de ingresos<\/li>\n<li>Los costes m\u00e9dicos de tus lesiones, incluidos los costes de los cuidados a largo plazo y a domicilio<\/li>\n<li>Gastos de reparaci\u00f3n o sustituci\u00f3n del coche<\/li>\n<li>Da\u00f1os materiales<\/li>\n<li>Dolor y sufrimiento<\/li>\n<\/ul>\n<p>Es importante solicitar una indemnizaci\u00f3n si tienes derecho a ella, porque si no lo haces puedes encontrarte pagando estos gastos de tu bolsillo. El coste de un accidente de tr\u00e1fico grave puede ascender f\u00e1cilmente a decenas de miles de d\u00f3lares o mucho m\u00e1s, y este tipo de gasto inesperado puede conducir f\u00e1cilmente a la quiebra o a graves dificultades econ\u00f3micas para ti y tu familia. Pedir una indemnizaci\u00f3n garantiza que dispongas del dinero necesario para empezar a reconstruir tu vida tras un accidente devastador.  <\/p>\n<p>Para averiguar si tienes una demanda, <a href=\"contacta con nosotros.html\">ponte en contacto con<\/a> el Grupo Legal Flaxman en cualquier momento para concertar una consulta gratuita y sin compromiso sobre tu caso. Los abogados del Grupo Legal Flaxman cuentan con m\u00e1s de 60 a\u00f1os de experiencia ayudando a demandantes por lesiones personales a obtener compensaci\u00f3n por sus lesiones. Han ayudado exitosamente a miles de familias como la suya a obtener una compensaci\u00f3n y comenzar a reconstruir sus vidas. Tu consulta inicial con el <a href=\"index.html\">Grupo Legal<\/a> Flaxman es gratuita y sin compromiso.   <\/p>\n<\/p><\/div>\n<\/p><\/div>\n","protected":false},"excerpt":{"rendered":"<p>Sin honorarios a menos que ganemos. Llama al 866-352-9626 para una &#8230; <\/p>\n","protected":false},"author":3,"featured_media":0,"parent":0,"menu_order":0,"comment_status":"closed","ping_status":"closed","template":"template-practice-areas.php","meta":{"footnotes":""},"class_list":["post-21912","page","type-page","status-publish","hentry"],"featured_image_src":null,"featured_image_src_square":null,"_links":{"self":[{"href":"https:\/\/flaxmanlaw.com\/es\/wp-json\/wp\/v2\/pages\/21912","targetHints":{"allow":["GET"]}}],"collection":[{"href":"https:\/\/flaxmanlaw.com\/es\/wp-json\/wp\/v2\/pages"}],"about":[{"href":"https:\/\/flaxmanlaw.com\/es\/wp-json\/wp\/v2\/types\/page"}],"author":[{"embeddable":true,"href":"https:\/\/flaxmanlaw.com\/es\/wp-json\/wp\/v2\/users\/3"}],"replies":[{"embeddable":true,"href":"https:\/\/flaxmanlaw.com\/es\/wp-json\/wp\/v2\/comments?post=21912"}],"version-history":[{"count":0,"href":"https:\/\/flaxmanlaw.com\/es\/wp-json\/wp\/v2\/pages\/21912\/revisions"}],"wp:attachment":[{"href":"https:\/\/flaxmanlaw.com\/es\/wp-json\/wp\/v2\/media?parent=21912"}],"curies":[{"name":"wp","href":"https:\/\/api.w.org\/{rel}","templated":true}]}}