{"id":21918,"date":"2024-11-18T12:45:13","date_gmt":"2024-11-18T12:45:13","guid":{"rendered":"https:\/\/flaxmanlaw.wpenginepowered.com\/colisiones-por-girar-a-la-izquierda-en-north-miami-abogados-de-accidentes-de-coche-en-el-condado-de-miami-dade\/"},"modified":"2024-11-18T12:45:13","modified_gmt":"2024-11-18T12:45:13","slug":"colisiones-por-girar-a-la-izquierda-en-north-miami-abogados-de-accidentes-de-coche-en-el-condado-de-miami-dade","status":"publish","type":"page","link":"https:\/\/flaxmanlaw.com\/es\/colisiones-por-girar-a-la-izquierda-en-north-miami-abogados-de-accidentes-de-coche-en-el-condado-de-miami-dade\/","title":{"rendered":"Colisiones por girar a la izquierda en North Miami | Abogados de accidentes de coche en el condado de Miami-Dade"},"content":{"rendered":"<div class=\"bodytext\">\n<h2>Colisiones por girar a la izquierda en North Miami<\/h1><\/h2>\n<div class=\"description\">\n<p>Es natural que te asustes si has sufrido una colisi\u00f3n por giro a la izquierda o un accidente en una intersecci\u00f3n en North Miami o en tu comunidad de Florida, pero debes tener presente que hay leyes que te protegen. Muchas colisiones por giro a la izquierda est\u00e1n causadas por conductores que no obedecen las normas sobre el derecho de paso o por conductores ebrios o distra\u00eddos. Esto significa que en muchos casos puede demostrarse que la negligencia desempe\u00f1\u00f3 un papel en el accidente. Si es as\u00ed, puedes tener una reclamaci\u00f3n legal contra las partes responsables en tu caso.   <\/p>\n<p>Si usted o un ser querido ha resultado lesionado en un choque de tr\u00e1fico en el que estuvo involucrada una vuelta a la izquierda, contacte hoy mismo a los abogados del Grupo Legal Flaxman. Puedes llamar al 866-352-9626 o utilizar nuestro formulario web para concertar una consulta gratuita y sin compromiso para que tus preguntas e inquietudes sean atendidas por profesionales legales de nuestra firma de servicios integrales. <\/p>\n<p><strong class=\"heading4\">Las colisiones por giro a la izquierda en North Miami y Florida pueden suponer lesiones mortales<\/strong><\/p>\n<p>Las colisiones por giro a la izquierda y otros accidentes de tr\u00e1fico en intersecciones en Florida pueden provocar lesiones graves, entre otras:<\/p>\n<ul>\n<li>Amputaciones<\/li>\n<li>Par\u00e1lisis<\/li>\n<li>Quemaduras<\/li>\n<li>Lesiones en la cabeza<\/li>\n<li>Lesiones internas<\/li>\n<li>Latigazo cervical<\/li>\n<li>Fracturas<\/li>\n<li>Desfiguraci\u00f3n y cicatrices<\/li>\n<li>Lesiones medulares<\/li>\n<li>Da\u00f1o cerebral<\/li>\n<li>Fallecidos<\/li>\n<\/ul>\n<p>Algunas de estas lesiones pueden cambiar tu vida permanentemente, mientras que otras pueden requerir meses o incluso a\u00f1os de terapia y tratamiento m\u00e9dico. Algunas te dejan lesiones permanentes que afectan a tu movilidad, funcionamiento cognitivo y a cada detalle de tu vida. Tras un accidente de tr\u00e1fico grave, es imprescindible obtener ayuda m\u00e9dica de inmediato y tomar medidas para proteger tu salud y tu futuro.  <\/p>\n<p><strong class=\"heading4\">\u00bfCu\u00e1nto vale mi caso?<\/strong><\/p>\n<p>Es posible que puedas cobrar tus facturas m\u00e9dicas y otros gastos, pero en muchos casos es dif\u00edcil saber cu\u00e1nto vale tu caso. En general, depender\u00e1 del conductor culpable, de la probable solidez de tu caso y de los tipos de lesiones y p\u00e9rdidas que hayas sufrido. Ten en cuenta que puedes pedir una indemnizaci\u00f3n por todos los gastos relacionados con tus lesiones, y estos gastos pueden incluir:  <\/p>\n<ul>\n<li>P\u00e9rdida de ingresos prevista actual y futura<\/li>\n<li>Facturas m\u00e9dicas (incluyendo medicaci\u00f3n, terapia, tratamiento, dispositivos m\u00e9dicos, estancias hospitalarias y futuros gastos m\u00e9dicos previstos).<\/li>\n<li>Dolor y sufrimiento<\/li>\n<li>Da\u00f1os materiales<\/li>\n<li>Gastos accesorios<\/li>\n<\/ul>\n<p>Por lo general, si la negligencia o la imprudencia de alguien ha causado tu accidente y tus lesiones, es posible que puedas cobrar las facturas m\u00e9dicas, los salarios perdidos, los da\u00f1os materiales, el dolor y el sufrimiento, as\u00ed como el lucro cesante previsto en el futuro, los gastos m\u00e9dicos futuros y mucho m\u00e1s. Hablar con un abogado especializado en lesiones personales puede ayudarte a comprender exactamente cu\u00e1nto puede valer tu caso y la fuerza relativa del mismo. <\/p>\n<p><strong class=\"heading4\">El Grupo Legal Flaxman comprende tu p\u00e9rdida<\/strong><\/p>\n<p>Los abogados del Grupo Legal Flaxman ya han trabajado exitosamente con demandantes por lesiones personales, asegurando una compensaci\u00f3n a favor de miles de pacientes del Sur de Florida a lo largo de los a\u00f1os. Entendemos lo devastador que puede ser un accidente de tr\u00e1fico, por lo que nos preocupamos por tratar a cada cliente con el respeto y la dignidad que se merece. Nos complace ofrecer a todos los nuevos clientes consultas confidenciales gratuitas y sin compromiso sobre su caso. Si has sufrido lesiones, estaremos encantados de reunirnos contigo para revisar tus opciones legales y tus derechos.   <\/p>\n<\/p><\/div>\n<\/p><\/div>\n","protected":false},"excerpt":{"rendered":"<p>Sin honorarios a menos que ganemos. Llama al 866-352-9626 para una &#8230; <\/p>\n","protected":false},"author":3,"featured_media":0,"parent":0,"menu_order":0,"comment_status":"closed","ping_status":"closed","template":"template-practice-areas.php","meta":{"footnotes":""},"class_list":["post-21918","page","type-page","status-publish","hentry"],"featured_image_src":null,"featured_image_src_square":null,"_links":{"self":[{"href":"https:\/\/flaxmanlaw.com\/es\/wp-json\/wp\/v2\/pages\/21918","targetHints":{"allow":["GET"]}}],"collection":[{"href":"https:\/\/flaxmanlaw.com\/es\/wp-json\/wp\/v2\/pages"}],"about":[{"href":"https:\/\/flaxmanlaw.com\/es\/wp-json\/wp\/v2\/types\/page"}],"author":[{"embeddable":true,"href":"https:\/\/flaxmanlaw.com\/es\/wp-json\/wp\/v2\/users\/3"}],"replies":[{"embeddable":true,"href":"https:\/\/flaxmanlaw.com\/es\/wp-json\/wp\/v2\/comments?post=21918"}],"version-history":[{"count":0,"href":"https:\/\/flaxmanlaw.com\/es\/wp-json\/wp\/v2\/pages\/21918\/revisions"}],"wp:attachment":[{"href":"https:\/\/flaxmanlaw.com\/es\/wp-json\/wp\/v2\/media?parent=21918"}],"curies":[{"name":"wp","href":"https:\/\/api.w.org\/{rel}","templated":true}]}}