{"id":21919,"date":"2024-11-18T12:45:13","date_gmt":"2024-11-18T12:45:13","guid":{"rendered":"https:\/\/flaxmanlaw.wpenginepowered.com\/north-miami-atropellado-por-un-conductor-ebrio-abogados-de-accidentes-de-trafico-del-condado-de-miami-dade\/"},"modified":"2024-11-18T12:45:13","modified_gmt":"2024-11-18T12:45:13","slug":"north-miami-atropellado-por-un-conductor-ebrio-abogados-de-accidentes-de-trafico-del-condado-de-miami-dade","status":"publish","type":"page","link":"https:\/\/flaxmanlaw.com\/es\/north-miami-atropellado-por-un-conductor-ebrio-abogados-de-accidentes-de-trafico-del-condado-de-miami-dade\/","title":{"rendered":"North Miami atropellado por un conductor ebrio | Abogados de accidentes de tr\u00e1fico del condado de Miami-Dade"},"content":{"rendered":"<div class=\"bodytext\">\n<h2>Atropellado en North Miami por un conductor ebrio<\/h1><\/h2>\n<div class=\"description\">\n<p>Nadie espera que le ocurra un accidente por conducir ebrio en North Miami, pero cada a\u00f1o miles de conductores cometen el error de conducir despu\u00e9s de haber bebido algo. Por desgracia, este tipo de negligencia e imprudencia conduce a la tragedia con demasiada frecuencia. Los conductores ebrios tienen poca destreza motriz, y pueden quedarse dormidos al volante. En algunos casos, simplemente est\u00e1n demasiado ebrios para obedecer correctamente las se\u00f1ales de tr\u00e1fico o para fijarse en los peatones que se cruzan en su camino.   <\/p>\n<p>Es normal estar enfadado si te ha lesionado un conductor ebrio. Tambi\u00e9n es normal tener muchas preguntas y preocupaciones. Por desgracia, demasiada gente cree que basta con presentar una reclamaci\u00f3n al seguro. Pero no siempre es as\u00ed.   <\/p>\n<p>Las compa\u00f1\u00edas de seguros intentan resolver las reclamaciones de forma r\u00e1pida y barata. Aunque es probable que se compadezcan de tu situaci\u00f3n y te consigan r\u00e1pidamente el dinero del seguro, \u00bfc\u00f3mo puedes estar realmente seguro de que ese dinero del seguro cubrir\u00e1 de hecho todos los costes asociados a tu accidente? <\/p>\n<p>La mejor manera de asegurarte de que est\u00e1s recibiendo una compensaci\u00f3n justa es contactar con un abogado de lesiones personales. Los abogados del Grupo Legal Flaxman, por ejemplo, ofrecen una consulta gratuita del caso para que puedas conocer tus opciones y el posible valor de tu caso. Con esta informaci\u00f3n en la mano, puedes evaluar las ofertas y opciones del seguro con m\u00e1s datos en la mano.  <\/p>\n<p><strong class=\"heading4\">Costes de tu accidente de tr\u00e1fico<\/strong><\/p>\n<p>Tras un accidente de coche en North Miami, puedes tener muchos costes y gastos, entre ellos:<\/p>\n<ul>\n<li>Atenci\u00f3n m\u00e9dica de urgencia<\/li>\n<li>Citas m\u00e9dicas de seguimiento y citas con especialistas<\/li>\n<li>Cirug\u00eda<\/li>\n<li>Dispositivos m\u00e9dicos, como sillas de ruedas, aparatos ortop\u00e9dicos y otros<\/li>\n<li>Rehabilitaci\u00f3n y fisioterapia<\/li>\n<li>Asesoramiento<\/li>\n<li>Da\u00f1os materiales<\/li>\n<li>Reparaci\u00f3n de coches<\/li>\n<li>P\u00e9rdida de salarios e ingresos<\/li>\n<li>Transporte o coche de alquiler<\/li>\n<\/ul>\n<p>Si tus lesiones son permanentes o de larga duraci\u00f3n, el impacto puede ser a\u00fan mayor. Es posible que tengas que pagar un servicio para que tu coche o tu casa sean accesibles. Si has sufrido una amputaci\u00f3n como consecuencia de tus lesiones, podr\u00edas acabar pagando decenas de miles o cientos de miles de d\u00f3lares durante toda tu vida por nuevas pr\u00f3tesis a medida que las actuales se desgasten.  <\/p>\n<p>Si tus lesiones son lo bastante graves, es posible que necesites asistencia domiciliaria y cuidados m\u00e9dicos de por vida. Es poco probable que los costes del seguro cubran todo esto, sobre todo si tienes en cuenta que la inflaci\u00f3n har\u00e1 que el coste de tus cuidados siga aumentando con los a\u00f1os. <\/p>\n<p><strong class=\"heading4\">C\u00f3mo protegerte a ti y a tu familia tras un accidente de tr\u00e1fico<\/strong><\/p>\n<p>La mejor forma de protegerte a ti y a tu familia tras un accidente de coche es ponerte en contacto con un abogado de lesiones personales en North Miami o dondequiera que vivas. Un abogado local puede ayudarte a revisar tus opciones para que tomes una decisi\u00f3n informada en tu caso. <\/p>\n<p>Si usted desea hablar con un abogado compasivo y experimentado, siempre puede contactar al Grupo Legal Flaxman para una consulta gratuita sobre accidentes. Los abogados del <a href=\"contacta con nosotros.html\">Grupo Legal<\/a> Flaxman tienen un historial de asegurar m\u00e1s de $100 a favor de clientes de lesiones personales. Averigua qu\u00e9 se puede hacer en tu caso hoy mismo.  <\/p>\n<\/p><\/div>\n<\/p><\/div>\n","protected":false},"excerpt":{"rendered":"<p>Sin honorarios a menos que ganemos. Llama al 866-352-9626 para una &#8230; <\/p>\n","protected":false},"author":3,"featured_media":0,"parent":0,"menu_order":0,"comment_status":"closed","ping_status":"closed","template":"template-practice-areas.php","meta":{"footnotes":""},"class_list":["post-21919","page","type-page","status-publish","hentry"],"featured_image_src":null,"featured_image_src_square":null,"_links":{"self":[{"href":"https:\/\/flaxmanlaw.com\/es\/wp-json\/wp\/v2\/pages\/21919","targetHints":{"allow":["GET"]}}],"collection":[{"href":"https:\/\/flaxmanlaw.com\/es\/wp-json\/wp\/v2\/pages"}],"about":[{"href":"https:\/\/flaxmanlaw.com\/es\/wp-json\/wp\/v2\/types\/page"}],"author":[{"embeddable":true,"href":"https:\/\/flaxmanlaw.com\/es\/wp-json\/wp\/v2\/users\/3"}],"replies":[{"embeddable":true,"href":"https:\/\/flaxmanlaw.com\/es\/wp-json\/wp\/v2\/comments?post=21919"}],"version-history":[{"count":0,"href":"https:\/\/flaxmanlaw.com\/es\/wp-json\/wp\/v2\/pages\/21919\/revisions"}],"wp:attachment":[{"href":"https:\/\/flaxmanlaw.com\/es\/wp-json\/wp\/v2\/media?parent=21919"}],"curies":[{"name":"wp","href":"https:\/\/api.w.org\/{rel}","templated":true}]}}