{"id":21922,"date":"2024-11-18T12:45:13","date_gmt":"2024-11-18T12:45:13","guid":{"rendered":"https:\/\/flaxmanlaw.wpenginepowered.com\/north-miami-insurance-law-abogados-de-reclamaciones-de-seguros-del-condado-de-miami-dade\/"},"modified":"2024-11-18T12:45:13","modified_gmt":"2024-11-18T12:45:13","slug":"north-miami-insurance-law-abogados-de-reclamaciones-de-seguros-del-condado-de-miami-dade","status":"publish","type":"page","link":"https:\/\/flaxmanlaw.com\/es\/north-miami-insurance-law-abogados-de-reclamaciones-de-seguros-del-condado-de-miami-dade\/","title":{"rendered":"North Miami Insurance Law | Abogados de Reclamaciones de Seguros del Condado de Miami-Dade"},"content":{"rendered":"<div class=\"bodytext\">\n<h2>Ley de Seguros del Norte de Miami<\/h1><\/h2>\n<div class=\"description\">\n<p>Conf\u00edas en que el dinero del seguro te proteja cuando m\u00e1s lo necesitas. Puede ser muy frustrante y tambi\u00e9n financieramente muy dif\u00edcil que una compa\u00f1\u00eda de seguros deniegue una reclamaci\u00f3n o infravalore tu reclamaci\u00f3n tras un accidente de coche en North Miami o despu\u00e9s de otro suceso. <\/p>\n<p>Si esto te ha sucedido, contacta al Grupo Legal Flaxman para recibir una evaluaci\u00f3n gratuita de tu caso y revisar tu situaci\u00f3n. Charles Flaxman, del Grupo Legal Flaxman, trabaj\u00f3 durante diez a\u00f1os en la industria de seguros antes de graduarse con el dos por ciento m\u00e1s alto de su clase de leyes. No s\u00f3lo ha trabajado en m\u00faltiples casos de leyes de seguros, sino que entiende la industria de seguros desde adentro. Esto le permite entender las leyes de seguros muy a fondo y le permite luchar en nombre de tus derechos.   <\/p>\n<p><strong class=\"heading4\">Tipos de casos de disputa de seguros en North Miami<\/strong><\/p>\n<p>Hay muchos tipos de litigios sobre seguros y casos de derecho de seguros:<\/p>\n<ul>\n<li><strong>P\u00e9rdidas de bienes de propietarios de viviendas y negocios<\/strong>. Cuando pierdes la propiedad de tu negocio o sufres da\u00f1os en tu vivienda a causa de un incendio o por cualquier otro medio, esperas que el seguro de propiedad cubra los costes. Del mismo modo, si alguien resulta herido en tu propiedad, esperas que tu seguro de propiedad cubra los costes. Cuando se deniegan estas reclamaciones, el coste puede ser extremo. Si tienes un negocio, el coste de que te denieguen un siniestro y tener que cubrir t\u00fa mismo los gastos por da\u00f1os al negocio puede dejarte fuera de juego.    <\/li>\n<li><strong>Tramitaci\u00f3n injusta de siniestros y mala fe<\/strong>. Si una compa\u00f1\u00eda de seguros deniega tu reclamaci\u00f3n o la infravalora sin darte una raz\u00f3n leg\u00edtima, puede estar intentando simplemente evitar el pago de una suma elevada. Si tienes un caso leg\u00edtimo o crees que lo tienes, consulta a un abogado especializado en disputas sobre seguros o a un abogado de lesiones personales en North Miami para conocer tus opciones. Es posible que un abogado pueda negociar con tu aseguradora o presionar a la aseguradora para que te pague el dinero que te debe.   <\/li>\n<li><strong>Seguro<\/strong> de <strong>invalidez<\/strong>. El seguro de incapacidad tiene por objeto cubrir los gastos m\u00e9dicos, as\u00ed como los salarios perdidos, en caso de que no puedas trabajar. En algunos casos, las compa\u00f1\u00edas de seguros intentan alegar que una reclamaci\u00f3n leg\u00edtima de seguro de incapacidad es un fraude o que la v\u00edctima no est\u00e1 tan gravemente lesionada como declaran. Puede ser dif\u00edcil y frustrante intentar demostrar que tienes dolores y que no puedes trabajar. Si te ha ocurrido esto, trabajar con un abogado puede ayudarte a conseguir la documentaci\u00f3n que demuestre que la compa\u00f1\u00eda de seguros tiene que pagarte lo que te debe.    <\/li>\n<li><strong>Cobertura de Responsabilidad Civil Profesional<\/strong>. Si trabajas en una empresa en la que tienes un seguro de responsabilidad civil, este seguro est\u00e1 pensado para protegerte en caso de que alguna vez te lleven a juicio. Un proveedor de seguros puede intentar alegar que tu caso concreto no est\u00e1 cubierto por la p\u00f3liza o puede intentar infravalorar tu reclamaci\u00f3n. Un abogado puede negociar con tu aseguradora y presionarla para que cumpla sus obligaciones contractuales.   <\/li>\n<\/ul>\n<p>\u00bfTe frustra tratar con tu compa\u00f1\u00eda de seguros? \u00bfCrees que te han negado una reclamaci\u00f3n leg\u00edtima? Contacta con el <a href=\"contacta con nosotros.html\">Grupo Legal Flaxman<\/a> para concertar una consulta gratuita sobre accidentes y hablar de tu caso.  <\/p>\n<\/p><\/div>\n<\/p><\/div>\n","protected":false},"excerpt":{"rendered":"<p>Sin honorarios a menos que ganemos. Llama al 866-352-9626 para una &#8230; <\/p>\n","protected":false},"author":3,"featured_media":0,"parent":0,"menu_order":0,"comment_status":"closed","ping_status":"closed","template":"template-practice-areas.php","meta":{"footnotes":""},"class_list":["post-21922","page","type-page","status-publish","hentry"],"featured_image_src":null,"featured_image_src_square":null,"_links":{"self":[{"href":"https:\/\/flaxmanlaw.com\/es\/wp-json\/wp\/v2\/pages\/21922","targetHints":{"allow":["GET"]}}],"collection":[{"href":"https:\/\/flaxmanlaw.com\/es\/wp-json\/wp\/v2\/pages"}],"about":[{"href":"https:\/\/flaxmanlaw.com\/es\/wp-json\/wp\/v2\/types\/page"}],"author":[{"embeddable":true,"href":"https:\/\/flaxmanlaw.com\/es\/wp-json\/wp\/v2\/users\/3"}],"replies":[{"embeddable":true,"href":"https:\/\/flaxmanlaw.com\/es\/wp-json\/wp\/v2\/comments?post=21922"}],"version-history":[{"count":0,"href":"https:\/\/flaxmanlaw.com\/es\/wp-json\/wp\/v2\/pages\/21922\/revisions"}],"wp:attachment":[{"href":"https:\/\/flaxmanlaw.com\/es\/wp-json\/wp\/v2\/media?parent=21922"}],"curies":[{"name":"wp","href":"https:\/\/api.w.org\/{rel}","templated":true}]}}