{"id":21923,"date":"2024-11-18T12:45:13","date_gmt":"2024-11-18T12:45:13","guid":{"rendered":"https:\/\/flaxmanlaw.wpenginepowered.com\/fallos-de-maquinaria-pesada-en-north-miami-abogados-de-accidentes-del-condado-de-miami-dade\/"},"modified":"2024-11-18T12:45:13","modified_gmt":"2024-11-18T12:45:13","slug":"fallos-de-maquinaria-pesada-en-north-miami-abogados-de-accidentes-del-condado-de-miami-dade","status":"publish","type":"page","link":"https:\/\/flaxmanlaw.com\/es\/fallos-de-maquinaria-pesada-en-north-miami-abogados-de-accidentes-del-condado-de-miami-dade\/","title":{"rendered":"Fallos de maquinaria pesada en North Miami | Abogados de accidentes del condado de Miami-Dade"},"content":{"rendered":"<div class=\"bodytext\">\n<h2>Aver\u00edas de maquinaria pesada en North Miami<\/h1><\/h2>\n<div class=\"description\">\n<p>La maquinaria y los equipos pesados pueden fallar en cualquier momento, sean nuevos o viejos. Los motivos pueden ser una fabricaci\u00f3n defectuosa, un dise\u00f1o defectuoso, un mantenimiento deficiente, un uso excesivo, una formaci\u00f3n incorrecta del trabajador, un uso indebido de la maquinaria o un sinf\u00edn de otras causas. Si has sufrido lesiones en un accidente laboral en North Miami o en cualquier comunidad debido a maquinaria o equipo pesado, querr\u00e1s ponerte en contacto con un abogado especializado en lesiones personales para revisar tus opciones, porque es probable que los costes de tus lesiones y de la p\u00e9rdida de ingresos sean bastante elevados.  <\/p>\n<p>Si usted est\u00e1 buscando un abogado de lesiones personales, el equipo de abogados del Grupo Legal Flaxman cuenta con m\u00e1s de sesenta a\u00f1os de experiencia combinada en casos de responsabilidad por productos defectuosos en North Miami y en casos de lesiones personales en todo Florida del Sur. Contacte hoy mismo a la firma de servicios integrales para una cita gratuita. <\/p>\n<p><strong class=\"heading4\">\u00bfNecesitas una reclamaci\u00f3n legal tras una lesi\u00f3n laboral?<\/strong><\/p>\n<p>Muchas personas suponen que una oferta de conciliaci\u00f3n o una reclamaci\u00f3n de indemnizaci\u00f3n por accidente laboral se har\u00e1n cargo de los costes de su lesi\u00f3n laboral. Por desgracia, rara vez es as\u00ed. Las compa\u00f1\u00edas de seguros no suelen reembolsar la totalidad de los ingresos de un trabajador lesionado y puede que no paguen todos los costes a largo plazo de una lesi\u00f3n grave. Tu mejor opci\u00f3n puede ser hablar con un abogado especializado en lesiones personales sobre los costes probables de tus lesiones y sobre todas las opciones que tienes para conseguir una indemnizaci\u00f3n completa.   <\/p>\n<p><strong class=\"heading4\">Muchos fallos de la maquinaria pesada son evitables<\/strong><\/p>\n<p>En muchos casos, los accidentes de construcci\u00f3n en los que interviene maquinaria pesada son evitables porque son consecuencia de defectos o negligencias. Estos casos tambi\u00e9n suelen ser muy t\u00e9cnicos, y en muchas situaciones es dif\u00edcil que un perjudicado obtenga una indemnizaci\u00f3n justa, porque los fabricantes de productos de maquinaria pesada suelen estar representados por poderosas compa\u00f1\u00edas de seguros, as\u00ed como por equipos de abogados. <\/p>\n<p>Si has sufrido lesiones, necesitas un abogado con experiencia que trabaje con profesionales que se ocupan habitualmente de casos muy t\u00e9cnicos. Si te has lesionado en un accidente de la construcci\u00f3n o has perdido a un ser querido en un accidente de la construcci\u00f3n, ponte en contacto inmediatamente con un abogado cualificado especializado en lesiones personales para que pueda tomar las medidas necesarias para proteger tus derechos y el futuro de tu familia. Un abogado con experiencia sabe c\u00f3mo construir un caso s\u00f3lido y puede ayudarte a encontrar los recursos que necesitas para recuperarte y reanudar tu vida normal.  <\/p>\n<p>Los abogados del Grupo Legal Flaxman han manejado miles de casos de accidentes de construcci\u00f3n, casos de responsabilidad por productos defectuosos, y otros casos de lesiones personales en North Miami y en todo Florida. Hemos ayudado a los demandantes a conseguir m\u00e1s de 100 millones de d\u00f3lares en total para reponer los ingresos perdidos, pagar las facturas m\u00e9dicas y hacer frente a los dem\u00e1s costes de las lesiones graves. De hecho, el fundador del bufete, Charles Flaxman, trabaj\u00f3 durante 10 a\u00f1os en el sector de los seguros y esto le ha permitido comprender exactamente qu\u00e9 pasos hay que dar para proteger a los trabajadores que han sufrido lesiones graves pero que tienen problemas para obtener una indemnizaci\u00f3n justa de las aseguradoras. Ponte en contacto con nosotros hoy mismo para hablar de tu situaci\u00f3n y de tus recursos legales.   <\/p>\n<\/p><\/div>\n<\/p><\/div>\n","protected":false},"excerpt":{"rendered":"<p>Sin honorarios a menos que ganemos. Llama al 866-352-9626 para una &#8230; <\/p>\n","protected":false},"author":3,"featured_media":0,"parent":0,"menu_order":0,"comment_status":"closed","ping_status":"closed","template":"template-practice-areas.php","meta":{"footnotes":""},"class_list":["post-21923","page","type-page","status-publish","hentry"],"featured_image_src":null,"featured_image_src_square":null,"_links":{"self":[{"href":"https:\/\/flaxmanlaw.com\/es\/wp-json\/wp\/v2\/pages\/21923","targetHints":{"allow":["GET"]}}],"collection":[{"href":"https:\/\/flaxmanlaw.com\/es\/wp-json\/wp\/v2\/pages"}],"about":[{"href":"https:\/\/flaxmanlaw.com\/es\/wp-json\/wp\/v2\/types\/page"}],"author":[{"embeddable":true,"href":"https:\/\/flaxmanlaw.com\/es\/wp-json\/wp\/v2\/users\/3"}],"replies":[{"embeddable":true,"href":"https:\/\/flaxmanlaw.com\/es\/wp-json\/wp\/v2\/comments?post=21923"}],"version-history":[{"count":0,"href":"https:\/\/flaxmanlaw.com\/es\/wp-json\/wp\/v2\/pages\/21923\/revisions"}],"wp:attachment":[{"href":"https:\/\/flaxmanlaw.com\/es\/wp-json\/wp\/v2\/media?parent=21923"}],"curies":[{"name":"wp","href":"https:\/\/api.w.org\/{rel}","templated":true}]}}