{"id":21924,"date":"2024-11-18T12:45:13","date_gmt":"2024-11-18T12:45:13","guid":{"rendered":"https:\/\/flaxmanlaw.wpenginepowered.com\/supervision-inadecuada-en-north-miami-abogados-de-abusos-en-residencias-de-ancianos-del-condado-de-miami-dade\/"},"modified":"2024-11-18T12:45:13","modified_gmt":"2024-11-18T12:45:13","slug":"supervision-inadecuada-en-north-miami-abogados-de-abusos-en-residencias-de-ancianos-del-condado-de-miami-dade","status":"publish","type":"page","link":"https:\/\/flaxmanlaw.com\/es\/supervision-inadecuada-en-north-miami-abogados-de-abusos-en-residencias-de-ancianos-del-condado-de-miami-dade\/","title":{"rendered":"Supervisi\u00f3n inadecuada en North Miami | Abogados de abusos en residencias de ancianos del condado de Miami-Dade"},"content":{"rendered":"<div class=\"bodytext\">\n<h2>Supervisi\u00f3n inadecuada en North Miami<\/h1><\/h2>\n<div class=\"description\">\n<p>Una de las funciones importantes de un centro de vida asistida o una residencia de ancianos es el personal que debe comprobar el paradero de los pacientes y asegurarse de que tienen el apoyo que necesitan para las tareas diarias. Cuando el personal no lo hace, las consecuencias pueden ser nefastas. Los residentes pueden ser v\u00edctimas de malos tratos, pueden verse implicados en accidentes por resbalones y ca\u00eddas en North Miami o en su comunidad, o pueden sufrir lesiones de diversas formas. Se espera que el personal proporcione una atenci\u00f3n razonable, y cuando no lo hace las familias de los residentes lesionados pueden tener una reclamaci\u00f3n legal que les permita pedir una indemnizaci\u00f3n, da\u00f1os punitivos y otros da\u00f1os por las lesiones sufridas.   <\/p>\n<p>Si usted cree que puede tener un caso, no dude en contactar al Grupo Legal Flaxman para una revisi\u00f3n gratuita y sin compromiso de su caso. Charles Flaxman, del Grupo Legal Flaxman, trabaj\u00f3 durante 10 a\u00f1os en la industria de los seguros antes de graduarse entre el 2% de los mejores de su clase y eventualmente convertirse en miembro fundador del Grupo Legal Flaxman. Como parte de la firma legal de servicios integrales, Charles Flaxman entiende a la industria aseguradora desde ambos lados de la sala del tribunal. Cuando llega el momento de enfrentarse a la compa\u00f1\u00eda de seguros que representa a la residencia de ancianos o al centro de vida asistida implicado en tu caso, Charles Flaxman y su equipo de abogados comprenden exactamente las pol\u00edticas y leyes que el personal utilizar\u00e1 para defender su posici\u00f3n.   <\/p>\n<p><strong class=\"heading4\">\u00bfC\u00f3mo se puede evitar la supervisi\u00f3n inadecuada en North Miami y otras ciudades?<\/strong><\/p>\n<p>Hay muchas cosas que los centros de vida asistida deben hacer para garantizar una supervisi\u00f3n adecuada de los pacientes y residentes:<\/p>\n<ul>\n<li>Ayudar a los pacientes y supervisarlos en las tareas diarias que puedan suponer un reto para ellos<\/li>\n<li>Haz un recuento peri\u00f3dico para asegurarte de que todo el mundo est\u00e1 contabilizado<\/li>\n<li>Dar cuenta diariamente del paradero de los residentes<\/li>\n<li>Proporcionar supervisi\u00f3n y seguridad adecuadas para garantizar que los residentes no puedan alejarse<\/li>\n<li>No dejar a los residentes desatendidos y sin supervisi\u00f3n<\/li>\n<\/ul>\n<p>Cuando el personal no presta este nivel de atenci\u00f3n, puede ser considerado responsable si un paciente resulta herido.<\/p>\n<p><strong class=\"heading4\">\u00bfQui\u00e9n es responsable en los casos de supervisi\u00f3n negligente?<\/strong><\/p>\n<p>Los casos de supervisi\u00f3n inadecuada pueden producirse como consecuencia de una seguridad y vigilancia negligentes en el lugar de trabajo, en centros de cuidados de larga duraci\u00f3n o en escuelas y guarder\u00edas. En consecuencia, existe una amplia gama de partes responsables. En un lugar de trabajo, por ejemplo, el empresario suele ser responsable de una supervisi\u00f3n inadecuada. En una guarder\u00eda, las partes responsables pueden ser:   <\/p>\n<ul>\n<li>Ni\u00f1eras<\/li>\n<li>Padres<\/li>\n<li>Profesores<\/li>\n<li>Guarder\u00edas<\/li>\n<li>Campamentos<\/li>\n<li>Escuelas<\/li>\n<li>Distritos escolares<\/li>\n<li>Padres de acogida<\/li>\n<li>Consejeros de campamento<\/li>\n<li>Ni\u00f1eras<\/li>\n<li>Entrenadores<\/li>\n<li>Iglesias<\/li>\n<\/ul>\n<p>En una residencia de ancianos o en un centro de vida asistida, las partes responsables en este tipo de casos pueden ser:<\/p>\n<ul>\n<li>Personal de la residencia o del centro<\/li>\n<li>Otros residentes<\/li>\n<li>La empresa propietaria del centro o residencia<\/li>\n<\/ul>\n<p>Para encontrar a todas las partes responsables, es importante que revises tu situaci\u00f3n con un abogado especializado en lesiones personales. Un buen abogado puede revisar tu caso para ayudarte a determinar si tienes derecho a reclamar u otras opciones. <\/p>\n<p><strong class=\"heading4\">\u00bfNecesitas asesoramiento jur\u00eddico sobre tu situaci\u00f3n?<\/strong><\/p>\n<p>Trabajando con investigadores privados, expertos m\u00e9dicos y otros profesionales, los abogados del <a href=\"index.html\">Grupo Legal Flaxman<\/a> pueden ayudar a construir un caso s\u00f3lido a favor de los demandantes, para que \u00e9stos tengan la mejor oportunidad de obtener una compensaci\u00f3n justa. Si deseas saber si tienes una demanda, <a href=\"contacta con nosotros.html\">contacta<\/a> hoy mismo <a href=\"contacta con nosotros.html\">con<\/a> el Grupo Legal Flaxman para una evaluaci\u00f3n gratuita y sin compromiso de tu caso. <\/p>\n<\/p><\/div>\n<\/p><\/div>\n","protected":false},"excerpt":{"rendered":"<p>Sin honorarios a menos que ganemos. Llama al 866-352-9626 para una &#8230; <\/p>\n","protected":false},"author":3,"featured_media":0,"parent":0,"menu_order":0,"comment_status":"closed","ping_status":"closed","template":"template-practice-areas.php","meta":{"footnotes":""},"class_list":["post-21924","page","type-page","status-publish","hentry"],"featured_image_src":null,"featured_image_src_square":null,"_links":{"self":[{"href":"https:\/\/flaxmanlaw.com\/es\/wp-json\/wp\/v2\/pages\/21924","targetHints":{"allow":["GET"]}}],"collection":[{"href":"https:\/\/flaxmanlaw.com\/es\/wp-json\/wp\/v2\/pages"}],"about":[{"href":"https:\/\/flaxmanlaw.com\/es\/wp-json\/wp\/v2\/types\/page"}],"author":[{"embeddable":true,"href":"https:\/\/flaxmanlaw.com\/es\/wp-json\/wp\/v2\/users\/3"}],"replies":[{"embeddable":true,"href":"https:\/\/flaxmanlaw.com\/es\/wp-json\/wp\/v2\/comments?post=21924"}],"version-history":[{"count":0,"href":"https:\/\/flaxmanlaw.com\/es\/wp-json\/wp\/v2\/pages\/21924\/revisions"}],"wp:attachment":[{"href":"https:\/\/flaxmanlaw.com\/es\/wp-json\/wp\/v2\/media?parent=21924"}],"curies":[{"name":"wp","href":"https:\/\/api.w.org\/{rel}","templated":true}]}}