{"id":21926,"date":"2024-11-18T12:45:13","date_gmt":"2024-11-18T12:45:13","guid":{"rendered":"https:\/\/flaxmanlaw.wpenginepowered.com\/lesiones-en-la-cabeza-en-north-miami-abogados-de-accidentes-en-el-condado-de-miami-dade\/"},"modified":"2024-11-18T12:45:13","modified_gmt":"2024-11-18T12:45:13","slug":"lesiones-en-la-cabeza-en-north-miami-abogados-de-accidentes-en-el-condado-de-miami-dade","status":"publish","type":"page","link":"https:\/\/flaxmanlaw.com\/es\/lesiones-en-la-cabeza-en-north-miami-abogados-de-accidentes-en-el-condado-de-miami-dade\/","title":{"rendered":"Lesiones en la cabeza en North Miami | Abogados de accidentes en el condado de Miami-Dade"},"content":{"rendered":"<div class=\"bodytext\">\n<h2>Lesi\u00f3n en la cabeza en North Miami<\/h1><\/h2>\n<div class=\"description\">\n<p>North Miami, Florida, es una de las ciudades m\u00e1s grandes del condado de Miami-Dade, en Florida. Tambi\u00e9n es una ciudad con un clima tropical monz\u00f3nico y f\u00e1cil acceso a las playas cercanas, as\u00ed como a muchos de los espacios verdes de la regi\u00f3n. North Miami es tambi\u00e9n una comunidad muy diversa, y de hecho tiene el segundo mayor porcentaje de residentes haitiano-americanos de todo el pa\u00eds. La ciudad tambi\u00e9n tiene mucho que ofrecer, como el mayor parque urbano de la zona, el Museo de Arte Contempor\u00e1neo, Biscayne Landing y el parque Arch Creek. Los residentes y visitantes de la zona pueden utilizar el NoMi Express gratuito, un servicio de autob\u00fas comunitario, para desplazarse y ver todos los lugares de inter\u00e9s que ofrece la ciudad.    <\/p>\n<p>Como todas las ciudades de Florida, en North Miami se producen <a href=\"lesiones cerebrales.html\">lesiones cerebrales<\/a> y accidentes que provocan traumatismos craneoencef\u00e1licos. Si eres paciente de una lesi\u00f3n cerebral en North Miami, necesitas un abogado que comprenda realmente el impacto de una lesi\u00f3n cerebral traum\u00e1tica. Las lesiones cerebrales se diferencian de muchos otros tipos de <a href=\"nuestras-\u00e1reas-de-pr\u00e1ctica.html\">lesiones<\/a> personales en que a\u00fan estamos aprendiendo sobre el cerebro. En muchos casos, diagnosticar y encontrar el pron\u00f3stico correcto de las lesiones cerebrales es muy dif\u00edcil. A menudo requiere m\u00faltiples visitas al m\u00e9dico con especialistas para obtener el alcance completo y todos los detalles sobre una lesi\u00f3n cerebral traum\u00e1tica. Esta es la raz\u00f3n por la que <a href=\"index.html\">el Grupo Legal Flaxman<\/a> trabaja con una gama de profesionales m\u00e9dicos, para asegurarse de que las v\u00edctimas de lesiones cerebrales del Norte de Miami obtengan la ayuda y el diagn\u00f3stico que merecen.     <\/p>\n<p>Una lesi\u00f3n cerebral en North Miami puede tener repercusiones psicol\u00f3gicas, econ\u00f3micas, m\u00e9dicas y f\u00edsicas. Independientemente de c\u00f3mo se produzca, ya sea en un accidente de tr\u00e1fico, un resbal\u00f3n o cualquier otro accidente, un traumatismo craneoencef\u00e1lico en North Miami puede ser devastador. Adem\u00e1s del dolor y el trauma f\u00edsico inmediatos, este tipo de lesi\u00f3n suele provocar angustia psicol\u00f3gica. Dado que los pacientes de traumatismo craneoencef\u00e1lico de North Miami suelen experimentar problemas cognitivos, problemas de memoria y trastornos emocionales, puede provocar angustia psicol\u00f3gica y problemas en las relaciones. Adem\u00e1s, los pacientes de traumatismo craneoencef\u00e1lico de North Miami pueden necesitar a menudo largas estancias en el hospital, as\u00ed como un tratamiento m\u00e9dico complejo, lo que puede alterar mucho sus vidas y resultar muy estresante. Por supuesto, el tratamiento m\u00e9dico y la p\u00e9rdida de ingresos significan que la mayor\u00eda de los pacientes de lesiones cerebrales de North Miami tambi\u00e9n pueden sufrir dificultades econ\u00f3micas mientras intentan recuperarse de sus lesiones.     <\/p>\n<p>El Grupo Legal Flaxman comprende lo devastador que puede ser una lesi\u00f3n cerebral. El equipo jur\u00eddico del Grupo Legal Flaxman ha trabajado con miles de v\u00edctimas de lesiones personales y de lesiones en la cabeza en Florida del Sur. Han visto de primera mano lo devastadoras que pueden ser estas lesiones, y lo importante que puede ser luchar por la justicia para ayudar a estas v\u00edctimas a obtener los recursos financieros que necesitan para recuperarse. El Grupo Legal Flaxman es una firma de servicios integrales, que proporciona una gama de servicios que las v\u00edctimas necesitan mientras llevan su caso. El equipo jur\u00eddico del Grupo Legal Flaxman se encarga de todos los detalles, para que las v\u00edctimas puedan centrarse en sus familias y en la recuperaci\u00f3n, en lugar de en las facetas de su caso legal. Para averiguar m\u00e1s sobre lo que ofrece el Grupo Legal Flaxman, <a href=\"contacta con nosotros.html\">contacte hoy mismo al Grupo Legal Flaxman<\/a> para programar una consulta gratuita y sin compromiso para hablar sobre su caso espec\u00edfico con un abogado.     <\/p>\n<\/p><\/div>\n<\/p><\/div>\n","protected":false},"excerpt":{"rendered":"<p>Sin honorarios a menos que ganemos. Llama al 866-352-9626 para una &#8230; <\/p>\n","protected":false},"author":3,"featured_media":0,"parent":0,"menu_order":0,"comment_status":"closed","ping_status":"closed","template":"template-practice-areas.php","meta":{"footnotes":""},"class_list":["post-21926","page","type-page","status-publish","hentry"],"featured_image_src":null,"featured_image_src_square":null,"_links":{"self":[{"href":"https:\/\/flaxmanlaw.com\/es\/wp-json\/wp\/v2\/pages\/21926","targetHints":{"allow":["GET"]}}],"collection":[{"href":"https:\/\/flaxmanlaw.com\/es\/wp-json\/wp\/v2\/pages"}],"about":[{"href":"https:\/\/flaxmanlaw.com\/es\/wp-json\/wp\/v2\/types\/page"}],"author":[{"embeddable":true,"href":"https:\/\/flaxmanlaw.com\/es\/wp-json\/wp\/v2\/users\/3"}],"replies":[{"embeddable":true,"href":"https:\/\/flaxmanlaw.com\/es\/wp-json\/wp\/v2\/comments?post=21926"}],"version-history":[{"count":0,"href":"https:\/\/flaxmanlaw.com\/es\/wp-json\/wp\/v2\/pages\/21926\/revisions"}],"wp:attachment":[{"href":"https:\/\/flaxmanlaw.com\/es\/wp-json\/wp\/v2\/media?parent=21926"}],"curies":[{"name":"wp","href":"https:\/\/api.w.org\/{rel}","templated":true}]}}