{"id":21927,"date":"2024-11-18T12:45:13","date_gmt":"2024-11-18T12:45:13","guid":{"rendered":"https:\/\/flaxmanlaw.wpenginepowered.com\/north-miami-drogas-peligrosas-abogados-de-responsabilidad-por-productos-defectuosos-del-condado-de-miami-dade\/"},"modified":"2024-11-18T12:45:13","modified_gmt":"2024-11-18T12:45:13","slug":"north-miami-drogas-peligrosas-abogados-de-responsabilidad-por-productos-defectuosos-del-condado-de-miami-dade","status":"publish","type":"page","link":"https:\/\/flaxmanlaw.com\/es\/north-miami-drogas-peligrosas-abogados-de-responsabilidad-por-productos-defectuosos-del-condado-de-miami-dade\/","title":{"rendered":"North Miami Drogas Peligrosas | Abogados de Responsabilidad por Productos Defectuosos del Condado de Miami-Dade"},"content":{"rendered":"<div class=\"bodytext\">\n<h2>Drogas peligrosas de North Miami<\/h1><\/h2>\n<div class=\"description\">\n<p>Cuando tomas un medicamento recetado por tu m\u00e9dico, esperas que tu salud mejore, no que empeore. Por desgracia, si te han recetado un medicamento que tiene efectos secundarios peligrosos o si te han recetado un medicamento que no se ha probado adecuadamente, puedes acabar sufriendo complicaciones graves, efectos secundarios, interacciones medicamentosas u otros tipos de lesiones. <\/p>\n<p>Los abogados de defectos farmac\u00e9uticos del Grupo Legal Flaxman han obtenido m\u00e1s de cien millones de d\u00f3lares en acuerdos y victorias a favor de miles de demandantes por lesiones personales y negligencia m\u00e9dica en North Miami y en todo Florida del Sur. Llame hoy mismo al Grupo Legal Flaxman para una consulta gratuita y sin compromiso para averiguar qu\u00e9 es posible en su caso. Siempre puede contactar a nuestra firma de servicios integrales a trav\u00e9s de nuestro sitio web o llamando al 866-352-9626.  <\/p>\n<p><strong class=\"heading4\">\u00bfQu\u00e9 derechos de indemnizaci\u00f3n tienes en un caso de drogas peligrosas en North Miami o en tu comunidad?<\/strong><\/p>\n<p>Si has sufrido lesiones o un miembro de tu familia ha fallecido a causa de un dispositivo farmac\u00e9utico peligroso o un medicamento defectuoso, puedes interponer una demanda judicial que te permita solicitar una indemnizaci\u00f3n por:<\/p>\n<ul>\n<li>Gastos m\u00e9dicos<\/li>\n<li>Dolor y sufrimiento<\/li>\n<li>Costes de rehabilitaci\u00f3n<\/li>\n<li>Productos sanitarios o sustitutos<\/li>\n<\/ul>\n<p>Para saber cu\u00e1nto puede valer tu caso, ponte en contacto con un abogado de lesiones personales de tu comunidad para que haga una evaluaci\u00f3n completa y exhaustiva de tu situaci\u00f3n.<\/p>\n<p><strong class=\"heading4\">El reto de un caso de drogas peligrosas<\/strong><\/p>\n<p>Aunque te hayas lesionado debido a un an\u00e1lisis de medicamentos inadecuado o a otro caso de negligencia de una empresa farmac\u00e9utica, puede ser dif\u00edcil demostrarlo. En muchos casos, los fabricantes de medicamentos y otras empresas m\u00e9dicas son poderosas y grandes empresas, protegidas por equipos jur\u00eddicos y compa\u00f1\u00edas de seguros. En algunos casos, estas empresas pueden alegar que no hab\u00eda forma de predecir un efecto secundario o pueden intentar encubrir pruebas que demuestren que la empresa deber\u00eda haber sabido de la existencia de un f\u00e1rmaco o dispositivo m\u00e9dico inseguro. En otros casos, las empresas pueden alegar que una enfermedad preexistente afect\u00f3 al resultado del caso o pueden intentar que un paciente lesionado renuncie a sus derechos. A menudo, estos casos dependen de doctrinas jur\u00eddicas y testimonios m\u00e9dicos complicados, por lo que es importante consultar a un abogado muy experto y cualificado para tener la mejor oportunidad de obtener justicia si has resultado lesionado. Un buen abogado puede trabajar con investigadores y expertos m\u00e9dicos para construir un caso s\u00f3lido en tu nombre, de modo que puedas enfrentarte con confianza a las empresas farmac\u00e9uticas en una reclamaci\u00f3n legal.     <\/p>\n<p>Los abogados del Grupo Legal Flaxman han manejado miles de casos de lesiones personales y accidentes, incluyendo accidentes peatonales, resbalones y ca\u00eddas, casos de seguridad inadecuada, homicidio culposo, lesiones por drogas, lesiones cerebrales , choques automovil\u00edsticos, choques de motocicleta, accidentes de cami\u00f3n, choques de bicicleta, accidentes peatonales, casos de compensaci\u00f3n al trabajador, y m\u00e1s. Si crees que puedes tener una reclamaci\u00f3n o simplemente tienes preguntas sobre tu situaci\u00f3n legal tras una lesi\u00f3n grave, no dudes en <a href=\"contacta con nosotros.html\">ponerte en contacto con nuestro bufete de abogados de servicios integrales<\/a> llamando al 866-352-9626. Tu primera consulta con nosotros es gratuita y sin ning\u00fan compromiso.  <\/p>\n<\/p><\/div>\n<\/p><\/div>\n","protected":false},"excerpt":{"rendered":"<p>Sin honorarios a menos que ganemos. Llama al 866-352-9626 para una &#8230; <\/p>\n","protected":false},"author":3,"featured_media":0,"parent":0,"menu_order":0,"comment_status":"closed","ping_status":"closed","template":"template-practice-areas.php","meta":{"footnotes":""},"class_list":["post-21927","page","type-page","status-publish","hentry"],"featured_image_src":null,"featured_image_src_square":null,"_links":{"self":[{"href":"https:\/\/flaxmanlaw.com\/es\/wp-json\/wp\/v2\/pages\/21927","targetHints":{"allow":["GET"]}}],"collection":[{"href":"https:\/\/flaxmanlaw.com\/es\/wp-json\/wp\/v2\/pages"}],"about":[{"href":"https:\/\/flaxmanlaw.com\/es\/wp-json\/wp\/v2\/types\/page"}],"author":[{"embeddable":true,"href":"https:\/\/flaxmanlaw.com\/es\/wp-json\/wp\/v2\/users\/3"}],"replies":[{"embeddable":true,"href":"https:\/\/flaxmanlaw.com\/es\/wp-json\/wp\/v2\/comments?post=21927"}],"version-history":[{"count":0,"href":"https:\/\/flaxmanlaw.com\/es\/wp-json\/wp\/v2\/pages\/21927\/revisions"}],"wp:attachment":[{"href":"https:\/\/flaxmanlaw.com\/es\/wp-json\/wp\/v2\/media?parent=21927"}],"curies":[{"name":"wp","href":"https:\/\/api.w.org\/{rel}","templated":true}]}}