{"id":21928,"date":"2024-11-18T12:45:13","date_gmt":"2024-11-18T12:45:13","guid":{"rendered":"https:\/\/flaxmanlaw.wpenginepowered.com\/accidentes-por-no-ceder-el-paso-en-north-miami-abogados-de-accidentes-de-trafico-del-condado-de-miami-dade\/"},"modified":"2024-11-18T12:45:13","modified_gmt":"2024-11-18T12:45:13","slug":"accidentes-por-no-ceder-el-paso-en-north-miami-abogados-de-accidentes-de-trafico-del-condado-de-miami-dade","status":"publish","type":"page","link":"https:\/\/flaxmanlaw.com\/es\/accidentes-por-no-ceder-el-paso-en-north-miami-abogados-de-accidentes-de-trafico-del-condado-de-miami-dade\/","title":{"rendered":"Accidentes por no ceder el paso en North Miami | Abogados de accidentes de tr\u00e1fico del condado de Miami-Dade"},"content":{"rendered":"<div class=\"bodytext\">\n<h2>Accidentes por no ceder el paso en North Miami<\/h1><\/h2>\n<div class=\"description\">\n<p>Todos los conductores aprenden el derecho de paso en las clases de educaci\u00f3n vial. Hay determinadas situaciones en las que un conductor debe ceder el paso a otro conductor o peat\u00f3n que tenga preferencia. Cuando un conductor no cede el paso, puede provocar lo que se conoce como un accidente por no ceder el paso. Este tipo de accidentes suelen ser graves, ya que a menudo implican exceso de velocidad y suelen ser accidentes en intersecciones de North Miami y otras comunidades de Florida.   <\/p>\n<p>Si usted ha resultado lesionado o discapacitado en este tipo de accidente de tr\u00e1fico, no dude en contactar al Grupo Legal Flaxman para recibir una evaluaci\u00f3n gratuita y sin compromiso de su caso. Nuestros abogados pueden reunirse con usted en su hogar, cuarto de hospital, lugar de trabajo o en una de las tres oficinas convenientemente ubicadas del Grupo Legal Flaxman para revisar sus opciones de reparaci\u00f3n legal. <\/p>\n<p><strong class=\"heading4\">Las lesiones tras un accidente de tr\u00e1fico grave en North Miami o en tu comunidad pueden ser devastadoras<\/strong><\/p>\n<p>Las lesiones que puedes sufrir en un accidente de tr\u00e1fico grave pueden incluir:<\/p>\n<ul>\n<li>Par\u00e1lisis<\/li>\n<li>Lesiones medulares<\/li>\n<li>Amputaci\u00f3n<\/li>\n<li>Lesiones internas<\/li>\n<li>Fracturas<\/li>\n<li>Lesiones por aplastamiento<\/li>\n<li>Latigazo cervical<\/li>\n<li>Lesiones internas<\/li>\n<li>Traumatismo craneal<\/li>\n<li>Laceraciones<\/li>\n<li>Cicatrices o desfiguraci\u00f3n<\/li>\n<li>Quemaduras<\/li>\n<\/ul>\n<p>Este tipo de lesiones pueden devastar todos los \u00e1mbitos de tu vida. Pueden hacer que te resulte imposible ir a trabajar o incluso cuidar de tu familia como te gustar\u00eda. Con una lesi\u00f3n grave y permanente es posible que nunca puedas volver a realizar las tareas cotidianas y los pasatiempos que realizabas antes del accidente. Una lesi\u00f3n grave puede afectar a tu potencial de ingresos para toda la vida y puede dejarte tambi\u00e9n con importantes facturas m\u00e9dicas. Esto no s\u00f3lo es profundamente traum\u00e1tico y frustrante, sino que puede presionar econ\u00f3micamente a tu familia e incluso ponerla en peligro. Por todas estas razones, si has sufrido lesiones en un accidente grave, es importante que consultes enseguida a un abogado de lesiones personales de tu comunidad para averiguar qu\u00e9 se puede hacer por ti y por tu familia.     <\/p>\n<p>Aunque creas que has sufrido un accidente de tr\u00e1fico y hayas tenido la suerte de librarte de las lesiones, hazte una evaluaci\u00f3n m\u00e9dica completa lo antes posible tras la colisi\u00f3n. Algunas personas que sufren traumatismos craneoencef\u00e1licos o latigazo cervical u otras lesiones de tejidos blandos pueden no presentar s\u00edntomas durante d\u00edas o semanas tras el accidente, para luego encontrarse con graves dolores cr\u00f3nicos y problemas de movilidad debidos a sus lesiones. Es importante obtener asesoramiento y evaluaci\u00f3n m\u00e9dica de calidad si has sufrido cualquier tipo de accidente de tr\u00e1fico. Tambi\u00e9n es importante obtener asesoramiento jur\u00eddico sobre tu situaci\u00f3n.   <\/p>\n<p><strong class=\"heading4\">\u00bfNecesitas hablar con un abogado?<\/strong><\/p>\n<p>Si usted ha resultado lesionado y est\u00e1 buscando asesor\u00eda legal y una evaluaci\u00f3n personalizada de su situaci\u00f3n, <a href=\"contacta con nosotros.html\">contacte al Grupo Legal Flaxman<\/a> en cualquier momento. Nuestros abogados son compasivos y comprenden lo devastadores que pueden ser los accidentes de tr\u00e1fico graves y otras lesiones. Es por ello que hacen todo lo que pueden para facilitarte el proceso. Desde una consulta inicial gratuita sobre el accidente hasta nuestra pol\u00edtica de no molestar, que garantiza que nos ocupemos de todos los detalles legales, pasando por la ayuda para conseguir un coche de alquiler y otros aspectos b\u00e1sicos, trabajamos para facilitarte el proceso.   <\/p>\n<\/p><\/div>\n<\/p><\/div>\n","protected":false},"excerpt":{"rendered":"<p>Sin honorarios a menos que ganemos. Llama al 866-352-9626 para una &#8230; <\/p>\n","protected":false},"author":3,"featured_media":0,"parent":0,"menu_order":0,"comment_status":"closed","ping_status":"closed","template":"template-practice-areas.php","meta":{"footnotes":""},"class_list":["post-21928","page","type-page","status-publish","hentry"],"featured_image_src":null,"featured_image_src_square":null,"_links":{"self":[{"href":"https:\/\/flaxmanlaw.com\/es\/wp-json\/wp\/v2\/pages\/21928","targetHints":{"allow":["GET"]}}],"collection":[{"href":"https:\/\/flaxmanlaw.com\/es\/wp-json\/wp\/v2\/pages"}],"about":[{"href":"https:\/\/flaxmanlaw.com\/es\/wp-json\/wp\/v2\/types\/page"}],"author":[{"embeddable":true,"href":"https:\/\/flaxmanlaw.com\/es\/wp-json\/wp\/v2\/users\/3"}],"replies":[{"embeddable":true,"href":"https:\/\/flaxmanlaw.com\/es\/wp-json\/wp\/v2\/comments?post=21928"}],"version-history":[{"count":0,"href":"https:\/\/flaxmanlaw.com\/es\/wp-json\/wp\/v2\/pages\/21928\/revisions"}],"wp:attachment":[{"href":"https:\/\/flaxmanlaw.com\/es\/wp-json\/wp\/v2\/media?parent=21928"}],"curies":[{"name":"wp","href":"https:\/\/api.w.org\/{rel}","templated":true}]}}