{"id":21929,"date":"2024-11-18T12:45:13","date_gmt":"2024-11-18T12:45:13","guid":{"rendered":"https:\/\/flaxmanlaw.wpenginepowered.com\/lesiones-infantiles-en-north-miami-abogados-de-accidentes-en-el-condado-de-miami-dade\/"},"modified":"2024-11-18T12:45:13","modified_gmt":"2024-11-18T12:45:13","slug":"lesiones-infantiles-en-north-miami-abogados-de-accidentes-en-el-condado-de-miami-dade","status":"publish","type":"page","link":"https:\/\/flaxmanlaw.com\/es\/lesiones-infantiles-en-north-miami-abogados-de-accidentes-en-el-condado-de-miami-dade\/","title":{"rendered":"Lesiones infantiles en North Miami | Abogados de accidentes en el condado de Miami-Dade"},"content":{"rendered":"<div class=\"bodytext\">\n<h2>Lesiones infantiles en North Miami<\/h1><\/h2>\n<div class=\"description\">\n<p>El norte de Miami, en Florida, tiene una rica historia. En 1856, los soldados del ej\u00e9rcito de los Estados Unidos crearon un sendero militar en la zona. El sendero cruzaba un puente natural de piedra caliza y, gracias a la calzada, la zona atrajo poco a poco a algunos pioneros. En la d\u00e9cada de 1890, un hombre compr\u00f3 cientos de acres en la zona y empez\u00f3 a cultivar. En la d\u00e9cada de 1910, hab\u00eda 18 casas y algunos negocios en la zona y la comunidad era en gran parte agr\u00edcola. En la d\u00e9cada de 1920, Florida estaba experimentando un auge de la tierra, pero el suelo de lo que acabar\u00eda siendo North Miami hab\u00eda cambiado por las pr\u00e1cticas agr\u00edcolas y ya no era tan adecuado para la agricultura. Sin embargo, era ideal para el desarrollo, que fue lo que atrajo a los hombres de negocios y promotores de la d\u00e9cada de 1920. La zona experiment\u00f3 un r\u00e1pido crecimiento, y experiment\u00f3 otro auge demogr\u00e1fico tras la II Guerra Mundial, cuando los veteranos y sus familias se trasladaron para establecerse en la zona.       <\/p>\n<p><strong class=\"heading4\">\u00bfSe ha lesionado tu hijo en North Miami o Florida?<\/strong><\/p>\n<p>Como todas las comunidades, en North Miami se producen accidentes graves. Sin embargo, es especialmente tr\u00e1gico cuando los accidentes de bicicleta en North Miami y alrededores afectan a ni\u00f1os. La realidad es que los ni\u00f1os son vulnerables a una serie de lesiones y accidentes, como accidentes en piscinas, en parques infantiles, etc. Si tu hijo ha resultado gravemente herido, mereces respuestas. Siempre puedes contactar al Grupo Legal Flaxman, las 24 horas del d\u00eda, para hablar con personal en vivo. El <a href=\"index.html\">Grupo Legal<\/a> Flaxman tambi\u00e9n se complace en poder ofrecer una consulta gratuita y sin compromiso a todas las partes lesionadas.     <\/p>\n<p><strong class=\"heading4\">Comprender las lesiones infantiles en North Miami y otras comunidades<\/strong><\/p>\n<p>Los ni\u00f1os sufren las mismas lesiones que los adultos. Los accidentes de tr\u00e1fico en North Miami y otras comunidades, por ejemplo, son una de las principales causas de lesiones infantiles. Sin embargo, los ni\u00f1os tambi\u00e9n se enfrentan a una serie de peligros que son exclusivos de los menores. Por ejemplo, los ni\u00f1os pueden enfrentarse a juguetes o asientos de coche defectuosos que pueden causar lesiones, y tienen m\u00e1s probabilidades de sufrir lesiones en un accidente de bicicleta en North Miami o en otra comunidad, porque los ni\u00f1os suelen ir m\u00e1s en bicicleta.   <\/p>\n<p>Los ni\u00f1os tambi\u00e9n pasan mucho tiempo en guarder\u00edas, escuelas y parques de atracciones, todos los cuales pueden ser lugares peligrosos si los propietarios de estas instalaciones no toman las precauciones adecuadas. Los ni\u00f1os tambi\u00e9n pueden estar m\u00e1s expuestos a sufrir lesiones porque tienen menos experiencia vital. Por ello, se espera que los adultos que los rodean tomen precauciones adicionales para mantener a salvo a los ni\u00f1os. De los propietarios de piscinas, por ejemplo, se espera por ley que tomen precauciones adicionales -como instalar puertas y vallas alrededor de la piscina- para evitar que los ni\u00f1os deambulen por la zona de la piscina y sufran lesiones. Cuando los propietarios no toman las medidas adecuadas para proteger a un ni\u00f1o o cuando los responsables del cuidado de un ni\u00f1o son imprudentes al prestar ese cuidado, los padres cuyos hijos han sufrido lesiones tienen derecho legal a reclamar una indemnizaci\u00f3n.    <\/p>\n<p>El equipo legal del Grupo Legal Flaxman comprende que las lesiones infantiles son traum\u00e1ticas para toda una familia. Es por ello que el Grupo Legal Flaxman trabaja duro para proporcionar la mejor atenci\u00f3n posible a los demandantes por lesiones personales. Con tres convenientes ubicaciones en Florida del Sur, el <a href=\"contacta con nosotros.html\">Grupo Legal<\/a> Flaxman hace f\u00e1cil contactar a un abogado de lesiones personales en North Miami o en su comunidad de Florida. Si usted o su hijo est\u00e1n demasiado lesionados para viajar, el equipo legal tambi\u00e9n est\u00e1 feliz de visitar su hospital, lugar de trabajo, o casa. Adem\u00e1s, el Grupo Legal Flaxman trabaja en base a honorarios de contingencia y ofrece una consulta gratuita y sin compromiso a todos los clientes nuevos, as\u00ed que no tienes que preocuparte por los honorarios de abogados por adelantado si necesitas asesor\u00eda legal. Tu consulta inicial es gratuita, as\u00ed que llama hoy mismo para concertar tu cita.     <\/p>\n<\/p><\/div>\n<\/p><\/div>\n","protected":false},"excerpt":{"rendered":"<p>Sin honorarios a menos que ganemos. Llama al 866-352-9626 para una &#8230; <\/p>\n","protected":false},"author":3,"featured_media":0,"parent":0,"menu_order":0,"comment_status":"closed","ping_status":"closed","template":"template-practice-areas.php","meta":{"footnotes":""},"class_list":["post-21929","page","type-page","status-publish","hentry"],"featured_image_src":null,"featured_image_src_square":null,"_links":{"self":[{"href":"https:\/\/flaxmanlaw.com\/es\/wp-json\/wp\/v2\/pages\/21929","targetHints":{"allow":["GET"]}}],"collection":[{"href":"https:\/\/flaxmanlaw.com\/es\/wp-json\/wp\/v2\/pages"}],"about":[{"href":"https:\/\/flaxmanlaw.com\/es\/wp-json\/wp\/v2\/types\/page"}],"author":[{"embeddable":true,"href":"https:\/\/flaxmanlaw.com\/es\/wp-json\/wp\/v2\/users\/3"}],"replies":[{"embeddable":true,"href":"https:\/\/flaxmanlaw.com\/es\/wp-json\/wp\/v2\/comments?post=21929"}],"version-history":[{"count":0,"href":"https:\/\/flaxmanlaw.com\/es\/wp-json\/wp\/v2\/pages\/21929\/revisions"}],"wp:attachment":[{"href":"https:\/\/flaxmanlaw.com\/es\/wp-json\/wp\/v2\/media?parent=21929"}],"curies":[{"name":"wp","href":"https:\/\/api.w.org\/{rel}","templated":true}]}}