{"id":21930,"date":"2024-11-18T12:45:13","date_gmt":"2024-11-18T12:45:13","guid":{"rendered":"https:\/\/flaxmanlaw.wpenginepowered.com\/abuso-de-ancianos-en-north-miami-abogados-de-negligencia-en-residencias-de-ancianos-del-condado-de-miami-dade\/"},"modified":"2024-11-18T12:45:13","modified_gmt":"2024-11-18T12:45:13","slug":"abuso-de-ancianos-en-north-miami-abogados-de-negligencia-en-residencias-de-ancianos-del-condado-de-miami-dade","status":"publish","type":"page","link":"https:\/\/flaxmanlaw.com\/es\/abuso-de-ancianos-en-north-miami-abogados-de-negligencia-en-residencias-de-ancianos-del-condado-de-miami-dade\/","title":{"rendered":"Abuso de Ancianos en North Miami | Abogados de Negligencia en Residencias de Ancianos del Condado de Miami-Dade"},"content":{"rendered":"<div class=\"bodytext\">\n<h2>Abuso de ancianos en North Miami<\/h1><\/h2>\n<div class=\"description\">\n<p>El maltrato de ancianos en North Miami y en todo el sur de Florida es, por desgracia, demasiado frecuente. Puede afectar a cualquier anciano. Entre los autores figuran familiares y amigos, cuidadores, otros ancianos y el propio personal de las residencias de ancianos que se supone que cuidan de ellos.  <\/p>\n<p>Los adultos mayores son vulnerables al abuso y si un ser querido ha sido abusado, contacta a la firma de abogados del Grupo Legal Flaxman. Ya sea que tengas preguntas sobre tus derechos o sobre el proceso del seguro, nuestro equipo legal puede ayudarte a entender qu\u00e9 opciones existen con base en los detalles espec\u00edficos de tu situaci\u00f3n. Los abogados del Grupo Legal Flaxman pueden programar una consulta gratuita sobre accidentes para que usted pueda revisar su situaci\u00f3n con un miembro de nuestro equipo legal.  <\/p>\n<p><strong class=\"heading4\">Una mirada m\u00e1s atenta al maltrato a las personas mayores: Maltrato f\u00edsico<\/strong><\/p>\n<p>El maltrato a las personas mayores puede consistir en abusos econ\u00f3micos, sexuales, emocionales, verbales y negligencia. Sin embargo, una de las formas m\u00e1s comunes de maltrato es el f\u00edsico. El maltrato f\u00edsico puede consistir en golpear, dar pu\u00f1etazos o pu\u00f1etazos a una persona. Para los ancianos, este tipo de maltrato puede ser especialmente mortal, ya que los ancianos pueden no tener fuerza suficiente para defenderse y pueden tardar m\u00e1s en curarse de laceraciones y fracturas en comparaci\u00f3n con un adulto m\u00e1s joven. El maltrato f\u00edsico puede dejar algunas se\u00f1ales, entre ellas    <\/p>\n<ul>\n<li>Moratones<\/li>\n<li>Ojos negros<\/li>\n<li>Laceraciones<\/li>\n<li>Fracturas<\/li>\n<li>Lesiones en la cabeza<\/li>\n<li>Heridas inexplicables<\/li>\n<li>Comportamiento retra\u00eddo<\/li>\n<li>Depresi\u00f3n<\/li>\n<li>Trastornos del sue\u00f1o o de la alimentaci\u00f3n<\/li>\n<\/ul>\n<p>Es importante obtener respuestas si observas alg\u00fan s\u00edntoma en un familiar anciano. Conseguir ayuda r\u00e1pidamente es esencial, ya que el maltrato f\u00edsico puede agravarse e incluso llegar a ser mortal. <\/p>\n<p><strong class=\"heading4\">D\u00f3nde pedir ayuda<\/strong><\/p>\n<p>Puedes pedir ayuda en casos de malos tratos a ancianos poni\u00e9ndote en contacto con la polic\u00eda. El asalto y la agresi\u00f3n, as\u00ed como la agresi\u00f3n sexual, son delitos en North Miami y en Florida. El fraude financiero y el robo tambi\u00e9n pueden dar lugar a cargos penales. Si tu familiar anciano est\u00e1 en una residencia o centro de asistencia, puedes denunciar los malos tratos o la negligencia a los gestores o propietarios del centro, as\u00ed como al organismo que lo supervisa.   <\/p>\n<p>En muchos casos, tambi\u00e9n puedes pedir ayuda al m\u00e9dico de tu familiar anciano. Un m\u00e9dico puede evaluar cualquier complicaci\u00f3n m\u00e9dica o lesi\u00f3n relacionada con el maltrato o la negligencia y puede iniciar el tratamiento. Adem\u00e1s, un m\u00e9dico puede empezar a reunir pruebas por si decides presentar cargos penales o civiles contra los autores.  <\/p>\n<p>Otra fuente de ayuda puede ser un abogado de lesiones personales de tu comunidad. En los casos de malos tratos, puedes tener una reclamaci\u00f3n legal contra los maltratadores y cualquier otra parte responsable que haya permitido que se produjeran los malos tratos. Reclamar ante un tribunal civil o mediante negociaciones puede ayudarte a conseguir una indemnizaci\u00f3n para que puedas pagar la atenci\u00f3n m\u00e9dica de tu familiar y una mejor calidad de los cuidados.  <\/p>\n<p>\u00bfNecesitas asesor\u00eda legal porque sospechas que un ser querido ha sido v\u00edctima de negligencia o abuso en un centro de vida asistida, asilo de ancianos u otro entorno de cuidados? Al equipo de abogados del Grupo Legal Flaxman le gustar\u00eda ofrecerle ayuda. Podemos programar una consulta gratuita para que usted pueda hablar sobre su caso espec\u00edfico con un miembro de nuestra firma. Averig\u00fce cu\u00e1les son sus derechos y qu\u00e9 opciones tiene su familia. Contacte hoy mismo al <a href=\"contacta con nosotros.html\">Grupo Legal F<\/a> laxman al 866-352-9626.    <\/p>\n<\/p><\/div>\n<\/p><\/div>\n","protected":false},"excerpt":{"rendered":"<p>Sin honorarios a menos que ganemos. Llama al 866-352-9626 para una &#8230; <\/p>\n","protected":false},"author":3,"featured_media":0,"parent":0,"menu_order":0,"comment_status":"closed","ping_status":"closed","template":"template-practice-areas.php","meta":{"footnotes":""},"class_list":["post-21930","page","type-page","status-publish","hentry"],"featured_image_src":null,"featured_image_src_square":null,"_links":{"self":[{"href":"https:\/\/flaxmanlaw.com\/es\/wp-json\/wp\/v2\/pages\/21930","targetHints":{"allow":["GET"]}}],"collection":[{"href":"https:\/\/flaxmanlaw.com\/es\/wp-json\/wp\/v2\/pages"}],"about":[{"href":"https:\/\/flaxmanlaw.com\/es\/wp-json\/wp\/v2\/types\/page"}],"author":[{"embeddable":true,"href":"https:\/\/flaxmanlaw.com\/es\/wp-json\/wp\/v2\/users\/3"}],"replies":[{"embeddable":true,"href":"https:\/\/flaxmanlaw.com\/es\/wp-json\/wp\/v2\/comments?post=21930"}],"version-history":[{"count":0,"href":"https:\/\/flaxmanlaw.com\/es\/wp-json\/wp\/v2\/pages\/21930\/revisions"}],"wp:attachment":[{"href":"https:\/\/flaxmanlaw.com\/es\/wp-json\/wp\/v2\/media?parent=21930"}],"curies":[{"name":"wp","href":"https:\/\/api.w.org\/{rel}","templated":true}]}}