{"id":21934,"date":"2024-11-18T12:45:13","date_gmt":"2024-11-18T12:45:13","guid":{"rendered":"https:\/\/flaxmanlaw.wpenginepowered.com\/mordeduras-de-perro-en-north-miami-abogados-de-lesiones-personales-del-condado-de-miami-dade\/"},"modified":"2024-11-18T12:45:13","modified_gmt":"2024-11-18T12:45:13","slug":"mordeduras-de-perro-en-north-miami-abogados-de-lesiones-personales-del-condado-de-miami-dade","status":"publish","type":"page","link":"https:\/\/flaxmanlaw.com\/es\/mordeduras-de-perro-en-north-miami-abogados-de-lesiones-personales-del-condado-de-miami-dade\/","title":{"rendered":"Mordeduras de perro en North Miami | Abogados de lesiones personales del condado de Miami-Dade"},"content":{"rendered":"<div class=\"bodytext\">\n<h2>Mordeduras de perro en North Miami<\/h1><\/h2>\n<div class=\"description\">\n<p>Un problema de los ataques de animales y las mordeduras de perro en North Miami y Florida es que a menudo afectan a ni\u00f1os. En estos casos, los propietarios de perros y sus abogados pueden alegar que un ni\u00f1o estaba mal vigilado o que contribuy\u00f3 de alg\u00fan modo al ataque al burlarse del perro. En algunos casos, los propietarios de perros pueden alegar que ten\u00edan se\u00f1ales claras que advert\u00edan a la gente de la presencia de un perro en las instalaciones, o pueden intentar demostrar que un ni\u00f1o invadi\u00f3 su propiedad para llegar hasta el perro. En estos casos, los propietarios de perros y sus abogados pueden alegar que el propietario del perro no era responsable de los da\u00f1os.   <\/p>\n<p>Si tu hijo ha resultado lesionado por el ataque de un perro y crees que la negligencia jug\u00f3 un papel, es importante trabajar con un abogado de lesiones personales en North Miami o en tu comunidad para demostrar que t\u00fa y tu hijo merecen una compensaci\u00f3n. Si desea luchar por la justicia, contacte hoy mismo al Grupo Legal Flaxman para una evaluaci\u00f3n gratuita de su caso. Los abogados del Grupo Legal Flaxman trabajan con testigos expertos e investigadores privados para ayudar a construir un caso s\u00f3lido.  <\/p>\n<p><strong class=\"heading4\">C\u00f3mo afrontar las secuelas del ataque de un animal en North Miami o Florida<\/strong><\/p>\n<p>Si t\u00fa o tu hijo hab\u00e9is resultado heridos por el ataque de un animal o un perro, es posible que teng\u00e1is que afrontar un dolor y un sufrimiento considerables. Tambi\u00e9n puedes enfrentarte a gastos m\u00e9dicos considerables. Las mordeduras y ataques de perro suelen dejar cicatrices visibles que requieren una amplia intervenci\u00f3n quir\u00fargica o m\u00e9dica.  <\/p>\n<p>Las cicatrices faciales, especialmente, pueden requerir cirug\u00eda est\u00e9tica, injertos de piel u otras formas de cirug\u00eda para que la v\u00edctima pueda recuperar su aspecto anterior al ataque. Por desgracia, muchas compa\u00f1\u00edas de seguros m\u00e9dicos se niegan a cubrir este tipo de atenci\u00f3n m\u00e9dica, argumentando que no es estrictamente necesaria. Es posible que necesites un abogado de lesiones personales con experiencia en derecho de seguros en North Miami o en tu comunidad para negociar con tu compa\u00f1\u00eda de seguros de modo que obtengas la cobertura m\u00e9dica que necesitas.  <\/p>\n<p>Adem\u00e1s del coste de la atenci\u00f3n m\u00e9dica, las mordeduras de perro pueden provocar infecciones, dolor y sufrimiento, y p\u00e9rdida de salario si tienes que recuperarte lentamente en casa. Este tipo de mordeduras de perro pueden requerir m\u00faltiples visitas a especialistas y, en algunos casos, incluso rehabilitaci\u00f3n o fisioterapia si la movilidad se ha visto afectada debido a lesiones nerviosas o musculares. Pedir una indemnizaci\u00f3n puede ayudarte a pagar todos estos gastos y garantiza que los propietarios de perros sean considerados responsables para que sus perros no ataquen tambi\u00e9n a otros.  <\/p>\n<p><strong class=\"heading4\">Buscar justicia a trav\u00e9s de un caso de lesiones personales<\/strong><\/p>\n<p>\u00bfTienes una reclamaci\u00f3n? Contacta con <a href=\"contacta con nosotros.html\">el Grupo Legal Flaxman<\/a> para averiguarlo. La firma puede programar una evaluaci\u00f3n gratuita y sin compromiso de tu caso para que puedas hablar sobre tu situaci\u00f3n con un abogado de lesiones personales. El equipo jur\u00eddico del Grupo Legal Flaxman cuenta con m\u00e1s de 60 a\u00f1os de experiencia combinada y ha conseguido compensaci\u00f3n para miles de demandantes por lesiones personales y lesiones infantiles en el Norte de Miami y en Florida del Sur. \u00bfQu\u00e9 se puede hacer en tu caso? Contacta al Grupo Legal Flaxman para revisar tu situaci\u00f3n con un profesional legal.     <\/p>\n<\/p><\/div>\n<\/p><\/div>\n","protected":false},"excerpt":{"rendered":"<p>Sin honorarios a menos que ganemos. Llama al 866-352-9626 para una &#8230; <\/p>\n","protected":false},"author":3,"featured_media":0,"parent":0,"menu_order":0,"comment_status":"closed","ping_status":"closed","template":"template-practice-areas.php","meta":{"footnotes":""},"class_list":["post-21934","page","type-page","status-publish","hentry"],"featured_image_src":null,"featured_image_src_square":null,"_links":{"self":[{"href":"https:\/\/flaxmanlaw.com\/es\/wp-json\/wp\/v2\/pages\/21934","targetHints":{"allow":["GET"]}}],"collection":[{"href":"https:\/\/flaxmanlaw.com\/es\/wp-json\/wp\/v2\/pages"}],"about":[{"href":"https:\/\/flaxmanlaw.com\/es\/wp-json\/wp\/v2\/types\/page"}],"author":[{"embeddable":true,"href":"https:\/\/flaxmanlaw.com\/es\/wp-json\/wp\/v2\/users\/3"}],"replies":[{"embeddable":true,"href":"https:\/\/flaxmanlaw.com\/es\/wp-json\/wp\/v2\/comments?post=21934"}],"version-history":[{"count":0,"href":"https:\/\/flaxmanlaw.com\/es\/wp-json\/wp\/v2\/pages\/21934\/revisions"}],"wp:attachment":[{"href":"https:\/\/flaxmanlaw.com\/es\/wp-json\/wp\/v2\/media?parent=21934"}],"curies":[{"name":"wp","href":"https:\/\/api.w.org\/{rel}","templated":true}]}}