{"id":21938,"date":"2024-11-18T12:45:13","date_gmt":"2024-11-18T12:45:13","guid":{"rendered":"https:\/\/flaxmanlaw.wpenginepowered.com\/muerte-por-negligencia-en-north-miami-beach-abogados-de-lesiones-personales-en-el-condado-de-miami-dade\/"},"modified":"2024-11-18T12:45:13","modified_gmt":"2024-11-18T12:45:13","slug":"muerte-por-negligencia-en-north-miami-beach-abogados-de-lesiones-personales-en-el-condado-de-miami-dade","status":"publish","type":"page","link":"https:\/\/flaxmanlaw.com\/es\/muerte-por-negligencia-en-north-miami-beach-abogados-de-lesiones-personales-en-el-condado-de-miami-dade\/","title":{"rendered":"Muerte por negligencia en North Miami Beach | Abogados de lesiones personales en el condado de Miami-Dade"},"content":{"rendered":"<div class=\"bodytext\">\n<h2>Muerte por negligencia en North Miami Beach<\/h1><\/h2>\n<div class=\"description\">\n<p>North Miami Beach, Florida, es una ciudad situada en el condado de Miami-Dade, en la parte sur del estado. El lema de la ciudad es \u00abDonde la gente se preocupa\u00bb y, de hecho, North Miami Beach es conocida como una ciudad centrada en la comunidad, un lugar estupendo para vivir. A veces conocida como NMB, North Miami Beach es una comunidad suburbana que recibi\u00f3 org\u00e1nicamente el nombre de Fulford en honor al capit\u00e1n William H. Fulford, de la Guardia Costera de Estados Unidos. En 1931, la ciudad hab\u00eda sido rebautizada como North Miami Beach. Hoy, la ciudad es conocida por sus espacios verdes y su comunidad. Tambi\u00e9n est\u00e1 cerca de las playas, que est\u00e1n s\u00f3lo al otro lado de la ensenada.     <\/p>\n<p>Cada d\u00eda, la negligencia y los actos il\u00edcitos se cobran la vida de personas en North Miami Beach. Ya sea por un accidente de moto en North Miami Beach, un accidente laboral u otra causa, la muerte de un ser querido es siempre devastadora, tanto personal como econ\u00f3micamente. Sin embargo, cuando esa muerte se debe a la negligencia de alguien, puede ser a\u00fan m\u00e1s aplastante. En estos casos, suele ser aconsejable hablar con un abogado de lesiones personales de North Miami Beach para ver si tienes derecho a presentar una demanda por homicidio culposo en North Miami Beach. Una reclamaci\u00f3n legal puede ayudarte a obtener los recursos econ\u00f3micos que necesitas para ayudar a tu familia, y puede garantizar que los responsables rindan cuentas por la fatalidad.    <\/p>\n<p>Si usted est\u00e1 buscando un abogado de homicidio culposo en North Miami Beach, <a href=\"contacta con nosotros.html\">contacte<\/a> al Grupo Legal Flaxman. El Grupo Legal Flaxman respeta su tiempo y su confidencialidad en todo momento. El Grupo Legal Flaxman trabaja duro para resolver su caso de manera oportuna pero justa.  <\/p>\n<p>Si buscas asesor\u00eda inequ\u00edvoca sobre tu caso, contacta hoy mismo con el Grupo Legal Flaxman. El equipo jur\u00eddico del Grupo Legal Flaxman cuenta con d\u00e9cadas de experiencia ayudando a demandantes por lesiones personales y <a href=\"muerte por negligencia.html\">homicidio culposo<\/a> en Florida del Sur. Miles de v\u00edctimas han recuperado con \u00e9xito indemnizaciones y reclamaciones por sus lesiones con la ayuda del Grupo Legal Flaxman. Esta indemnizaci\u00f3n ha ayudado a las v\u00edctimas a pagar la atenci\u00f3n m\u00e9dica, el asesoramiento, los da\u00f1os a la propiedad, la p\u00e9rdida de ingresos y otros gastos relacionados con sus accidentes. Al buscar justicia, muchas v\u00edctimas tambi\u00e9n han podido hacer cambios importantes que han ayudado a prevenir otros accidentes.    <\/p>\n<p><a href=\"index.html\">El Grupo Legal Flaxman<\/a> puede ayudarle a comprender el posible valor de su demanda y sus probabilidades de \u00e9xito. En muchos casos, las v\u00edctimas no inician un caso de homicidio culposo en North Miami Beach porque no comprenden las leyes que rodean a los accidentes automovil\u00edsticos, accidentes de cami\u00f3n, negligencia m\u00e9dica, y otras causas comunes de demandas por homicidio culposo en North Miami Beach. <\/p>\n<p>Armado con la informaci\u00f3n que obtengas de una consulta gratuita sobre accidentes con el Grupo Legal Flaxman, puedes tomar una decisi\u00f3n informada en tu caso, una decisi\u00f3n basada en asesor\u00eda legal experimentada. No hay cargo por tu consulta y si decides no levantar una demanda legal o trabajar con el Grupo Legal Flaxman, no tienes obligaci\u00f3n de hacerlo. <a href=\"contacta con nosotros.html\">Contacte<\/a> hoy mismo al Grupo Legal Flaxman para programar su consulta gratuita y confidencial. <\/p>\n<\/p><\/div>\n<\/p><\/div>\n","protected":false},"excerpt":{"rendered":"<p>Sin honorarios a menos que ganemos. Llama al 866-352-9626 para una &#8230; <\/p>\n","protected":false},"author":3,"featured_media":0,"parent":0,"menu_order":0,"comment_status":"closed","ping_status":"closed","template":"template-practice-areas.php","meta":{"footnotes":""},"class_list":["post-21938","page","type-page","status-publish","hentry"],"featured_image_src":null,"featured_image_src_square":null,"_links":{"self":[{"href":"https:\/\/flaxmanlaw.com\/es\/wp-json\/wp\/v2\/pages\/21938","targetHints":{"allow":["GET"]}}],"collection":[{"href":"https:\/\/flaxmanlaw.com\/es\/wp-json\/wp\/v2\/pages"}],"about":[{"href":"https:\/\/flaxmanlaw.com\/es\/wp-json\/wp\/v2\/types\/page"}],"author":[{"embeddable":true,"href":"https:\/\/flaxmanlaw.com\/es\/wp-json\/wp\/v2\/users\/3"}],"replies":[{"embeddable":true,"href":"https:\/\/flaxmanlaw.com\/es\/wp-json\/wp\/v2\/comments?post=21938"}],"version-history":[{"count":0,"href":"https:\/\/flaxmanlaw.com\/es\/wp-json\/wp\/v2\/pages\/21938\/revisions"}],"wp:attachment":[{"href":"https:\/\/flaxmanlaw.com\/es\/wp-json\/wp\/v2\/media?parent=21938"}],"curies":[{"name":"wp","href":"https:\/\/api.w.org\/{rel}","templated":true}]}}