{"id":21941,"date":"2024-11-18T12:45:13","date_gmt":"2024-11-18T12:45:13","guid":{"rendered":"https:\/\/flaxmanlaw.wpenginepowered.com\/lesiones-laborales-north-miami-beach-abogados-de-indemnizacion-laboral-del-condado-de-miami-dade\/"},"modified":"2024-11-18T12:45:13","modified_gmt":"2024-11-18T12:45:13","slug":"lesiones-laborales-north-miami-beach-abogados-de-indemnizacion-laboral-del-condado-de-miami-dade","status":"publish","type":"page","link":"https:\/\/flaxmanlaw.com\/es\/lesiones-laborales-north-miami-beach-abogados-de-indemnizacion-laboral-del-condado-de-miami-dade\/","title":{"rendered":"Lesiones Laborales North Miami Beach | Abogados de Indemnizaci\u00f3n Laboral del Condado de Miami-Dade"},"content":{"rendered":"<div class=\"bodytext\">\n<h2>Lesiones laborales en North Miami Beach<\/h1><\/h2>\n<div class=\"description\">\n<p>North Miami Beach, ciudad suburbana de Florida situada en el condado de Miami-Dade, se conoc\u00eda originalmente como Fulford, pero creci\u00f3 r\u00e1pidamente y acab\u00f3 convirti\u00e9ndose en North Miami en 1931. En 2010, North Miami ten\u00eda una poblaci\u00f3n de 41.523 habitantes. La ciudad est\u00e1 situada cerca de playas oce\u00e1nicas y cuenta con algunos espacios verdes cercanos, como el Parque Haulover y la Playa Haulover.  <\/p>\n<p>Como en cualquier ciudad de Florida, en North Miami Beach se producen bastantes lesiones laborales. Estas lesiones van desde heridas leves a accidentes graves y muertes. Si sufres una lesi\u00f3n en el trabajo en North Miami Beach, es importante que informes a tu supervisor y presentes una reclamaci\u00f3n inmediatamente. Sin embargo, aunque creas que la indemnizaci\u00f3n por accidente laboral en North Miami Beach se har\u00e1 cargo de tus gastos m\u00e9dicos y los relacionados con la lesi\u00f3n, tal vez quieras obtener asesoramiento jur\u00eddico sobre tu situaci\u00f3n. Si deseas hablar con un abogado de lesiones personales en North Miami Beach o en tu comunidad, <a href=\"contacta con nosotros.html\">contacta<\/a> al Grupo Legal Flaxman para programar una evaluaci\u00f3n gratuita y sin compromiso de tu caso.    <\/p>\n<p><strong class=\"heading4\">\u00bfQu\u00e9 son los accidentes de trabajo en North Miami Beach?<\/strong><\/p>\n<p>Las lesiones laborales en Florida pueden adoptar muchas formas:<\/p>\n<ul>\n<li>Lesiones en obras de construcci\u00f3n<\/li>\n<li>Lesiones por equipos de trabajo<\/li>\n<li>Enfermedades profesionales<\/li>\n<li>Exposici\u00f3n a toxinas<\/li>\n<li>Accidentes por resbalones y ca\u00eddas<\/li>\n<li>Violencia laboral<\/li>\n<\/ul>\n<p>Cualquier lesi\u00f3n que se produzca en horario de trabajo, afecte a bienes de la empresa u ocurra en el lugar de trabajo o debido a tu trabajo puede estar cubierta por la indemnizaci\u00f3n por accidente laboral y considerarse una lesi\u00f3n relacionada con el trabajo.<\/p>\n<p><strong class=\"heading4\">\u00bfQui\u00e9n es responsable de tu lesi\u00f3n laboral?<\/strong><\/p>\n<p>En el lugar de trabajo de Florida, hay muchas partes potencialmente responsables tras una lesi\u00f3n laboral:<\/p>\n<ul>\n<li>Los fabricantes o vendedores de equipos defectuosos en el lugar de trabajo<\/li>\n<li>El empresario<\/li>\n<li>El propietario de un edificio en el que est\u00e9 situado el lugar de trabajo<\/li>\n<li>Otros empleados (incluidos directivos y supervisores)<\/li>\n<li>Clientes<\/li>\n<li>Automovilistas (en caso de accidente de tr\u00e1fico en el que est\u00e9 implicado un veh\u00edculo del lugar de trabajo)<\/li>\n<li>El dise\u00f1ador del edificio en el que trabajas<\/li>\n<\/ul>\n<p>Si s\u00f3lo tu empresario es responsable de tus lesiones por negligencia, es posible que s\u00f3lo puedas solicitar prestaciones de indemnizaci\u00f3n por accidente laboral en North Miami Beach o en tu comunidad. En este caso, es posible que no puedas presentar una demanda contra tu empresario por negligencia o imprudencia. Si tu lesi\u00f3n fue causada -incluso en parte- por un tercero, es posible que puedas presentar una demanda. Es beneficioso hablar con un abogado de lesiones personales en North Miami Beach o en tu comunidad para asegurarte de que obtienes la cantidad de reclamaci\u00f3n m\u00e1s justa posible. Un abogado puede revisar tu lesi\u00f3n y ayudarte a determinar tus opciones legales.    <\/p>\n<p><strong class=\"heading4\">Las partes responsables y tu lesi\u00f3n laboral<\/strong><\/p>\n<p>En muchos casos, hay varias partes responsables en una lesi\u00f3n laboral. Por ejemplo, si te lesionas con un equipo o si sufres un accidente de tr\u00e1fico en tu lugar de trabajo en North Miami Beach, es posible que haya otras partes responsables. En esta situaci\u00f3n, puedes presentar una demanda judicial para obtener la indemnizaci\u00f3n m\u00e1s justa posible. Una indemnizaci\u00f3n justa puede ayudarte a pagar los gastos m\u00e9dicos, los salarios perdidos y otros gastos, que pueden ser considerables tras una lesi\u00f3n grave. Para saber m\u00e1s, consulta a un abogado de lesiones personales en North Miami Beach o en tu comunidad.    <\/p>\n<p>\u00bfEst\u00e1 usted buscando un abogado de lesiones laborales en su comunidad o en cualquier parte de Florida del Sur? Contacte hoy mismo al <a href=\"sobre nosotros.html\">Grupo Legal<\/a> Flaxman. El Grupo Legal Flaxman es una firma de servicios integrales dedicada a tratar a cada cliente con el respeto y consideraci\u00f3n que se merece. El Grupo Legal Flaxman se complace en ofrecer una evaluaci\u00f3n gratuita de su caso a todos los clientes nuevos. Si usted ha sufrido lesiones, su consulta inicial no cuesta nada y no conlleva ninguna obligaci\u00f3n. Es una manera de obtener una evaluaci\u00f3n gratuita y asesor\u00eda legal gratuita para que sepas qu\u00e9 pasos dar para asegurar tu futuro y el de tu familia.     <\/p>\n<\/p><\/div>\n<\/p><\/div>\n","protected":false},"excerpt":{"rendered":"<p>Sin honorarios a menos que ganemos. Llama al 866-352-9626 para una &#8230; <\/p>\n","protected":false},"author":3,"featured_media":0,"parent":0,"menu_order":0,"comment_status":"closed","ping_status":"closed","template":"template-practice-areas.php","meta":{"footnotes":""},"class_list":["post-21941","page","type-page","status-publish","hentry"],"featured_image_src":null,"featured_image_src_square":null,"_links":{"self":[{"href":"https:\/\/flaxmanlaw.com\/es\/wp-json\/wp\/v2\/pages\/21941","targetHints":{"allow":["GET"]}}],"collection":[{"href":"https:\/\/flaxmanlaw.com\/es\/wp-json\/wp\/v2\/pages"}],"about":[{"href":"https:\/\/flaxmanlaw.com\/es\/wp-json\/wp\/v2\/types\/page"}],"author":[{"embeddable":true,"href":"https:\/\/flaxmanlaw.com\/es\/wp-json\/wp\/v2\/users\/3"}],"replies":[{"embeddable":true,"href":"https:\/\/flaxmanlaw.com\/es\/wp-json\/wp\/v2\/comments?post=21941"}],"version-history":[{"count":0,"href":"https:\/\/flaxmanlaw.com\/es\/wp-json\/wp\/v2\/pages\/21941\/revisions"}],"wp:attachment":[{"href":"https:\/\/flaxmanlaw.com\/es\/wp-json\/wp\/v2\/media?parent=21941"}],"curies":[{"name":"wp","href":"https:\/\/api.w.org\/{rel}","templated":true}]}}